{"id":71236,"date":"2026-02-09T13:58:22","date_gmt":"2026-02-09T13:58:22","guid":{"rendered":"https:\/\/helloingles.agency\/?page_id=71236"},"modified":"2026-02-09T13:58:22","modified_gmt":"2026-02-09T13:58:22","slug":"acampamento-de-verao-para-adolescentes","status":"publish","type":"page","link":"https:\/\/helloingles.agency\/pt\/campamento-de-verano-para-adolescentes\/","title":{"rendered":"Acampamento de ver\u00e3o para adolescentes"},"content":{"rendered":"<div class=\"wpb-content-wrapper\"><div class=\"vc_row wpb_row vc_row-fluid\"><div class=\"wpb_column vc_column_container vc_col-sm-12\"><div class=\"vc_column-inner\"><div class=\"wpb_wrapper\">\n\t<div class=\"wpb_text_column wpb_content_element\" >\n\t\t<div class=\"wpb_wrapper\">\n\t\t\t<h1 style=\"text-align: justify;\">Acampamento de ver\u00e3o para adolescentes<\/h1>\n<blockquote>\n<p style=\"text-align: justify;\">Um acampamento de ver\u00e3o para adolescentes \u00e9 a maneira mais divertida e natural de aprender ingl\u00eas e, ao mesmo tempo, ter uma experi\u00eancia internacional.<\/p>\n<\/blockquote>\n<p style=\"text-align: justify;\">O acampamento de ver\u00e3o para adolescentes \u00e9 um programa criado para jovens que desejam aprender ingl\u00eas durante as f\u00e9rias, combinando aulas adequadas \u00e0 idade com atividades recreativas e culturais em um ambiente internacional.<\/p>\n<p style=\"text-align: justify;\">Diferentemente de um curso tradicional, este programa coloca o foco na experi\u00eancia. O idioma \u00e9 aprendido de forma pr\u00e1tica e natural, pois os alunos usam o ingl\u00eas constantemente para se comunicar, fazer amigos e participar de atividades em grupo.<\/p>\n<h2 style=\"text-align: justify;\">Como funciona um acampamento de ver\u00e3o para adolescentes<\/h2>\n<p style=\"text-align: justify;\">O programa geralmente inclui aulas de ingl\u00eas pela manh\u00e3 e atividades organizadas \u00e0 tarde, como esportes, excurs\u00f5es, oficinas criativas e eventos sociais. Tudo \u00e9 planejado para que os adolescentes pratiquem ingl\u00eas em um ambiente seguro, supervisionado e estimulante.<\/p>\n<h3 style=\"text-align: justify;\">Por que escolher um acampamento de ver\u00e3o para adolescentes?<\/h3>\n<p style=\"text-align: justify;\">Al\u00e9m de aprimorar as habilidades no idioma ingl\u00eas, o acampamento de ver\u00e3o incentiva a independ\u00eancia, a confian\u00e7a e as habilidades sociais. \u00c9 uma experi\u00eancia ideal para que os jovens aprendam sobre novas culturas, fa\u00e7am amizades internacionais e vivenciem o idioma de uma forma divertida e memor\u00e1vel.<\/p>\n<blockquote>\n<p style=\"text-align: justify;\">Um acampamento de ver\u00e3o para adolescentes combina aprendizado, divers\u00e3o e crescimento pessoal em uma experi\u00eancia que deixa uma impress\u00e3o duradoura.<\/p>\n<\/blockquote>\n\n\t\t<\/div>\n\t<\/div>\n<section class=\"vc_cta3-container\"><div class=\"vc_general vc_do_cta3 vc_cta3 vc_cta3-style-custom vc_cta3-shape-rounded vc_cta3-align-left vc_cta3-icon-size-md vc_cta3-actions-right  wpb_animate_when_almost_visible wpb_bounceIn bounceIn\" style=\"background-color:#012169;\"><div class=\"vc_cta3_content-container\"><div class=\"vc_cta3-content\"><header class=\"vc_cta3-content-header\"><h2 style=\"color:#FFFFFF;\">Pronto para tomar a decis\u00e3o mais importante de sua vida?<\/h2><h4 style=\"color:#FFFFFF;\">Mergulhe de cabe\u00e7a e viva uma experi\u00eancia que mudar\u00e1 voc\u00ea.<\/h4><\/header><\/div><div class=\"vc_cta3-actions\"><div class=\"vc_btn3-container vc_btn3-center vc_do_btn\" ><a class=\"vc_general vc_btn3 vc_btn3-size-md vc_btn3-shape-rounded vc_btn3-style-modern vc_btn3-block vc_btn3-color-juicy-pink\" href=\"https:\/\/helloingles.agency\/pt\/#contact\" title=\"\">Comece agora<\/a><\/div><\/div><\/div><\/div><\/section><\/div><\/div><\/div><\/div>\n<\/div>","protected":false},"excerpt":{"rendered":"<p>Acampamento de ver\u00e3o para adolescentes aprenderem ingl\u00eas durante as f\u00e9rias, com aulas, atividades e uma experi\u00eancia internacional completa.<\/p>","protected":false},"author":1,"featured_media":71237,"parent":0,"menu_order":0,"comment_status":"closed","ping_status":"closed","template":"","meta":{"_seopress_robots_primary_cat":"","_seopress_titles_title":"%%sitetitle%% %%sep%% %%post_title%%","_seopress_titles_desc":"Campamento de verano para adolescentes para aprender ingl\u00e9s con clases, actividades y una experiencia internacional segura y divertida.","_seopress_robots_index":"","footnotes":""},"categories":[108],"tags":[],"class_list":["post-71236","page","type-page","status-publish","has-post-thumbnail","hentry","category-programas"],"_links":{"self":[{"href":"https:\/\/helloingles.agency\/pt\/wp-json\/wp\/v2\/pages\/71236","targetHints":{"allow":["GET"]}}],"collection":[{"href":"https:\/\/helloingles.agency\/pt\/wp-json\/wp\/v2\/pages"}],"about":[{"href":"https:\/\/helloingles.agency\/pt\/wp-json\/wp\/v2\/types\/page"}],"author":[{"embeddable":true,"href":"https:\/\/helloingles.agency\/pt\/wp-json\/wp\/v2\/users\/1"}],"replies":[{"embeddable":true,"href":"https:\/\/helloingles.agency\/pt\/wp-json\/wp\/v2\/comments?post=71236"}],"version-history":[{"count":1,"href":"https:\/\/helloingles.agency\/pt\/wp-json\/wp\/v2\/pages\/71236\/revisions"}],"predecessor-version":[{"id":71238,"href":"https:\/\/helloingles.agency\/pt\/wp-json\/wp\/v2\/pages\/71236\/revisions\/71238"}],"wp:featuredmedia":[{"embeddable":true,"href":"https:\/\/helloingles.agency\/pt\/wp-json\/wp\/v2\/media\/71237"}],"wp:attachment":[{"href":"https:\/\/helloingles.agency\/pt\/wp-json\/wp\/v2\/media?parent=71236"}],"wp:term":[{"taxonomy":"category","embeddable":true,"href":"https:\/\/helloingles.agency\/pt\/wp-json\/wp\/v2\/categories?post=71236"},{"taxonomy":"post_tag","embeddable":true,"href":"https:\/\/helloingles.agency\/pt\/wp-json\/wp\/v2\/tags?post=71236"}],"curies":[{"name":"wp","href":"https:\/\/api.w.org\/{rel}","templated":true}]}}