{"id":71233,"date":"2026-02-09T13:54:16","date_gmt":"2026-02-09T13:54:16","guid":{"rendered":"https:\/\/helloingles.agency\/?page_id=71233"},"modified":"2026-02-09T13:54:16","modified_gmt":"2026-02-09T13:54:16","slug":"estudar-e-trabalhar-em-ingles-no-exterior","status":"publish","type":"page","link":"https:\/\/helloingles.agency\/pt\/estudiar-y-trabajar-ingles-en-el-exterior\/","title":{"rendered":"Estudar e trabalhar em ingl\u00eas no exterior"},"content":{"rendered":"<div class=\"wpb-content-wrapper\"><div class=\"vc_row wpb_row vc_row-fluid\"><div class=\"wpb_column vc_column_container vc_col-sm-12\"><div class=\"vc_column-inner\"><div class=\"wpb_wrapper\">\n\t<div class=\"wpb_text_column wpb_content_element\" >\n\t\t<div class=\"wpb_wrapper\">\n\t\t\t<h1 style=\"text-align: justify;\">Estudar e trabalhar em ingl\u00eas no exterior<\/h1>\n<blockquote>\n<p style=\"text-align: justify;\">Estudar e trabalhar no exterior \u00e9 a op\u00e7\u00e3o mais completa para adultos: aprendizado, independ\u00eancia e experi\u00eancia real.<\/p>\n<\/blockquote>\n<p style=\"text-align: justify;\">Para muitos adultos, o objetivo n\u00e3o \u00e9 apenas aprender ingl\u00eas, mas viver uma experi\u00eancia longa que inclua estudo e trabalho. Esse tipo de programa permite que eles sustentem sua estadia, integrem-se mais rapidamente e pratiquem o idioma em situa\u00e7\u00f5es reais do dia a dia.<\/p>\n<p style=\"text-align: justify;\">\u00c9 importante entender que nem todos os destinos permitem que voc\u00ea trabalhe enquanto estuda, e que as condi\u00e7\u00f5es dependem da nacionalidade, do visto, da carga hor\u00e1ria do curso e do tipo de institui\u00e7\u00e3o. Portanto, a escolha do destino e do programa deve ser feita com cuidado.<\/p>\n<h2 style=\"text-align: justify;\">Melhores destinos para estudar e trabalhar<\/h2>\n<p style=\"text-align: justify;\">Os destinos mais predominantes para adultos que buscam estudar e trabalhar tendem a ser aqueles com programas de longo prazo e estruturas de migra\u00e7\u00e3o que permitem o trabalho com uma permiss\u00e3o de estudante sob certas condi\u00e7\u00f5es. Nesses casos, a experi\u00eancia se torna mais sustent\u00e1vel e pr\u00e1tica, especialmente para estadias de v\u00e1rios meses.<\/p>\n<h3 style=\"text-align: justify;\">Principais requisitos para um programa de longo prazo<\/h3>\n<p style=\"text-align: justify;\">Para que um programa de estudo e trabalho funcione bem, \u00e9 aconselh\u00e1vel priorizar cursos com uma estrutura clara, um cronograma adequado, uma cidade com oportunidades e um plano or\u00e7ament\u00e1rio realista. Tamb\u00e9m \u00e9 fundamental ter uma acomoda\u00e7\u00e3o bem localizada e um suporte para orient\u00e1-lo com rela\u00e7\u00e3o \u00e0 documenta\u00e7\u00e3o, aos hor\u00e1rios e \u00e0 adapta\u00e7\u00e3o ao destino.<\/p>\n<blockquote>\n<p style=\"text-align: justify;\">A combina\u00e7\u00e3o certa de destino, curso e plano de estudos transforma o estudo e o trabalho em uma experi\u00eancia que muda seu futuro.<\/p>\n<\/blockquote>\n\n\t\t<\/div>\n\t<\/div>\n<section class=\"vc_cta3-container\"><div class=\"vc_general vc_do_cta3 vc_cta3 vc_cta3-style-custom vc_cta3-shape-rounded vc_cta3-align-left vc_cta3-icon-size-md vc_cta3-actions-right  wpb_animate_when_almost_visible wpb_bounceIn bounceIn\" style=\"background-color:#012169;\"><div class=\"vc_cta3_content-container\"><div class=\"vc_cta3-content\"><header class=\"vc_cta3-content-header\"><h2 style=\"color:#FFFFFF;\">Pronto para tomar a decis\u00e3o mais importante de sua vida?<\/h2><h4 style=\"color:#FFFFFF;\">Mergulhe de cabe\u00e7a e viva uma experi\u00eancia que mudar\u00e1 voc\u00ea.<\/h4><\/header><\/div><div class=\"vc_cta3-actions\"><div class=\"vc_btn3-container vc_btn3-center vc_do_btn\" ><a class=\"vc_general vc_btn3 vc_btn3-size-md vc_btn3-shape-rounded vc_btn3-style-modern vc_btn3-block vc_btn3-color-juicy-pink\" href=\"https:\/\/helloingles.agency\/pt\/#contact\" title=\"\">Comece agora<\/a><\/div><\/div><\/div><\/div><\/section><\/div><\/div><\/div><\/div>\n<\/div>","protected":false},"excerpt":{"rendered":"<p>Programas de longo prazo para adultos em que estudar ingl\u00eas e trabalhar podem fazer parte de uma experi\u00eancia internacional completa.<\/p>","protected":false},"author":1,"featured_media":71234,"parent":0,"menu_order":0,"comment_status":"closed","ping_status":"closed","template":"","meta":{"_seopress_robots_primary_cat":"","_seopress_titles_title":"%%sitetitle%% %%sep%% %%post_title%%","_seopress_titles_desc":"Estudiar y trabajar ingl\u00e9s en el exterior: programas de larga duraci\u00f3n para adultos, requisitos clave y destinos con mayor preponderancia.","_seopress_robots_index":"","footnotes":""},"categories":[108],"tags":[],"class_list":["post-71233","page","type-page","status-publish","has-post-thumbnail","hentry","category-programas"],"_links":{"self":[{"href":"https:\/\/helloingles.agency\/pt\/wp-json\/wp\/v2\/pages\/71233","targetHints":{"allow":["GET"]}}],"collection":[{"href":"https:\/\/helloingles.agency\/pt\/wp-json\/wp\/v2\/pages"}],"about":[{"href":"https:\/\/helloingles.agency\/pt\/wp-json\/wp\/v2\/types\/page"}],"author":[{"embeddable":true,"href":"https:\/\/helloingles.agency\/pt\/wp-json\/wp\/v2\/users\/1"}],"replies":[{"embeddable":true,"href":"https:\/\/helloingles.agency\/pt\/wp-json\/wp\/v2\/comments?post=71233"}],"version-history":[{"count":1,"href":"https:\/\/helloingles.agency\/pt\/wp-json\/wp\/v2\/pages\/71233\/revisions"}],"predecessor-version":[{"id":71235,"href":"https:\/\/helloingles.agency\/pt\/wp-json\/wp\/v2\/pages\/71233\/revisions\/71235"}],"wp:featuredmedia":[{"embeddable":true,"href":"https:\/\/helloingles.agency\/pt\/wp-json\/wp\/v2\/media\/71234"}],"wp:attachment":[{"href":"https:\/\/helloingles.agency\/pt\/wp-json\/wp\/v2\/media?parent=71233"}],"wp:term":[{"taxonomy":"category","embeddable":true,"href":"https:\/\/helloingles.agency\/pt\/wp-json\/wp\/v2\/categories?post=71233"},{"taxonomy":"post_tag","embeddable":true,"href":"https:\/\/helloingles.agency\/pt\/wp-json\/wp\/v2\/tags?post=71233"}],"curies":[{"name":"wp","href":"https:\/\/api.w.org\/{rel}","templated":true}]}}