{"id":71227,"date":"2026-02-09T13:48:31","date_gmt":"2026-02-09T13:48:31","guid":{"rendered":"https:\/\/helloingles.agency\/?page_id=71227"},"modified":"2026-02-09T13:48:31","modified_gmt":"2026-02-09T13:48:31","slug":"ingles-para-profissionais","status":"publish","type":"page","link":"https:\/\/helloingles.agency\/pt\/ingles-para-profesionales\/","title":{"rendered":"Ingl\u00eas para profissionais"},"content":{"rendered":"<div class=\"wpb-content-wrapper\"><div class=\"vc_row wpb_row vc_row-fluid\"><div class=\"wpb_column vc_column_container vc_col-sm-12\"><div class=\"vc_column-inner\"><div class=\"wpb_wrapper\">\n\t<div class=\"wpb_text_column wpb_content_element\" >\n\t\t<div class=\"wpb_wrapper\">\n\t\t\t<h1 style=\"text-align: justify;\">Ingl\u00eas para profissionais<\/h1>\n<blockquote>\n<p style=\"text-align: justify;\">Aprimore seu ingl\u00eas para o trabalho com cursos focados em comunica\u00e7\u00e3o profissional, entrevistas e ambientes internacionais.<\/p>\n<\/blockquote>\n<p style=\"text-align: justify;\">Os cursos de ingl\u00eas para profissionais s\u00e3o voltados para aqueles que precisam usar o idioma em contextos de trabalho. Eles trabalham a comunica\u00e7\u00e3o eficaz, a clareza da fala, o vocabul\u00e1rio t\u00e9cnico e a confian\u00e7a em reuni\u00f5es e apresenta\u00e7\u00f5es.<\/p>\n<p style=\"text-align: justify;\">Esse tipo de programa \u00e9 ideal para alunos de n\u00edvel intermedi\u00e1rio a avan\u00e7ado que desejam aperfei\u00e7oar seu ingl\u00eas e torn\u00e1-lo mais \u00fatil no mundo real: e-mails, liga\u00e7\u00f5es, negocia\u00e7\u00f5es, networking e situa\u00e7\u00f5es cotidianas de trabalho.<\/p>\n<h2 style=\"text-align: justify;\">Objetivos comuns do ingl\u00eas profissional<\/h2>\n<p style=\"text-align: justify;\">Muitos alunos est\u00e3o procurando melhorar para entrevistas, promo\u00e7\u00f5es, mudan\u00e7a de pa\u00eds ou empregos remotos. Portanto, a abordagem geralmente \u00e9 muito pr\u00e1tica: dramatiza\u00e7\u00f5es, reuni\u00f5es simuladas, apresenta\u00e7\u00f5es e corre\u00e7\u00e3o personalizada para melhorar a precis\u00e3o e a flu\u00eancia.<\/p>\n<h3 style=\"text-align: justify;\">Cidades recomendadas para perfis profissionais<\/h3>\n<p style=\"text-align: justify;\">Os perfis profissionais tendem a ter melhor desempenho em cidades internacionais, com ambientes de neg\u00f3cios e multiculturalismo. Esse contexto facilita a pr\u00e1tica do ingl\u00eas e o networking, o que agrega valor real \u00e0 experi\u00eancia.<\/p>\n<blockquote>\n<p style=\"text-align: justify;\">Se seu objetivo for um emprego, o ingl\u00eas profissional transforma a maneira como voc\u00ea se comunica e abre portas reais.<\/p>\n<\/blockquote>\n\n\t\t<\/div>\n\t<\/div>\n<section class=\"vc_cta3-container\"><div class=\"vc_general vc_do_cta3 vc_cta3 vc_cta3-style-custom vc_cta3-shape-rounded vc_cta3-align-left vc_cta3-icon-size-md vc_cta3-actions-right  wpb_animate_when_almost_visible wpb_bounceIn bounceIn\" style=\"background-color:#012169;\"><div class=\"vc_cta3_content-container\"><div class=\"vc_cta3-content\"><header class=\"vc_cta3-content-header\"><h2 style=\"color:#FFFFFF;\">Pronto para tomar a decis\u00e3o mais importante de sua vida?<\/h2><h4 style=\"color:#FFFFFF;\">Mergulhe de cabe\u00e7a e viva uma experi\u00eancia que mudar\u00e1 voc\u00ea.<\/h4><\/header><\/div><div class=\"vc_cta3-actions\"><div class=\"vc_btn3-container vc_btn3-center vc_do_btn\" ><a class=\"vc_general vc_btn3 vc_btn3-size-md vc_btn3-shape-rounded vc_btn3-style-modern vc_btn3-block vc_btn3-color-juicy-pink\" href=\"https:\/\/helloingles.agency\/pt\/#contact\" title=\"\">Comece agora<\/a><\/div><\/div><\/div><\/div><\/section><\/div><\/div><\/div><\/div>\n<\/div>","protected":false},"excerpt":{"rendered":"<p>Cursos de ingl\u00eas profissional para aprimorar a comunica\u00e7\u00e3o no local de trabalho, a realiza\u00e7\u00e3o de entrevistas e a confian\u00e7a em ambientes internacionais.<\/p>","protected":false},"author":1,"featured_media":71228,"parent":0,"menu_order":0,"comment_status":"closed","ping_status":"closed","template":"","meta":{"_seopress_robots_primary_cat":"","_seopress_titles_title":"%%sitetitle%% %%sep%% %%post_title%%","_seopress_titles_desc":"Ingl\u00e9s para profesionales con enfoque pr\u00e1ctico: entrevistas, reuniones, presentaciones y comunicaci\u00f3n laboral en entornos internacionales.","_seopress_robots_index":"","footnotes":""},"categories":[108],"tags":[],"class_list":["post-71227","page","type-page","status-publish","has-post-thumbnail","hentry","category-programas"],"_links":{"self":[{"href":"https:\/\/helloingles.agency\/pt\/wp-json\/wp\/v2\/pages\/71227","targetHints":{"allow":["GET"]}}],"collection":[{"href":"https:\/\/helloingles.agency\/pt\/wp-json\/wp\/v2\/pages"}],"about":[{"href":"https:\/\/helloingles.agency\/pt\/wp-json\/wp\/v2\/types\/page"}],"author":[{"embeddable":true,"href":"https:\/\/helloingles.agency\/pt\/wp-json\/wp\/v2\/users\/1"}],"replies":[{"embeddable":true,"href":"https:\/\/helloingles.agency\/pt\/wp-json\/wp\/v2\/comments?post=71227"}],"version-history":[{"count":1,"href":"https:\/\/helloingles.agency\/pt\/wp-json\/wp\/v2\/pages\/71227\/revisions"}],"predecessor-version":[{"id":71229,"href":"https:\/\/helloingles.agency\/pt\/wp-json\/wp\/v2\/pages\/71227\/revisions\/71229"}],"wp:featuredmedia":[{"embeddable":true,"href":"https:\/\/helloingles.agency\/pt\/wp-json\/wp\/v2\/media\/71228"}],"wp:attachment":[{"href":"https:\/\/helloingles.agency\/pt\/wp-json\/wp\/v2\/media?parent=71227"}],"wp:term":[{"taxonomy":"category","embeddable":true,"href":"https:\/\/helloingles.agency\/pt\/wp-json\/wp\/v2\/categories?post=71227"},{"taxonomy":"post_tag","embeddable":true,"href":"https:\/\/helloingles.agency\/pt\/wp-json\/wp\/v2\/tags?post=71227"}],"curies":[{"name":"wp","href":"https:\/\/api.w.org\/{rel}","templated":true}]}}