{"id":71224,"date":"2026-02-09T13:44:41","date_gmt":"2026-02-09T13:44:41","guid":{"rendered":"https:\/\/helloingles.agency\/?page_id=71224"},"modified":"2026-02-09T13:44:41","modified_gmt":"2026-02-09T13:44:41","slug":"ingles-para-adolescentes-e-jovens-adultos","status":"publish","type":"page","link":"https:\/\/helloingles.agency\/pt\/ingles-para-jovenes-y-teenagers\/","title":{"rendered":"Ingl\u00eas para jovens e adolescentes"},"content":{"rendered":"<div class=\"wpb-content-wrapper\"><div class=\"vc_row wpb_row vc_row-fluid\"><div class=\"wpb_column vc_column_container vc_col-sm-12\"><div class=\"vc_column-inner\"><div class=\"wpb_wrapper\">\n\t<div class=\"wpb_text_column wpb_content_element\" >\n\t\t<div class=\"wpb_wrapper\">\n\t\t\t<h1 style=\"text-align: justify;\">Ingl\u00eas para jovens e adolescentes<\/h1>\n<blockquote>\n<p style=\"text-align: justify;\">Programas de ingl\u00eas para jovens aprendizes com aprendizado real, atividades e um ambiente seguro para uma experi\u00eancia internacional.<\/p>\n<\/blockquote>\n<p style=\"text-align: justify;\">Esses programas s\u00e3o projetados para alunos que desejam aprender ingl\u00eas e, ao mesmo tempo, ter uma experi\u00eancia cultural completa e geralmente incluem aulas adaptadas \u00e0 idade e ao n\u00edvel, com atividades organizadas que ajudam os alunos a praticar o idioma de forma natural.<\/p>\n<p style=\"text-align: justify;\">Al\u00e9m do aprendizado, esses cursos se concentram na experi\u00eancia: vida internacional, independ\u00eancia, novas amizades e confian\u00e7a pessoal. Tudo dentro de uma estrutura estruturada, projetada para tornar a experi\u00eancia segura e bem acompanhada.<\/p>\n<h2 style=\"text-align: justify;\">Como \u00e9 a experi\u00eancia para os adolescentes?<\/h2>\n<p style=\"text-align: justify;\">O equil\u00edbrio entre aulas e atividades \u00e9 fundamental. O aluno pratica o ingl\u00eas em sala de aula e depois o utiliza em atividades sociais, excurs\u00f5es, esportes e experi\u00eancias culturais. Isso acelera o aprendizado porque o idioma deixa de ser uma mat\u00e9ria e se torna uma ferramenta cotidiana.<\/p>\n<h3 style=\"text-align: justify;\">Principais destinos para programas para jovens<\/h3>\n<p style=\"text-align: justify;\">Os melhores destinos para os jovens tendem a ser aqueles com experi\u00eancia em programas internacionais, boa infraestrutura e op\u00e7\u00f5es de acomoda\u00e7\u00e3o supervisionadas. Em geral, ambientes litor\u00e2neos e cidades de m\u00e9dio porte com muita vida estudantil tendem a funcionar muito bem para esse perfil.<\/p>\n<blockquote>\n<p style=\"text-align: justify;\">Para os jovens, aprender ingl\u00eas significa viv\u00ea-lo: aulas, amigos, atividades e uma experi\u00eancia inesquec\u00edvel.<\/p>\n<\/blockquote>\n\n\t\t<\/div>\n\t<\/div>\n<section class=\"vc_cta3-container\"><div class=\"vc_general vc_do_cta3 vc_cta3 vc_cta3-style-custom vc_cta3-shape-rounded vc_cta3-align-left vc_cta3-icon-size-md vc_cta3-actions-right  wpb_animate_when_almost_visible wpb_bounceIn bounceIn\" style=\"background-color:#012169;\"><div class=\"vc_cta3_content-container\"><div class=\"vc_cta3-content\"><header class=\"vc_cta3-content-header\"><h2 style=\"color:#FFFFFF;\">Pronto para tomar a decis\u00e3o mais importante de sua vida?<\/h2><h4 style=\"color:#FFFFFF;\">Mergulhe de cabe\u00e7a e viva uma experi\u00eancia que mudar\u00e1 voc\u00ea.<\/h4><\/header><\/div><div class=\"vc_cta3-actions\"><div class=\"vc_btn3-container vc_btn3-center vc_do_btn\" ><a class=\"vc_general vc_btn3 vc_btn3-size-md vc_btn3-shape-rounded vc_btn3-style-modern vc_btn3-block vc_btn3-color-juicy-pink\" href=\"https:\/\/helloingles.agency\/pt\/#contact\" title=\"\">Comece agora<\/a><\/div><\/div><\/div><\/div><\/section><\/div><\/div><\/div><\/div>\n<\/div>","protected":false},"excerpt":{"rendered":"<p>Programas de ingl\u00eas para jovens aprendizes com aulas e atividades para praticar o idioma em uma experi\u00eancia internacional completa.<\/p>","protected":false},"author":1,"featured_media":71225,"parent":0,"menu_order":0,"comment_status":"closed","ping_status":"closed","template":"","meta":{"_seopress_robots_primary_cat":"","_seopress_titles_title":"%%sitetitle%% %%sep%% %%post_title%%","_seopress_titles_desc":"Ingl\u00e9s para j\u00f3venes y teenagers con clases por nivel, actividades organizadas y una experiencia internacional segura y completa.","_seopress_robots_index":"","footnotes":""},"categories":[108],"tags":[],"class_list":["post-71224","page","type-page","status-publish","has-post-thumbnail","hentry","category-programas"],"_links":{"self":[{"href":"https:\/\/helloingles.agency\/pt\/wp-json\/wp\/v2\/pages\/71224","targetHints":{"allow":["GET"]}}],"collection":[{"href":"https:\/\/helloingles.agency\/pt\/wp-json\/wp\/v2\/pages"}],"about":[{"href":"https:\/\/helloingles.agency\/pt\/wp-json\/wp\/v2\/types\/page"}],"author":[{"embeddable":true,"href":"https:\/\/helloingles.agency\/pt\/wp-json\/wp\/v2\/users\/1"}],"replies":[{"embeddable":true,"href":"https:\/\/helloingles.agency\/pt\/wp-json\/wp\/v2\/comments?post=71224"}],"version-history":[{"count":1,"href":"https:\/\/helloingles.agency\/pt\/wp-json\/wp\/v2\/pages\/71224\/revisions"}],"predecessor-version":[{"id":71226,"href":"https:\/\/helloingles.agency\/pt\/wp-json\/wp\/v2\/pages\/71224\/revisions\/71226"}],"wp:featuredmedia":[{"embeddable":true,"href":"https:\/\/helloingles.agency\/pt\/wp-json\/wp\/v2\/media\/71225"}],"wp:attachment":[{"href":"https:\/\/helloingles.agency\/pt\/wp-json\/wp\/v2\/media?parent=71224"}],"wp:term":[{"taxonomy":"category","embeddable":true,"href":"https:\/\/helloingles.agency\/pt\/wp-json\/wp\/v2\/categories?post=71224"},{"taxonomy":"post_tag","embeddable":true,"href":"https:\/\/helloingles.agency\/pt\/wp-json\/wp\/v2\/tags?post=71224"}],"curies":[{"name":"wp","href":"https:\/\/api.w.org\/{rel}","templated":true}]}}