{"id":71204,"date":"2026-02-09T12:55:11","date_gmt":"2026-02-09T12:55:11","guid":{"rendered":"https:\/\/helloingles.agency\/?page_id=71204"},"modified":"2026-02-09T14:00:03","modified_gmt":"2026-02-09T14:00:03","slug":"programas-de-lingua-inglesa-no-exterior","status":"publish","type":"page","link":"https:\/\/helloingles.agency\/pt\/programas-de-ingles-en-el-exterior\/","title":{"rendered":"Programas de ingl\u00eas no exterior"},"content":{"rendered":"<div class=\"wpb-content-wrapper\"><div class=\"vc_row wpb_row vc_row-fluid\"><div class=\"wpb_column vc_column_container vc_col-sm-12\"><div class=\"vc_column-inner\"><div class=\"wpb_wrapper\">\n\t<div class=\"wpb_text_column wpb_content_element\" >\n\t\t<div class=\"wpb_wrapper\">\n\t\t\t<h1 style=\"text-align: justify;\">Programas de ingl\u00eas no exterior<\/h1>\n<blockquote>\n<p style=\"text-align: justify;\">Escolher o programa certo \u00e9 o primeiro passo para uma experi\u00eancia internacional que realmente aprimorar\u00e1 seu ingl\u00eas.<\/p>\n<\/blockquote>\n<p style=\"text-align: justify;\">Na Hello Ingles, reunimos diferentes programas de aprendizagem projetados para objetivos reais: melhorar seu n\u00edvel, ganhar flu\u00eancia, prepar\u00e1-lo para o trabalho, viver uma experi\u00eancia cultural ou at\u00e9 mesmo planejar uma estadia de longo prazo.<\/p>\n<p style=\"text-align: justify;\">N\u00e3o se trata apenas de estudar, mas de escolher o formato que melhor se adapta ao seu perfil, ao seu tempo e ao seu ritmo de vida.<\/p>\n<p style=\"text-align: justify;\">\u00c9 por isso que oferecemos op\u00e7\u00f5es para todos: cursos de ingl\u00eas geral para progredir de forma constante, programas intensivos para acelerar os resultados, experi\u00eancias desenvolvidas para adultos, programas para jovens e adolescentes com uma abordagem experimental, cursos voltados para profissionais e alternativas como o High School para aqueles que buscam uma imers\u00e3o total no ambiente escolar.<\/p>\n<h2 style=\"text-align: justify;\">Encontre o programa de ingl\u00eas certo para seu objetivo<\/h2>\n<p style=\"text-align: justify;\">Cada programa tem uma estrutura diferente e uma experi\u00eancia diferente. Alguns se concentram na comunica\u00e7\u00e3o di\u00e1ria, outros no progresso r\u00e1pido, outros no ingl\u00eas para trabalho. E se seu objetivo for viver uma experi\u00eancia prolongada, h\u00e1 tamb\u00e9m programas espec\u00edficos para adultos em que estudo e trabalho podem fazer parte do plano, dependendo das condi\u00e7\u00f5es e exig\u00eancias do destino.<\/p>\n<h3 style=\"text-align: justify;\" data-pm-slice=\"0 0 &#091;&#093;\">Uma experi\u00eancia clara, organizada e acompanhada de estudos de ingl\u00eas no exterior<\/h3>\n<p style=\"text-align: justify;\">Nossa abordagem \u00e9 simples: ajudar voc\u00ea a fazer a escolha certa. N\u00f3s o orientamos a tomar decis\u00f5es confiantes, com informa\u00e7\u00f5es claras sobre o tipo de curso, a dura\u00e7\u00e3o recomendada e o estilo de experi\u00eancia que voc\u00ea ter\u00e1. Dessa forma, seu programa n\u00e3o \u00e9 apenas adaptado ao seu n\u00edvel, mas tamb\u00e9m \u00e0s suas metas.<\/p>\n<blockquote>\n<p style=\"text-align: justify;\">Explore nossos programas e escolha o que melhor se adapta \u00e0 sua vida, ao seu objetivo e \u00e0 sua maneira de aprender.<\/p>\n<\/blockquote>\n\n\t\t<\/div>\n\t<\/div>\n\n<div class=\"vc_grid-container-wrapper vc_clearfix vc_grid-animation-fadeIn\">\n\t<div class=\"vc_grid-container vc_clearfix wpb_content_element vc_basic_grid\" data-initial-loading-animation=\"fadeIn\" data-vc-grid-settings=\"{&quot;page_id&quot;:71204,&quot;style&quot;:&quot;all&quot;,&quot;action&quot;:&quot;vc_get_vc_grid_data&quot;,&quot;shortcode_id&quot;:&quot;1770645593329-a6f47d49-2b57-1&quot;,&quot;tag&quot;:&quot;vc_basic_grid&quot;}\" data-vc-request=\"https:\/\/helloingles.agency\/wp-admin\/admin-ajax.php\" data-vc-post-id=\"71204\" data-vc-public-nonce=\"be9c2a5764\">\n\t\t<style data-type=\"vc_shortcodes-custom-css\">.vc_custom_1419328927507{background-color: #f4f4f4 !important;}<\/style><div class=\"vc_grid vc_row vc_grid-gutter-30px vc_pageable-wrapper vc_hook_hover\" data-vc-pageable-content=\"true\"><div class=\"vc_pageable-slide-wrapper vc_clearfix\" data-vc-grid-content=\"true\"><div class=\"vc_grid-item vc_clearfix vc_col-sm-4\"><div class=\"vc_grid-item-mini vc_clearfix\"><div class=\"vc_gitem-animated-block  vc_gitem-animate vc_gitem-animate-slideInRight\"  data-vc-animation=\"slideInRight\"><div class=\"vc_gitem-zone vc_gitem-zone-a\" style=\"background-image: url('https:\/\/helloingles.agency\/wp-content\/uploads\/2026\/02\/Campamento-de-verano-para-adolescentes-1024x650.jpg') !important;\"><img decoding=\"async\" class=\"vc_gitem-zone-img\" src=\"https:\/\/helloingles.agency\/wp-content\/uploads\/2026\/02\/Campamento-de-verano-para-adolescentes-1024x650.jpg\" alt=\"Acampamento de ver\u00e3o para adolescentes\" loading=\"lazy\"><div class=\"vc_gitem-zone-mini\"><\/div><\/div><div class=\"vc_gitem-zone vc_gitem-zone-b vc_custom_1419328927507 vc-gitem-zone-height-mode-auto vc_gitem-is-link\"><a href=\"https:\/\/helloingles.agency\/pt\/campamento-de-verano-para-adolescentes\/\" title=\"Acampamento de ver\u00e3o para adolescentes\" class=\"vc_gitem-link vc-zone-link\" ><\/a><div class=\"vc_gitem-zone-mini\"><div class=\"vc_gitem_row vc_row vc_gitem-row-position-top\"><div class=\"vc_col-sm-12 vc_gitem-col vc_gitem-col-align-\"><div class=\"vc_custom_heading vc_gitem-post-data vc_gitem-post-data-source-post_title\" ><h4 style=\"text-align: left\" >Acampamento de ver\u00e3o para adolescentes<\/h4><\/div><div class=\"vc_separator wpb_content_element vc_separator_align_center vc_sep_width_50 vc_sep_border_width_2 vc_sep_pos_align_left vc_separator_no_text vc_sep_color_black wpb_content_element  wpb_content_element\" ><span class=\"vc_sep_holder vc_sep_holder_l\"><span class=\"vc_sep_line\"><\/span><\/span><span class=\"vc_sep_holder vc_sep_holder_r\"><span class=\"vc_sep_line\"><\/span><\/span>\n<\/div><div class=\"vc_custom_heading vc_gitem-post-data vc_gitem-post-data-source-post_excerpt\" ><p style=\"text-align: left\" ><p>Acampamento de ver\u00e3o para adolescentes aprenderem ingl\u00eas durante as f\u00e9rias, com aulas, atividades e uma experi\u00eancia internacional completa.<\/p>\n<\/p><\/div><\/div><\/div><\/div><\/div><\/div><\/div><div class=\"vc_clearfix\"><\/div><\/div><div class=\"vc_grid-item vc_clearfix vc_col-sm-4\"><div class=\"vc_grid-item-mini vc_clearfix\"><div class=\"vc_gitem-animated-block  vc_gitem-animate vc_gitem-animate-slideInRight\"  data-vc-animation=\"slideInRight\"><div class=\"vc_gitem-zone vc_gitem-zone-a\" style=\"background-image: url('https:\/\/helloingles.agency\/wp-content\/uploads\/2026\/02\/Cursos-de-Ingles-general-1024x650.jpg') !important;\"><img decoding=\"async\" class=\"vc_gitem-zone-img\" src=\"https:\/\/helloingles.agency\/wp-content\/uploads\/2026\/02\/Cursos-de-Ingles-general-1024x650.jpg\" alt=\"Cursos de ingl\u00eas geral\" loading=\"lazy\"><div class=\"vc_gitem-zone-mini\"><\/div><\/div><div class=\"vc_gitem-zone vc_gitem-zone-b vc_custom_1419328927507 vc-gitem-zone-height-mode-auto vc_gitem-is-link\"><a href=\"https:\/\/helloingles.agency\/pt\/cursos-de-ingles-general\/\" title=\"Cursos de ingl\u00eas geral\" class=\"vc_gitem-link vc-zone-link\" ><\/a><div class=\"vc_gitem-zone-mini\"><div class=\"vc_gitem_row vc_row vc_gitem-row-position-top\"><div class=\"vc_col-sm-12 vc_gitem-col vc_gitem-col-align-\"><div class=\"vc_custom_heading vc_gitem-post-data vc_gitem-post-data-source-post_title\" ><h4 style=\"text-align: left\" >Cursos de ingl\u00eas geral<\/h4><\/div><div class=\"vc_separator wpb_content_element vc_separator_align_center vc_sep_width_50 vc_sep_border_width_2 vc_sep_pos_align_left vc_separator_no_text vc_sep_color_black wpb_content_element  wpb_content_element\" ><span class=\"vc_sep_holder vc_sep_holder_l\"><span class=\"vc_sep_line\"><\/span><\/span><span class=\"vc_sep_holder vc_sep_holder_r\"><span class=\"vc_sep_line\"><\/span><\/span>\n<\/div><div class=\"vc_custom_heading vc_gitem-post-data vc_gitem-post-data-source-post_excerpt\" ><p style=\"text-align: left\" ><p>Cursos de ingl\u00eas geral para um progresso confiante, com aulas pr\u00e1ticas e comunica\u00e7\u00e3o real dentro e fora da sala de aula.<\/p>\n<\/p><\/div><\/div><\/div><\/div><\/div><\/div><\/div><div class=\"vc_clearfix\"><\/div><\/div><div class=\"vc_grid-item vc_clearfix vc_col-sm-4\"><div class=\"vc_grid-item-mini vc_clearfix\"><div class=\"vc_gitem-animated-block  vc_gitem-animate vc_gitem-animate-slideInRight\"  data-vc-animation=\"slideInRight\"><div class=\"vc_gitem-zone vc_gitem-zone-a\" style=\"background-image: url('https:\/\/helloingles.agency\/wp-content\/uploads\/2026\/02\/Cursos-de-ingles-intensivo-1024x650.jpg') !important;\"><img decoding=\"async\" class=\"vc_gitem-zone-img\" src=\"https:\/\/helloingles.agency\/wp-content\/uploads\/2026\/02\/Cursos-de-ingles-intensivo-1024x650.jpg\" alt=\"Cursos intensivos de ingl\u00eas\" loading=\"lazy\"><div class=\"vc_gitem-zone-mini\"><\/div><\/div><div class=\"vc_gitem-zone vc_gitem-zone-b vc_custom_1419328927507 vc-gitem-zone-height-mode-auto vc_gitem-is-link\"><a href=\"https:\/\/helloingles.agency\/pt\/cursos-de-ingles-intensivo\/\" title=\"Cursos intensivos de ingl\u00eas\" class=\"vc_gitem-link vc-zone-link\" ><\/a><div class=\"vc_gitem-zone-mini\"><div class=\"vc_gitem_row vc_row vc_gitem-row-position-top\"><div class=\"vc_col-sm-12 vc_gitem-col vc_gitem-col-align-\"><div class=\"vc_custom_heading vc_gitem-post-data vc_gitem-post-data-source-post_title\" ><h4 style=\"text-align: left\" >Cursos intensivos de ingl\u00eas<\/h4><\/div><div class=\"vc_separator wpb_content_element vc_separator_align_center vc_sep_width_50 vc_sep_border_width_2 vc_sep_pos_align_left vc_separator_no_text vc_sep_color_black wpb_content_element  wpb_content_element\" ><span class=\"vc_sep_holder vc_sep_holder_l\"><span class=\"vc_sep_line\"><\/span><\/span><span class=\"vc_sep_holder vc_sep_holder_r\"><span class=\"vc_sep_line\"><\/span><\/span>\n<\/div><div class=\"vc_custom_heading vc_gitem-post-data vc_gitem-post-data-source-post_excerpt\" ><p style=\"text-align: left\" ><p>Ingl\u00eas intensivo para um progresso r\u00e1pido com mais pr\u00e1tica, mais horas e resultados vis\u00edveis em menos tempo.<\/p>\n<\/p><\/div><\/div><\/div><\/div><\/div><\/div><\/div><div class=\"vc_clearfix\"><\/div><\/div><div class=\"vc_grid-item vc_clearfix vc_col-sm-4\"><div class=\"vc_grid-item-mini vc_clearfix\"><div class=\"vc_gitem-animated-block  vc_gitem-animate vc_gitem-animate-slideInRight\"  data-vc-animation=\"slideInRight\"><div class=\"vc_gitem-zone vc_gitem-zone-a\" style=\"background-image: url('https:\/\/helloingles.agency\/wp-content\/uploads\/2026\/02\/Estudiar-y-trabajar-ingles-en-el-exterior-1024x650.jpg') !important;\"><img decoding=\"async\" class=\"vc_gitem-zone-img\" src=\"https:\/\/helloingles.agency\/wp-content\/uploads\/2026\/02\/Estudiar-y-trabajar-ingles-en-el-exterior-1024x650.jpg\" alt=\"Estudar e trabalhar em ingl\u00eas no exterior\" loading=\"lazy\"><div class=\"vc_gitem-zone-mini\"><\/div><\/div><div class=\"vc_gitem-zone vc_gitem-zone-b vc_custom_1419328927507 vc-gitem-zone-height-mode-auto vc_gitem-is-link\"><a href=\"https:\/\/helloingles.agency\/pt\/estudiar-y-trabajar-ingles-en-el-exterior\/\" title=\"Estudar e trabalhar em ingl\u00eas no exterior\" class=\"vc_gitem-link vc-zone-link\" ><\/a><div class=\"vc_gitem-zone-mini\"><div class=\"vc_gitem_row vc_row vc_gitem-row-position-top\"><div class=\"vc_col-sm-12 vc_gitem-col vc_gitem-col-align-\"><div class=\"vc_custom_heading vc_gitem-post-data vc_gitem-post-data-source-post_title\" ><h4 style=\"text-align: left\" >Estudar e trabalhar em ingl\u00eas no exterior<\/h4><\/div><div class=\"vc_separator wpb_content_element vc_separator_align_center vc_sep_width_50 vc_sep_border_width_2 vc_sep_pos_align_left vc_separator_no_text vc_sep_color_black wpb_content_element  wpb_content_element\" ><span class=\"vc_sep_holder vc_sep_holder_l\"><span class=\"vc_sep_line\"><\/span><\/span><span class=\"vc_sep_holder vc_sep_holder_r\"><span class=\"vc_sep_line\"><\/span><\/span>\n<\/div><div class=\"vc_custom_heading vc_gitem-post-data vc_gitem-post-data-source-post_excerpt\" ><p style=\"text-align: left\" ><p>Programas de longo prazo para adultos em que estudar ingl\u00eas e trabalhar podem fazer parte de uma experi\u00eancia internacional completa.<\/p>\n<\/p><\/div><\/div><\/div><\/div><\/div><\/div><\/div><div class=\"vc_clearfix\"><\/div><\/div><div class=\"vc_grid-item vc_clearfix vc_col-sm-4\"><div class=\"vc_grid-item-mini vc_clearfix\"><div class=\"vc_gitem-animated-block  vc_gitem-animate vc_gitem-animate-slideInRight\"  data-vc-animation=\"slideInRight\"><div class=\"vc_gitem-zone vc_gitem-zone-a\" style=\"background-image: url('https:\/\/helloingles.agency\/wp-content\/uploads\/2026\/02\/High-School-en-el-exterior-1024x650.jpg') !important;\"><img decoding=\"async\" class=\"vc_gitem-zone-img\" src=\"https:\/\/helloingles.agency\/wp-content\/uploads\/2026\/02\/High-School-en-el-exterior-1024x650.jpg\" alt=\"Ensino m\u00e9dio no exterior\" loading=\"lazy\"><div class=\"vc_gitem-zone-mini\"><\/div><\/div><div class=\"vc_gitem-zone vc_gitem-zone-b vc_custom_1419328927507 vc-gitem-zone-height-mode-auto vc_gitem-is-link\"><a href=\"https:\/\/helloingles.agency\/pt\/high-school-en-el-exterior\/\" title=\"Ensino m\u00e9dio no exterior\" class=\"vc_gitem-link vc-zone-link\" ><\/a><div class=\"vc_gitem-zone-mini\"><div class=\"vc_gitem_row vc_row vc_gitem-row-position-top\"><div class=\"vc_col-sm-12 vc_gitem-col vc_gitem-col-align-\"><div class=\"vc_custom_heading vc_gitem-post-data vc_gitem-post-data-source-post_title\" ><h4 style=\"text-align: left\" >Ensino m\u00e9dio no exterior<\/h4><\/div><div class=\"vc_separator wpb_content_element vc_separator_align_center vc_sep_width_50 vc_sep_border_width_2 vc_sep_pos_align_left vc_separator_no_text vc_sep_color_black wpb_content_element  wpb_content_element\" ><span class=\"vc_sep_holder vc_sep_holder_l\"><span class=\"vc_sep_line\"><\/span><\/span><span class=\"vc_sep_holder vc_sep_holder_r\"><span class=\"vc_sep_line\"><\/span><\/span>\n<\/div><div class=\"vc_custom_heading vc_gitem-post-data vc_gitem-post-data-source-post_excerpt\" ><p style=\"text-align: left\" ><p>High School no exterior para aprender ingl\u00eas com integra\u00e7\u00e3o real, vida escolar e uma experi\u00eancia transformadora.<\/p>\n<\/p><\/div><\/div><\/div><\/div><\/div><\/div><\/div><div class=\"vc_clearfix\"><\/div><\/div><div class=\"vc_grid-item vc_clearfix vc_col-sm-4\"><div class=\"vc_grid-item-mini vc_clearfix\"><div class=\"vc_gitem-animated-block  vc_gitem-animate vc_gitem-animate-slideInRight\"  data-vc-animation=\"slideInRight\"><div class=\"vc_gitem-zone vc_gitem-zone-a\" style=\"background-image: url('https:\/\/helloingles.agency\/wp-content\/uploads\/2026\/02\/Ingles-para-adultos-1024x650.jpg') !important;\"><img decoding=\"async\" class=\"vc_gitem-zone-img\" src=\"https:\/\/helloingles.agency\/wp-content\/uploads\/2026\/02\/Ingles-para-adultos-1024x650.jpg\" alt=\"Ingl\u00eas para adultos\" loading=\"lazy\"><div class=\"vc_gitem-zone-mini\"><\/div><\/div><div class=\"vc_gitem-zone vc_gitem-zone-b vc_custom_1419328927507 vc-gitem-zone-height-mode-auto vc_gitem-is-link\"><a href=\"https:\/\/helloingles.agency\/pt\/ingles-para-adultos\/\" title=\"Ingl\u00eas para adultos\" class=\"vc_gitem-link vc-zone-link\" ><\/a><div class=\"vc_gitem-zone-mini\"><div class=\"vc_gitem_row vc_row vc_gitem-row-position-top\"><div class=\"vc_col-sm-12 vc_gitem-col vc_gitem-col-align-\"><div class=\"vc_custom_heading vc_gitem-post-data vc_gitem-post-data-source-post_title\" ><h4 style=\"text-align: left\" >Ingl\u00eas para adultos<\/h4><\/div><div class=\"vc_separator wpb_content_element vc_separator_align_center vc_sep_width_50 vc_sep_border_width_2 vc_sep_pos_align_left vc_separator_no_text vc_sep_color_black wpb_content_element  wpb_content_element\" ><span class=\"vc_sep_holder vc_sep_holder_l\"><span class=\"vc_sep_line\"><\/span><\/span><span class=\"vc_sep_holder vc_sep_holder_r\"><span class=\"vc_sep_line\"><\/span><\/span>\n<\/div><div class=\"vc_custom_heading vc_gitem-post-data vc_gitem-post-data-source-post_excerpt\" ><p style=\"text-align: left\" ><p>Cursos de ingl\u00eas para adultos com uma abordagem pr\u00e1tica, ritmo adequado e op\u00e7\u00f5es ideais para estadias longas.<\/p>\n<\/p><\/div><\/div><\/div><\/div><\/div><\/div><\/div><div class=\"vc_clearfix\"><\/div><\/div><div class=\"vc_grid-item vc_clearfix vc_col-sm-4\"><div class=\"vc_grid-item-mini vc_clearfix\"><div class=\"vc_gitem-animated-block  vc_gitem-animate vc_gitem-animate-slideInRight\"  data-vc-animation=\"slideInRight\"><div class=\"vc_gitem-zone vc_gitem-zone-a\" style=\"background-image: url('https:\/\/helloingles.agency\/wp-content\/uploads\/2026\/02\/ingles-para-jovenes-y-teenagers-1024x650.jpg') !important;\"><img decoding=\"async\" class=\"vc_gitem-zone-img\" src=\"https:\/\/helloingles.agency\/wp-content\/uploads\/2026\/02\/ingles-para-jovenes-y-teenagers-1024x650.jpg\" alt=\"Ingl\u00eas para adolescentes e jovens adultos\" loading=\"lazy\"><div class=\"vc_gitem-zone-mini\"><\/div><\/div><div class=\"vc_gitem-zone vc_gitem-zone-b vc_custom_1419328927507 vc-gitem-zone-height-mode-auto vc_gitem-is-link\"><a href=\"https:\/\/helloingles.agency\/pt\/ingles-para-jovenes-y-teenagers\/\" title=\"Ingl\u00eas para jovens e adolescentes\" class=\"vc_gitem-link vc-zone-link\" ><\/a><div class=\"vc_gitem-zone-mini\"><div class=\"vc_gitem_row vc_row vc_gitem-row-position-top\"><div class=\"vc_col-sm-12 vc_gitem-col vc_gitem-col-align-\"><div class=\"vc_custom_heading vc_gitem-post-data vc_gitem-post-data-source-post_title\" ><h4 style=\"text-align: left\" >Ingl\u00eas para jovens e adolescentes<\/h4><\/div><div class=\"vc_separator wpb_content_element vc_separator_align_center vc_sep_width_50 vc_sep_border_width_2 vc_sep_pos_align_left vc_separator_no_text vc_sep_color_black wpb_content_element  wpb_content_element\" ><span class=\"vc_sep_holder vc_sep_holder_l\"><span class=\"vc_sep_line\"><\/span><\/span><span class=\"vc_sep_holder vc_sep_holder_r\"><span class=\"vc_sep_line\"><\/span><\/span>\n<\/div><div class=\"vc_custom_heading vc_gitem-post-data vc_gitem-post-data-source-post_excerpt\" ><p style=\"text-align: left\" ><p>Programas de ingl\u00eas para jovens aprendizes com aulas e atividades para praticar o idioma em uma experi\u00eancia internacional completa.<\/p>\n<\/p><\/div><\/div><\/div><\/div><\/div><\/div><\/div><div class=\"vc_clearfix\"><\/div><\/div><div class=\"vc_grid-item vc_clearfix vc_col-sm-4\"><div class=\"vc_grid-item-mini vc_clearfix\"><div class=\"vc_gitem-animated-block  vc_gitem-animate vc_gitem-animate-slideInRight\"  data-vc-animation=\"slideInRight\"><div class=\"vc_gitem-zone vc_gitem-zone-a\" style=\"background-image: url('https:\/\/helloingles.agency\/wp-content\/uploads\/2026\/02\/ingles-para-profesionales-1024x650.jpg') !important;\"><img decoding=\"async\" class=\"vc_gitem-zone-img\" src=\"https:\/\/helloingles.agency\/wp-content\/uploads\/2026\/02\/ingles-para-profesionales-1024x650.jpg\" alt=\"Ingl\u00eas para profissionais\" loading=\"lazy\"><div class=\"vc_gitem-zone-mini\"><\/div><\/div><div class=\"vc_gitem-zone vc_gitem-zone-b vc_custom_1419328927507 vc-gitem-zone-height-mode-auto vc_gitem-is-link\"><a href=\"https:\/\/helloingles.agency\/pt\/ingles-para-profesionales\/\" title=\"Ingl\u00eas para profissionais\" class=\"vc_gitem-link vc-zone-link\" ><\/a><div class=\"vc_gitem-zone-mini\"><div class=\"vc_gitem_row vc_row vc_gitem-row-position-top\"><div class=\"vc_col-sm-12 vc_gitem-col vc_gitem-col-align-\"><div class=\"vc_custom_heading vc_gitem-post-data vc_gitem-post-data-source-post_title\" ><h4 style=\"text-align: left\" >Ingl\u00eas para profissionais<\/h4><\/div><div class=\"vc_separator wpb_content_element vc_separator_align_center vc_sep_width_50 vc_sep_border_width_2 vc_sep_pos_align_left vc_separator_no_text vc_sep_color_black wpb_content_element  wpb_content_element\" ><span class=\"vc_sep_holder vc_sep_holder_l\"><span class=\"vc_sep_line\"><\/span><\/span><span class=\"vc_sep_holder vc_sep_holder_r\"><span class=\"vc_sep_line\"><\/span><\/span>\n<\/div><div class=\"vc_custom_heading vc_gitem-post-data vc_gitem-post-data-source-post_excerpt\" ><p style=\"text-align: left\" ><p>Cursos de ingl\u00eas profissional para aprimorar a comunica\u00e7\u00e3o no local de trabalho, a realiza\u00e7\u00e3o de entrevistas e a confian\u00e7a em ambientes internacionais.<\/p>\n<\/p><\/div><\/div><\/div><\/div><\/div><\/div><\/div><div class=\"vc_clearfix\"><\/div><\/div><\/div><\/div>\n\t<\/div>\n<\/div><\/div><\/div><\/div><\/div>\n<\/div>","protected":false},"excerpt":{"rendered":"<p>Descubre los programas de Hello Ingles: ingl\u00e9s general, intensivo, adultos, j\u00f3venes, profesionales, High School y opciones de larga duraci\u00f3n con estudiar y trabajar.<\/p>","protected":false},"author":1,"featured_media":71212,"parent":0,"menu_order":0,"comment_status":"closed","ping_status":"closed","template":"","meta":{"_seopress_robots_primary_cat":"","_seopress_titles_title":"%%sitetitle%% %%sep%% %%post_title%%","_seopress_titles_desc":"Programas de ingl\u00e9s en el exterior: ingl\u00e9s general, intensivo, adultos, j\u00f3venes, profesionales, High School y estudiar y trabajar en larga duraci\u00f3n.","_seopress_robots_index":"","footnotes":""},"categories":[],"tags":[],"class_list":["post-71204","page","type-page","status-publish","has-post-thumbnail","hentry"],"_links":{"self":[{"href":"https:\/\/helloingles.agency\/pt\/wp-json\/wp\/v2\/pages\/71204","targetHints":{"allow":["GET"]}}],"collection":[{"href":"https:\/\/helloingles.agency\/pt\/wp-json\/wp\/v2\/pages"}],"about":[{"href":"https:\/\/helloingles.agency\/pt\/wp-json\/wp\/v2\/types\/page"}],"author":[{"embeddable":true,"href":"https:\/\/helloingles.agency\/pt\/wp-json\/wp\/v2\/users\/1"}],"replies":[{"embeddable":true,"href":"https:\/\/helloingles.agency\/pt\/wp-json\/wp\/v2\/comments?post=71204"}],"version-history":[{"count":9,"href":"https:\/\/helloingles.agency\/pt\/wp-json\/wp\/v2\/pages\/71204\/revisions"}],"predecessor-version":[{"id":71242,"href":"https:\/\/helloingles.agency\/pt\/wp-json\/wp\/v2\/pages\/71204\/revisions\/71242"}],"wp:featuredmedia":[{"embeddable":true,"href":"https:\/\/helloingles.agency\/pt\/wp-json\/wp\/v2\/media\/71212"}],"wp:attachment":[{"href":"https:\/\/helloingles.agency\/pt\/wp-json\/wp\/v2\/media?parent=71204"}],"wp:term":[{"taxonomy":"category","embeddable":true,"href":"https:\/\/helloingles.agency\/pt\/wp-json\/wp\/v2\/categories?post=71204"},{"taxonomy":"post_tag","embeddable":true,"href":"https:\/\/helloingles.agency\/pt\/wp-json\/wp\/v2\/tags?post=71204"}],"curies":[{"name":"wp","href":"https:\/\/api.w.org\/{rel}","templated":true}]}}