{"id":71202,"date":"2026-02-09T12:54:48","date_gmt":"2026-02-09T12:54:48","guid":{"rendered":"https:\/\/helloingles.agency\/?page_id=71202"},"modified":"2026-02-09T13:31:45","modified_gmt":"2026-02-09T13:31:45","slug":"cursos-de-ingles-geral","status":"publish","type":"page","link":"https:\/\/helloingles.agency\/pt\/cursos-de-ingles-general\/","title":{"rendered":"Cursos de ingl\u00eas geral"},"content":{"rendered":"<div class=\"wpb-content-wrapper\"><div class=\"vc_row wpb_row vc_row-fluid\"><div class=\"wpb_column vc_column_container vc_col-sm-12\"><div class=\"vc_column-inner\"><div class=\"wpb_wrapper\">\n\t<div class=\"wpb_text_column wpb_content_element\" >\n\t\t<div class=\"wpb_wrapper\">\n\t\t\t<h1 style=\"text-align: justify;\">Cursos de ingl\u00eas geral<\/h1>\n<blockquote>\n<p style=\"text-align: justify;\">Os cursos de ingl\u00eas geral s\u00e3o a base perfeita para aprimorar suas habilidades de comunica\u00e7\u00e3o e ganhar confian\u00e7a, desde o primeiro dia e no seu pr\u00f3prio ritmo.<\/p>\n<\/blockquote>\n<p style=\"text-align: justify;\">Os cursos de ingl\u00eas geral s\u00e3o a op\u00e7\u00e3o mais popular entre os alunos que desejam fazer um progresso constante e pr\u00e1tico. Eles se concentram nas quatro habilidades principais: falar, ouvir, ler e escrever, com um forte foco na comunica\u00e7\u00e3o real.<\/p>\n<p style=\"text-align: justify;\">Esse formato funciona para todos os n\u00edveis, do iniciante ao avan\u00e7ado, pois permite que voc\u00ea construa uma base s\u00f3lida e corrija erros comuns enquanto aprimora a flu\u00eancia, o vocabul\u00e1rio e a pron\u00fancia. Al\u00e9m disso, por ser um curso equilibrado, \u00e9 ideal para aqueles que querem estudar e tamb\u00e9m aproveitar a experi\u00eancia no exterior.<\/p>\n<h2 style=\"text-align: justify;\">Como \u00e9 uma aula de ingl\u00eas geral?<\/h2>\n<p style=\"text-align: justify;\">As aulas geralmente incluem din\u00e2micas de conversa\u00e7\u00e3o, trabalho em dupla, exerc\u00edcios de compreens\u00e3o auditiva e atividades pr\u00e1ticas que simulam situa\u00e7\u00f5es da vida real: pedir informa\u00e7\u00f5es, resolver formalidades, falar em contextos sociais ou comunicar-se na vida cotidiana. \u00c9 um curso planejado para usar o ingl\u00eas, n\u00e3o apenas para estud\u00e1-lo.<\/p>\n<h3 style=\"text-align: justify;\">Onde estudar ingl\u00eas geral<\/h3>\n<p style=\"text-align: justify;\">Esse tipo de curso est\u00e1 dispon\u00edvel na maioria dos destinos e cidades, e funciona especialmente bem em lugares com uma atmosfera internacional e vida social ativa, onde a pr\u00e1tica fora da sala de aula \u00e9 uma parte natural da experi\u00eancia. O segredo n\u00e3o \u00e9 apenas o pa\u00eds, mas o estilo da cidade e o tipo de experi\u00eancia que voc\u00ea est\u00e1 procurando: urbana, litor\u00e2nea, tranquila ou intensiva.<\/p>\n<blockquote>\n<p style=\"text-align: justify;\">Se voc\u00ea est\u00e1 procurando um progresso real e uma experi\u00eancia equilibrada, o General English \u00e9 o ponto de partida mais seguro.<\/p>\n<\/blockquote>\n\n\t\t<\/div>\n\t<\/div>\n<section class=\"vc_cta3-container\"><div class=\"vc_general vc_do_cta3 vc_cta3 vc_cta3-style-custom vc_cta3-shape-rounded vc_cta3-align-left vc_cta3-icon-size-md vc_cta3-actions-right  wpb_animate_when_almost_visible wpb_bounceIn bounceIn\" style=\"background-color:#012169;\"><div class=\"vc_cta3_content-container\"><div class=\"vc_cta3-content\"><header class=\"vc_cta3-content-header\"><h2 style=\"color:#FFFFFF;\">Pronto para tomar a decis\u00e3o mais importante de sua vida?<\/h2><h4 style=\"color:#FFFFFF;\">Mergulhe de cabe\u00e7a e viva uma experi\u00eancia que mudar\u00e1 voc\u00ea.<\/h4><\/header><\/div><div class=\"vc_cta3-actions\"><div class=\"vc_btn3-container vc_btn3-center vc_do_btn\" ><a class=\"vc_general vc_btn3 vc_btn3-size-md vc_btn3-shape-rounded vc_btn3-style-modern vc_btn3-block vc_btn3-color-juicy-pink\" href=\"https:\/\/helloingles.agency\/pt\/#contact\" title=\"\">Comece agora<\/a><\/div><\/div><\/div><\/div><\/section><\/div><\/div><\/div><\/div>\n<\/div>","protected":false},"excerpt":{"rendered":"<p>Cursos de ingl\u00eas geral para um progresso confiante, com aulas pr\u00e1ticas e comunica\u00e7\u00e3o real dentro e fora da sala de aula.<\/p>","protected":false},"author":1,"featured_media":71215,"parent":0,"menu_order":0,"comment_status":"closed","ping_status":"closed","template":"","meta":{"_seopress_robots_primary_cat":"","_seopress_titles_title":"%%sitetitle%% %%sep%% %%post_title%%","_seopress_titles_desc":"Cursos de ingl\u00e9s general para todos los niveles: clases pr\u00e1cticas, progreso constante y una experiencia internacional equilibrada.","_seopress_robots_index":"","footnotes":""},"categories":[108],"tags":[],"class_list":["post-71202","page","type-page","status-publish","has-post-thumbnail","hentry","category-programas"],"_links":{"self":[{"href":"https:\/\/helloingles.agency\/pt\/wp-json\/wp\/v2\/pages\/71202","targetHints":{"allow":["GET"]}}],"collection":[{"href":"https:\/\/helloingles.agency\/pt\/wp-json\/wp\/v2\/pages"}],"about":[{"href":"https:\/\/helloingles.agency\/pt\/wp-json\/wp\/v2\/types\/page"}],"author":[{"embeddable":true,"href":"https:\/\/helloingles.agency\/pt\/wp-json\/wp\/v2\/users\/1"}],"replies":[{"embeddable":true,"href":"https:\/\/helloingles.agency\/pt\/wp-json\/wp\/v2\/comments?post=71202"}],"version-history":[{"count":5,"href":"https:\/\/helloingles.agency\/pt\/wp-json\/wp\/v2\/pages\/71202\/revisions"}],"predecessor-version":[{"id":71218,"href":"https:\/\/helloingles.agency\/pt\/wp-json\/wp\/v2\/pages\/71202\/revisions\/71218"}],"wp:featuredmedia":[{"embeddable":true,"href":"https:\/\/helloingles.agency\/pt\/wp-json\/wp\/v2\/media\/71215"}],"wp:attachment":[{"href":"https:\/\/helloingles.agency\/pt\/wp-json\/wp\/v2\/media?parent=71202"}],"wp:term":[{"taxonomy":"category","embeddable":true,"href":"https:\/\/helloingles.agency\/pt\/wp-json\/wp\/v2\/categories?post=71202"},{"taxonomy":"post_tag","embeddable":true,"href":"https:\/\/helloingles.agency\/pt\/wp-json\/wp\/v2\/tags?post=71202"}],"curies":[{"name":"wp","href":"https:\/\/api.w.org\/{rel}","templated":true}]}}