{"id":71197,"date":"2026-02-09T12:46:49","date_gmt":"2026-02-09T12:46:49","guid":{"rendered":"https:\/\/helloingles.agency\/?page_id=71197"},"modified":"2026-02-09T12:47:22","modified_gmt":"2026-02-09T12:47:22","slug":"estudiar-ingles-en-brighton","status":"publish","type":"page","link":"https:\/\/helloingles.agency\/pt\/estudiar-ingles-en-brighton\/","title":{"rendered":"Estudar ingl\u00eas em Brighton"},"content":{"rendered":"<div class=\"wpb-content-wrapper\"><div class=\"vc_row wpb_row vc_row-fluid\"><div class=\"wpb_column vc_column_container vc_col-sm-12\"><div class=\"vc_column-inner\"><div class=\"wpb_wrapper\">\n\t<div class=\"wpb_text_column wpb_content_element\" >\n\t\t<div class=\"wpb_wrapper\">\n\t\t\t<h1 style=\"text-align: justify;\">Estudiar ingles en Brighton<\/h1>\n<blockquote>\n<p style=\"text-align: justify;\">Brighton es mar, diversidad y estilo alternativo: aprender ingl\u00e9s en un entorno relajado y creativo.<\/p>\n<\/blockquote>\n<p style=\"text-align: justify;\">Brighton es una ciudad costera del sur de Inglaterra, conocida por su ambiente joven, creativo y su cercan\u00eda a Londres. Es uno de los destinos favoritos para estudiantes internacionales.<\/p>\n<p style=\"text-align: justify;\">Estudiar ingles en Brighton es combinar clases con playa, cultura alternativa y un estilo de vida relajado. Su ambiente abierto y multicultural facilita hacer amigos y practicar ingl\u00e9s desde el primer d\u00eda.<\/p>\n<h2 style=\"text-align: justify;\">Cursos de ingles en Brighton<\/h2>\n<p style=\"text-align: justify;\">La ciudad ofrece festivales, caf\u00e9s, arte urbano y un paseo mar\u00edtimo muy activo, creando oportunidades constantes para usar el idioma fuera del aula.<\/p>\n<h3 style=\"text-align: justify;\">Vivir y estudiar en Brighton<\/h3>\n<p style=\"text-align: justify;\">Brighton es ideal para quienes buscan aprender ingl\u00e9s en una ciudad m\u00e1s peque\u00f1a, con personalidad propia, mar y un fuerte esp\u00edritu estudiantil.<\/p>\n<blockquote>\n<p style=\"text-align: justify;\">Brighton es aprender ingl\u00e9s con mar, creatividad y una vibra diferente.<\/p>\n<\/blockquote>\n\n\t\t<\/div>\n\t<\/div>\n<section class=\"vc_cta3-container\"><div class=\"vc_general vc_do_cta3 vc_cta3 vc_cta3-style-custom vc_cta3-shape-rounded vc_cta3-align-left vc_cta3-icon-size-md vc_cta3-actions-right  wpb_animate_when_almost_visible wpb_bounceIn bounceIn\" style=\"background-color:#012169;\"><div class=\"vc_cta3_content-container\"><div class=\"vc_cta3-content\"><header class=\"vc_cta3-content-header\"><h2 style=\"color:#FFFFFF;\">Pronto para tomar a decis\u00e3o mais importante de sua vida?<\/h2><h4 style=\"color:#FFFFFF;\">Mergulhe de cabe\u00e7a e viva uma experi\u00eancia que mudar\u00e1 voc\u00ea.<\/h4><\/header><\/div><div class=\"vc_cta3-actions\"><div class=\"vc_btn3-container vc_btn3-center vc_do_btn\" ><a class=\"vc_general vc_btn3 vc_btn3-size-md vc_btn3-shape-rounded vc_btn3-style-modern vc_btn3-block vc_btn3-color-juicy-pink\" href=\"https:\/\/helloingles.agency\/pt\/#contact\" title=\"\">Comece agora<\/a><\/div><\/div><\/div><\/div><\/section><\/div><\/div><\/div><\/div>\n<\/div>","protected":false},"excerpt":{"rendered":"<p>Estudar ingl\u00eas em Brighton \u00e9 uma experi\u00eancia litor\u00e2nea, criativa e amig\u00e1vel para os alunos.<\/p>","protected":false},"author":1,"featured_media":71198,"parent":0,"menu_order":0,"comment_status":"closed","ping_status":"closed","template":"","meta":{"_seopress_robots_primary_cat":"","_seopress_titles_title":"%%sitetitle%% %%sep%% %%post_title%%","_seopress_titles_desc":"Estudiar ingles en Brighton es aprender en una ciudad costera, creativa y joven, ideal para combinar estudio y calidad de vida.","_seopress_robots_index":"","footnotes":""},"categories":[72],"tags":[],"class_list":["post-71197","page","type-page","status-publish","has-post-thumbnail","hentry","category-estudiar-ingles-en-reino-unido"],"_links":{"self":[{"href":"https:\/\/helloingles.agency\/pt\/wp-json\/wp\/v2\/pages\/71197","targetHints":{"allow":["GET"]}}],"collection":[{"href":"https:\/\/helloingles.agency\/pt\/wp-json\/wp\/v2\/pages"}],"about":[{"href":"https:\/\/helloingles.agency\/pt\/wp-json\/wp\/v2\/types\/page"}],"author":[{"embeddable":true,"href":"https:\/\/helloingles.agency\/pt\/wp-json\/wp\/v2\/users\/1"}],"replies":[{"embeddable":true,"href":"https:\/\/helloingles.agency\/pt\/wp-json\/wp\/v2\/comments?post=71197"}],"version-history":[{"count":2,"href":"https:\/\/helloingles.agency\/pt\/wp-json\/wp\/v2\/pages\/71197\/revisions"}],"predecessor-version":[{"id":71200,"href":"https:\/\/helloingles.agency\/pt\/wp-json\/wp\/v2\/pages\/71197\/revisions\/71200"}],"wp:featuredmedia":[{"embeddable":true,"href":"https:\/\/helloingles.agency\/pt\/wp-json\/wp\/v2\/media\/71198"}],"wp:attachment":[{"href":"https:\/\/helloingles.agency\/pt\/wp-json\/wp\/v2\/media?parent=71197"}],"wp:term":[{"taxonomy":"category","embeddable":true,"href":"https:\/\/helloingles.agency\/pt\/wp-json\/wp\/v2\/categories?post=71197"},{"taxonomy":"post_tag","embeddable":true,"href":"https:\/\/helloingles.agency\/pt\/wp-json\/wp\/v2\/tags?post=71197"}],"curies":[{"name":"wp","href":"https:\/\/api.w.org\/{rel}","templated":true}]}}