{"id":71194,"date":"2026-02-09T12:44:26","date_gmt":"2026-02-09T12:44:26","guid":{"rendered":"https:\/\/helloingles.agency\/?page_id=71194"},"modified":"2026-02-09T12:44:26","modified_gmt":"2026-02-09T12:44:26","slug":"estudiar-ingles-en-manchester","status":"publish","type":"page","link":"https:\/\/helloingles.agency\/pt\/estudiar-ingles-en-manchester\/","title":{"rendered":"Estudar ingl\u00eas em Manchester"},"content":{"rendered":"<div class=\"wpb-content-wrapper\"><div class=\"vc_row wpb_row vc_row-fluid\"><div class=\"wpb_column vc_column_container vc_col-sm-12\"><div class=\"vc_column-inner\"><div class=\"wpb_wrapper\">\n\t<div class=\"wpb_text_column wpb_content_element\" >\n\t\t<div class=\"wpb_wrapper\">\n\t\t\t<h1 style=\"text-align: justify;\">Estudiar ingles en Manchester<\/h1>\n<blockquote>\n<p style=\"text-align: justify;\">Manchester combina vida urbana, cultura y ambiente estudiantil en una ciudad moderna y accesible.<\/p>\n<\/blockquote>\n<p style=\"text-align: justify;\">Manchester es una de las ciudades m\u00e1s importantes del norte de Inglaterra. Moderna, innovadora y con fuerte identidad cultural, es un destino muy atractivo para estudiantes internacionales.<\/p>\n<p style=\"text-align: justify;\">Estudiar ingles en Manchester es hacerlo en una ciudad joven, con m\u00fasica, deporte y una vida social activa. Su tama\u00f1o y costo de vida m\u00e1s accesible la convierten en una excelente alternativa a Londres.<\/p>\n<h2 style=\"text-align: justify;\">Cursos de ingles en Manchester<\/h2>\n<p style=\"text-align: justify;\">La ciudad ofrece museos, eventos, zonas creativas y una fuerte vida estudiantil, creando un entorno ideal para practicar ingl\u00e9s de forma natural.<\/p>\n<h3 style=\"text-align: justify;\">Vivir y estudiar en Manchester<\/h3>\n<p style=\"text-align: justify;\">Manchester es perfecta si buscas una experiencia urbana aut\u00e9ntica, con menos turismo y un ambiente cercano que facilita la integraci\u00f3n.<\/p>\n<blockquote>\n<p style=\"text-align: justify;\">Manchester es aprender ingl\u00e9s en una ciudad real, creativa y con esp\u00edritu joven.<\/p>\n<\/blockquote>\n\n\t\t<\/div>\n\t<\/div>\n<section class=\"vc_cta3-container\"><div class=\"vc_general vc_do_cta3 vc_cta3 vc_cta3-style-custom vc_cta3-shape-rounded vc_cta3-align-left vc_cta3-icon-size-md vc_cta3-actions-right  wpb_animate_when_almost_visible wpb_bounceIn bounceIn\" style=\"background-color:#012169;\"><div class=\"vc_cta3_content-container\"><div class=\"vc_cta3-content\"><header class=\"vc_cta3-content-header\"><h2 style=\"color:#FFFFFF;\">Pronto para tomar a decis\u00e3o mais importante de sua vida?<\/h2><h4 style=\"color:#FFFFFF;\">Mergulhe de cabe\u00e7a e viva uma experi\u00eancia que mudar\u00e1 voc\u00ea.<\/h4><\/header><\/div><div class=\"vc_cta3-actions\"><div class=\"vc_btn3-container vc_btn3-center vc_do_btn\" ><a class=\"vc_general vc_btn3 vc_btn3-size-md vc_btn3-shape-rounded vc_btn3-style-modern vc_btn3-block vc_btn3-color-juicy-pink\" href=\"https:\/\/helloingles.agency\/pt\/#contact\" title=\"\">Comece agora<\/a><\/div><\/div><\/div><\/div><\/section><\/div><\/div><\/div><\/div>\n<\/div>","protected":false},"excerpt":{"rendered":"<p>Estudar ingl\u00eas em Manchester \u00e9 uma experi\u00eancia urbana, jovem e cultural no Reino Unido.<\/p>","protected":false},"author":1,"featured_media":71195,"parent":0,"menu_order":0,"comment_status":"closed","ping_status":"closed","template":"","meta":{"_seopress_robots_primary_cat":"","_seopress_titles_title":"%%sitetitle%% %%sep%% %%post_title%%","_seopress_titles_desc":"Estudiar ingles en Manchester es aprender en una ciudad moderna y estudiantil, con cultura, musica y vida urbana accesible.","_seopress_robots_index":"","footnotes":""},"categories":[72],"tags":[],"class_list":["post-71194","page","type-page","status-publish","has-post-thumbnail","hentry","category-estudiar-ingles-en-reino-unido"],"_links":{"self":[{"href":"https:\/\/helloingles.agency\/pt\/wp-json\/wp\/v2\/pages\/71194","targetHints":{"allow":["GET"]}}],"collection":[{"href":"https:\/\/helloingles.agency\/pt\/wp-json\/wp\/v2\/pages"}],"about":[{"href":"https:\/\/helloingles.agency\/pt\/wp-json\/wp\/v2\/types\/page"}],"author":[{"embeddable":true,"href":"https:\/\/helloingles.agency\/pt\/wp-json\/wp\/v2\/users\/1"}],"replies":[{"embeddable":true,"href":"https:\/\/helloingles.agency\/pt\/wp-json\/wp\/v2\/comments?post=71194"}],"version-history":[{"count":1,"href":"https:\/\/helloingles.agency\/pt\/wp-json\/wp\/v2\/pages\/71194\/revisions"}],"predecessor-version":[{"id":71196,"href":"https:\/\/helloingles.agency\/pt\/wp-json\/wp\/v2\/pages\/71194\/revisions\/71196"}],"wp:featuredmedia":[{"embeddable":true,"href":"https:\/\/helloingles.agency\/pt\/wp-json\/wp\/v2\/media\/71195"}],"wp:attachment":[{"href":"https:\/\/helloingles.agency\/pt\/wp-json\/wp\/v2\/media?parent=71194"}],"wp:term":[{"taxonomy":"category","embeddable":true,"href":"https:\/\/helloingles.agency\/pt\/wp-json\/wp\/v2\/categories?post=71194"},{"taxonomy":"post_tag","embeddable":true,"href":"https:\/\/helloingles.agency\/pt\/wp-json\/wp\/v2\/tags?post=71194"}],"curies":[{"name":"wp","href":"https:\/\/api.w.org\/{rel}","templated":true}]}}