{"id":71191,"date":"2026-02-09T12:41:29","date_gmt":"2026-02-09T12:41:29","guid":{"rendered":"https:\/\/helloingles.agency\/?page_id=71191"},"modified":"2026-02-09T12:41:29","modified_gmt":"2026-02-09T12:41:29","slug":"estudiar-ingles-en-londres","status":"publish","type":"page","link":"https:\/\/helloingles.agency\/pt\/estudiar-ingles-en-londres\/","title":{"rendered":"Estudar ingl\u00eas em Londres"},"content":{"rendered":"<div class=\"wpb-content-wrapper\"><div class=\"vc_row wpb_row vc_row-fluid\"><div class=\"wpb_column vc_column_container vc_col-sm-12\"><div class=\"vc_column-inner\"><div class=\"wpb_wrapper\">\n\t<div class=\"wpb_text_column wpb_content_element\" >\n\t\t<div class=\"wpb_wrapper\">\n\t\t\t<h1 style=\"text-align: justify;\">Estudiar ingles en Londres<\/h1>\n<blockquote><p>\nLondres es historia, diversidad y energ\u00eda global: uno de los mejores lugares del mundo para aprender ingl\u00e9s.\n<\/p><\/blockquote>\n<p style=\"text-align: justify;\">Londres es la capital del Reino Unido y una de las ciudades m\u00e1s influyentes del mundo.<br \/>\nCosmopolita, din\u00e1mica y multicultural, ofrece una experiencia internacional \u00fanica para estudiantes de ingl\u00e9s.<\/p>\n<p style=\"text-align: justify;\">Estudiar ingles en Londres es vivir rodeado de culturas, acentos y oportunidades. Cada barrio tiene identidad propia y la ciudad ofrece museos, teatros, mercados y eventos que convierten el aprendizaje en parte de la vida diaria.<\/p>\n<h2 style=\"text-align: justify;\">Cursos de ingles en Londres<\/h2>\n<p style=\"text-align: justify;\">Desde pasear por el T\u00e1mesis hasta descubrir barrios hist\u00f3ricos y zonas modernas, Londres brinda infinitas situaciones reales para practicar ingl\u00e9s dentro y fuera del aula.<\/p>\n<h3 style=\"text-align: justify;\">Vivir y estudiar en Londres<\/h3>\n<p style=\"text-align: justify;\">Londres es ideal para quienes buscan una experiencia intensa y global. Aprender ingl\u00e9s aqu\u00ed significa estar en contacto constante con personas de todo el mundo y con una oferta cultural inagotable.<\/p>\n<blockquote>\n<p style=\"text-align: justify;\">Londres es aprender ingl\u00e9s en el coraz\u00f3n de una ciudad verdaderamente internacional.<\/p>\n<\/blockquote>\n\n\t\t<\/div>\n\t<\/div>\n<section class=\"vc_cta3-container\"><div class=\"vc_general vc_do_cta3 vc_cta3 vc_cta3-style-custom vc_cta3-shape-rounded vc_cta3-align-left vc_cta3-icon-size-md vc_cta3-actions-right  wpb_animate_when_almost_visible wpb_bounceIn bounceIn\" style=\"background-color:#012169;\"><div class=\"vc_cta3_content-container\"><div class=\"vc_cta3-content\"><header class=\"vc_cta3-content-header\"><h2 style=\"color:#FFFFFF;\">Pronto para tomar a decis\u00e3o mais importante de sua vida?<\/h2><h4 style=\"color:#FFFFFF;\">Mergulhe de cabe\u00e7a e viva uma experi\u00eancia que mudar\u00e1 voc\u00ea.<\/h4><\/header><\/div><div class=\"vc_cta3-actions\"><div class=\"vc_btn3-container vc_btn3-center vc_do_btn\" ><a class=\"vc_general vc_btn3 vc_btn3-size-md vc_btn3-shape-rounded vc_btn3-style-modern vc_btn3-block vc_btn3-color-juicy-pink\" href=\"https:\/\/helloingles.agency\/pt\/#contact\" title=\"\">Comece agora<\/a><\/div><\/div><\/div><\/div><\/section><\/div><\/div><\/div><\/div>\n<\/div>","protected":false},"excerpt":{"rendered":"<p>Estudar ingl\u00eas em Londres \u00e9 aprender em uma capital global, diversificada e cheia de oportunidades culturais.<\/p>","protected":false},"author":1,"featured_media":71192,"parent":0,"menu_order":0,"comment_status":"closed","ping_status":"closed","template":"","meta":{"_seopress_robots_primary_cat":"","_seopress_titles_title":"%%sitetitle%% %%sep%% %%post_title%%","_seopress_titles_desc":"Estudiar ingles en Londres es vivir una experiencia global en una capital multicultural, con historia, cultura y practica diaria.","_seopress_robots_index":"","footnotes":""},"categories":[72],"tags":[],"class_list":["post-71191","page","type-page","status-publish","has-post-thumbnail","hentry","category-estudiar-ingles-en-reino-unido"],"_links":{"self":[{"href":"https:\/\/helloingles.agency\/pt\/wp-json\/wp\/v2\/pages\/71191","targetHints":{"allow":["GET"]}}],"collection":[{"href":"https:\/\/helloingles.agency\/pt\/wp-json\/wp\/v2\/pages"}],"about":[{"href":"https:\/\/helloingles.agency\/pt\/wp-json\/wp\/v2\/types\/page"}],"author":[{"embeddable":true,"href":"https:\/\/helloingles.agency\/pt\/wp-json\/wp\/v2\/users\/1"}],"replies":[{"embeddable":true,"href":"https:\/\/helloingles.agency\/pt\/wp-json\/wp\/v2\/comments?post=71191"}],"version-history":[{"count":1,"href":"https:\/\/helloingles.agency\/pt\/wp-json\/wp\/v2\/pages\/71191\/revisions"}],"predecessor-version":[{"id":71193,"href":"https:\/\/helloingles.agency\/pt\/wp-json\/wp\/v2\/pages\/71191\/revisions\/71193"}],"wp:featuredmedia":[{"embeddable":true,"href":"https:\/\/helloingles.agency\/pt\/wp-json\/wp\/v2\/media\/71192"}],"wp:attachment":[{"href":"https:\/\/helloingles.agency\/pt\/wp-json\/wp\/v2\/media?parent=71191"}],"wp:term":[{"taxonomy":"category","embeddable":true,"href":"https:\/\/helloingles.agency\/pt\/wp-json\/wp\/v2\/categories?post=71191"},{"taxonomy":"post_tag","embeddable":true,"href":"https:\/\/helloingles.agency\/pt\/wp-json\/wp\/v2\/tags?post=71191"}],"curies":[{"name":"wp","href":"https:\/\/api.w.org\/{rel}","templated":true}]}}