{"id":71186,"date":"2026-02-09T12:36:54","date_gmt":"2026-02-09T12:36:54","guid":{"rendered":"https:\/\/helloingles.agency\/?page_id=71186"},"modified":"2026-02-09T12:36:54","modified_gmt":"2026-02-09T12:36:54","slug":"estudiar-ingles-en-christchurch","status":"publish","type":"page","link":"https:\/\/helloingles.agency\/pt\/estudiar-ingles-en-christchurch\/","title":{"rendered":"Estudar ingl\u00eas em Christchurch"},"content":{"rendered":"<div class=\"wpb-content-wrapper\"><div class=\"vc_row wpb_row vc_row-fluid\"><div class=\"wpb_column vc_column_container vc_col-sm-12\"><div class=\"vc_column-inner\"><div class=\"wpb_wrapper\">\n\t<div class=\"wpb_text_column wpb_content_element\" >\n\t\t<div class=\"wpb_wrapper\">\n\t\t\t<h1 style=\"text-align: justify;\">Estudiar ingles en Christchurch<\/h1>\n<blockquote>\n<p style=\"text-align: justify;\">Christchurch ofrece tranquilidad, naturaleza y un entorno ideal para aprender ingl\u00e9s con calidad de vida.<\/p>\n<\/blockquote>\n<p style=\"text-align: justify;\">Christchurch es una ciudad ordenada y en constante renovaci\u00f3n, conocida como la puerta de entrada a la Isla Sur de Nueva Zelanda. Destaca por su equilibrio entre ciudad y naturaleza.<\/p>\n<p style=\"text-align: justify;\">Estudiar ingles en Christchurch es ideal para quienes buscan un entorno m\u00e1s relajado, seguro y enfocado en el aprendizaje, con contacto cercano con la comunidad local.<\/p>\n<h2 style=\"text-align: justify;\">Cursos de ingles en Christchurch<\/h2>\n<p style=\"text-align: justify;\">La ciudad ofrece parques, jardines y un ritmo de vida tranquilo que facilita la concentraci\u00f3n y la pr\u00e1ctica del idioma en un ambiente c\u00f3modo y amigable.<\/p>\n<h3 style=\"text-align: justify;\">Vivir y estudiar en Christchurch<\/h3>\n<p style=\"text-align: justify;\">Christchurch es perfecta para estudiantes que valoran la calma, la organizaci\u00f3n y un entorno natural sin distracciones excesivas.<\/p>\n<blockquote>\n<p style=\"text-align: justify;\">Christchurch es aprender ingl\u00e9s con calma, naturaleza y una excelente calidad de vida.<\/p>\n<\/blockquote>\n\n\t\t<\/div>\n\t<\/div>\n<section class=\"vc_cta3-container\"><div class=\"vc_general vc_do_cta3 vc_cta3 vc_cta3-style-custom vc_cta3-shape-rounded vc_cta3-align-left vc_cta3-icon-size-md vc_cta3-actions-right  wpb_animate_when_almost_visible wpb_bounceIn bounceIn\" style=\"background-color:#012169;\"><div class=\"vc_cta3_content-container\"><div class=\"vc_cta3-content\"><header class=\"vc_cta3-content-header\"><h2 style=\"color:#FFFFFF;\">Pronto para tomar a decis\u00e3o mais importante de sua vida?<\/h2><h4 style=\"color:#FFFFFF;\">Mergulhe de cabe\u00e7a e viva uma experi\u00eancia que mudar\u00e1 voc\u00ea.<\/h4><\/header><\/div><div class=\"vc_cta3-actions\"><div class=\"vc_btn3-container vc_btn3-center vc_do_btn\" ><a class=\"vc_general vc_btn3 vc_btn3-size-md vc_btn3-shape-rounded vc_btn3-style-modern vc_btn3-block vc_btn3-color-juicy-pink\" href=\"https:\/\/helloingles.agency\/pt\/#contact\" title=\"\">Comece agora<\/a><\/div><\/div><\/div><\/div><\/section><\/div><\/div><\/div><\/div>\n<\/div>","protected":false},"excerpt":{"rendered":"<p>Estudar ingl\u00eas em Christchurch \u00e9 uma experi\u00eancia descontra\u00edda e focada no aprendizado com a natureza e o bem-estar.<\/p>","protected":false},"author":1,"featured_media":71187,"parent":0,"menu_order":0,"comment_status":"closed","ping_status":"closed","template":"","meta":{"_seopress_robots_primary_cat":"","_seopress_titles_title":"%%sitetitle%% %%sep%% %%post_title%%","_seopress_titles_desc":"Estudiar ingles en Christchurch es aprender en una ciudad tranquila, segura y rodeada de naturaleza en Nueva Zelanda.","_seopress_robots_index":"","footnotes":""},"categories":[106],"tags":[],"class_list":["post-71186","page","type-page","status-publish","has-post-thumbnail","hentry","category-estudiar-ingles-en-nueva-zelanda"],"_links":{"self":[{"href":"https:\/\/helloingles.agency\/pt\/wp-json\/wp\/v2\/pages\/71186","targetHints":{"allow":["GET"]}}],"collection":[{"href":"https:\/\/helloingles.agency\/pt\/wp-json\/wp\/v2\/pages"}],"about":[{"href":"https:\/\/helloingles.agency\/pt\/wp-json\/wp\/v2\/types\/page"}],"author":[{"embeddable":true,"href":"https:\/\/helloingles.agency\/pt\/wp-json\/wp\/v2\/users\/1"}],"replies":[{"embeddable":true,"href":"https:\/\/helloingles.agency\/pt\/wp-json\/wp\/v2\/comments?post=71186"}],"version-history":[{"count":1,"href":"https:\/\/helloingles.agency\/pt\/wp-json\/wp\/v2\/pages\/71186\/revisions"}],"predecessor-version":[{"id":71188,"href":"https:\/\/helloingles.agency\/pt\/wp-json\/wp\/v2\/pages\/71186\/revisions\/71188"}],"wp:featuredmedia":[{"embeddable":true,"href":"https:\/\/helloingles.agency\/pt\/wp-json\/wp\/v2\/media\/71187"}],"wp:attachment":[{"href":"https:\/\/helloingles.agency\/pt\/wp-json\/wp\/v2\/media?parent=71186"}],"wp:term":[{"taxonomy":"category","embeddable":true,"href":"https:\/\/helloingles.agency\/pt\/wp-json\/wp\/v2\/categories?post=71186"},{"taxonomy":"post_tag","embeddable":true,"href":"https:\/\/helloingles.agency\/pt\/wp-json\/wp\/v2\/tags?post=71186"}],"curies":[{"name":"wp","href":"https:\/\/api.w.org\/{rel}","templated":true}]}}