{"id":71183,"date":"2026-02-09T12:32:22","date_gmt":"2026-02-09T12:32:22","guid":{"rendered":"https:\/\/helloingles.agency\/?page_id=71183"},"modified":"2026-02-09T12:32:22","modified_gmt":"2026-02-09T12:32:22","slug":"estudiar-ingles-en-wellington","status":"publish","type":"page","link":"https:\/\/helloingles.agency\/pt\/estudiar-ingles-en-wellington\/","title":{"rendered":"Estudar ingl\u00eas em Wellington"},"content":{"rendered":"<div class=\"wpb-content-wrapper\"><div class=\"vc_row wpb_row vc_row-fluid\"><div class=\"wpb_column vc_column_container vc_col-sm-12\"><div class=\"vc_column-inner\"><div class=\"wpb_wrapper\">\n\t<div class=\"wpb_text_column wpb_content_element\" >\n\t\t<div class=\"wpb_wrapper\">\n\t\t\t<h1 style=\"text-align: justify;\">Estudiar ingles en Wellington<\/h1>\n<blockquote>\n<p style=\"text-align: justify;\">Wellington es cultura, creatividad y calidad de vida en una capital compacta y vibrante.<\/p>\n<\/blockquote>\n<p style=\"text-align: justify;\">Wellington es la capital de Nueva Zelanda y una ciudad conocida por su ambiente cultural,<br \/>\nsu vida creativa y su fuerte identidad local. Compacta y caminable, es ideal para estudiantes.<\/p>\n<p style=\"text-align: justify;\">Estudiar ingles en Wellington significa aprender en un entorno cercano y aut\u00e9ntico, donde el idioma se practica de forma natural en la vida diaria.<\/p>\n<h2 style=\"text-align: justify;\">Cursos de ingles en Wellington<\/h2>\n<p style=\"text-align: justify;\">La ciudad destaca por sus caf\u00e9s, museos, eventos culturales y espacios creativos, creando un ambiente estimulante para mejorar el ingl\u00e9s con confianza.<\/p>\n<h3 style=\"text-align: justify;\">Vivir y estudiar en Wellington<\/h3>\n<p style=\"text-align: justify;\">Wellington es perfecta si busc\u00e1s una ciudad m\u00e1s tranquila que Auckland, con una fuerte vida cultural y excelente calidad educativa.<\/p>\n<blockquote>\n<p style=\"text-align: justify;\">Wellington es aprender ingl\u00e9s en una ciudad creativa, cercana y con identidad propia.<\/p>\n<\/blockquote>\n\n\t\t<\/div>\n\t<\/div>\n<section class=\"vc_cta3-container\"><div class=\"vc_general vc_do_cta3 vc_cta3 vc_cta3-style-custom vc_cta3-shape-rounded vc_cta3-align-left vc_cta3-icon-size-md vc_cta3-actions-right  wpb_animate_when_almost_visible wpb_bounceIn bounceIn\" style=\"background-color:#012169;\"><div class=\"vc_cta3_content-container\"><div class=\"vc_cta3-content\"><header class=\"vc_cta3-content-header\"><h2 style=\"color:#FFFFFF;\">Pronto para tomar a decis\u00e3o mais importante de sua vida?<\/h2><h4 style=\"color:#FFFFFF;\">Mergulhe de cabe\u00e7a e viva uma experi\u00eancia que mudar\u00e1 voc\u00ea.<\/h4><\/header><\/div><div class=\"vc_cta3-actions\"><div class=\"vc_btn3-container vc_btn3-center vc_do_btn\" ><a class=\"vc_general vc_btn3 vc_btn3-size-md vc_btn3-shape-rounded vc_btn3-style-modern vc_btn3-block vc_btn3-color-juicy-pink\" href=\"https:\/\/helloingles.agency\/pt\/#contact\" title=\"\">Comece agora<\/a><\/div><\/div><\/div><\/div><\/section><\/div><\/div><\/div><\/div>\n<\/div>","protected":false},"excerpt":{"rendered":"<p>Estudar ingl\u00eas em Wellington \u00e9 aprender em uma cidade cultural e criativa com uma excelente qualidade de vida.<\/p>","protected":false},"author":1,"featured_media":71184,"parent":0,"menu_order":0,"comment_status":"closed","ping_status":"closed","template":"","meta":{"_seopress_robots_primary_cat":"","_seopress_titles_title":"%%sitetitle%% %%sep%% %%post_title%%","_seopress_titles_desc":"Estudiar ingles en Wellington es aprender en una capital cultural, creativa y compacta, ideal para estudiantes internacionales.","_seopress_robots_index":"","footnotes":""},"categories":[106],"tags":[],"class_list":["post-71183","page","type-page","status-publish","has-post-thumbnail","hentry","category-estudiar-ingles-en-nueva-zelanda"],"_links":{"self":[{"href":"https:\/\/helloingles.agency\/pt\/wp-json\/wp\/v2\/pages\/71183","targetHints":{"allow":["GET"]}}],"collection":[{"href":"https:\/\/helloingles.agency\/pt\/wp-json\/wp\/v2\/pages"}],"about":[{"href":"https:\/\/helloingles.agency\/pt\/wp-json\/wp\/v2\/types\/page"}],"author":[{"embeddable":true,"href":"https:\/\/helloingles.agency\/pt\/wp-json\/wp\/v2\/users\/1"}],"replies":[{"embeddable":true,"href":"https:\/\/helloingles.agency\/pt\/wp-json\/wp\/v2\/comments?post=71183"}],"version-history":[{"count":1,"href":"https:\/\/helloingles.agency\/pt\/wp-json\/wp\/v2\/pages\/71183\/revisions"}],"predecessor-version":[{"id":71185,"href":"https:\/\/helloingles.agency\/pt\/wp-json\/wp\/v2\/pages\/71183\/revisions\/71185"}],"wp:featuredmedia":[{"embeddable":true,"href":"https:\/\/helloingles.agency\/pt\/wp-json\/wp\/v2\/media\/71184"}],"wp:attachment":[{"href":"https:\/\/helloingles.agency\/pt\/wp-json\/wp\/v2\/media?parent=71183"}],"wp:term":[{"taxonomy":"category","embeddable":true,"href":"https:\/\/helloingles.agency\/pt\/wp-json\/wp\/v2\/categories?post=71183"},{"taxonomy":"post_tag","embeddable":true,"href":"https:\/\/helloingles.agency\/pt\/wp-json\/wp\/v2\/tags?post=71183"}],"curies":[{"name":"wp","href":"https:\/\/api.w.org\/{rel}","templated":true}]}}