{"id":71180,"date":"2026-02-09T12:29:32","date_gmt":"2026-02-09T12:29:32","guid":{"rendered":"https:\/\/helloingles.agency\/?page_id=71180"},"modified":"2026-02-09T12:29:32","modified_gmt":"2026-02-09T12:29:32","slug":"estudiar-ingles-en-auckland","status":"publish","type":"page","link":"https:\/\/helloingles.agency\/pt\/estudiar-ingles-en-auckland\/","title":{"rendered":"Estudar ingl\u00eas em Auckland"},"content":{"rendered":"<div class=\"wpb-content-wrapper\"><div class=\"vc_row wpb_row vc_row-fluid\"><div class=\"wpb_column vc_column_container vc_col-sm-12\"><div class=\"vc_column-inner\"><div class=\"wpb_wrapper\">\n\t<div class=\"wpb_text_column wpb_content_element\" >\n\t\t<div class=\"wpb_wrapper\">\n\t\t\t<h1 style=\"text-align: justify;\">Estudar ingl\u00eas em Auckland<\/h1>\n<blockquote>\n<p style=\"text-align: justify;\">Auckland combina ciudad, naturaleza y diversidad cultural en el principal destino para aprender ingl\u00e9s en Nueva Zelanda.<\/p>\n<\/blockquote>\n<p style=\"text-align: justify;\">Auckland es la ciudad m\u00e1s grande y multicultural de Nueva Zelanda. Moderna, din\u00e1mica y rodeada de mar, ofrece un entorno ideal para estudiantes internacionales que buscan calidad educativa y estilo de vida.<\/p>\n<p style=\"text-align: justify;\">Estudiar ingles en Auckland es vivir en una ciudad vibrante donde conviven culturas de todo el mundo. Su ambiente internacional facilita la pr\u00e1ctica del idioma dentro y fuera del aula desde el primer d\u00eda.<\/p>\n<h2 style=\"text-align: justify;\">Cursos de ingles en Auckland<\/h2>\n<p style=\"text-align: justify;\">La ciudad ofrece playas, parques, zonas urbanas activas y una agenda cultural constante.<br \/>\nTodo esto crea oportunidades reales para practicar ingl\u00e9s en situaciones cotidianas y sociales.<\/p>\n<h3 style=\"text-align: justify;\">Vivir y estudiar en Auckland<\/h3>\n<p style=\"text-align: justify;\">Auckland es ideal si busc\u00e1s una experiencia completa: estudios, oportunidades laborales,<br \/>\nnaturaleza cercana y una ciudad organizada con excelente calidad de vida.<\/p>\n<blockquote>\n<p style=\"text-align: justify;\">Auckland es diversidad, energ\u00eda y aprendizaje en el coraz\u00f3n de Nueva Zelanda.<\/p>\n<\/blockquote>\n\n\t\t<\/div>\n\t<\/div>\n<section class=\"vc_cta3-container\"><div class=\"vc_general vc_do_cta3 vc_cta3 vc_cta3-style-custom vc_cta3-shape-rounded vc_cta3-align-left vc_cta3-icon-size-md vc_cta3-actions-right  wpb_animate_when_almost_visible wpb_bounceIn bounceIn\" style=\"background-color:#012169;\"><div class=\"vc_cta3_content-container\"><div class=\"vc_cta3-content\"><header class=\"vc_cta3-content-header\"><h2 style=\"color:#FFFFFF;\">Pronto para tomar a decis\u00e3o mais importante de sua vida?<\/h2><h4 style=\"color:#FFFFFF;\">Mergulhe de cabe\u00e7a e viva uma experi\u00eancia que mudar\u00e1 voc\u00ea.<\/h4><\/header><\/div><div class=\"vc_cta3-actions\"><div class=\"vc_btn3-container vc_btn3-center vc_do_btn\" ><a class=\"vc_general vc_btn3 vc_btn3-size-md vc_btn3-shape-rounded vc_btn3-style-modern vc_btn3-block vc_btn3-color-juicy-pink\" href=\"https:\/\/helloingles.agency\/pt\/#contact\" title=\"\">Comece agora<\/a><\/div><\/div><\/div><\/div><\/section><\/div><\/div><\/div><\/div>\n<\/div>","protected":false},"excerpt":{"rendered":"<p>Estudar ingl\u00eas em Auckland \u00e9 uma experi\u00eancia internacional na maior e mais diversificada cidade da Nova Zel\u00e2ndia.<\/p>","protected":false},"author":1,"featured_media":71181,"parent":0,"menu_order":0,"comment_status":"closed","ping_status":"closed","template":"","meta":{"_seopress_robots_primary_cat":"","_seopress_titles_title":"%%sitetitle%% %%sep%% %%post_title%%","_seopress_titles_desc":"Estudiar ingles en Auckland es aprender en una ciudad multicultural, moderna y rodeada de naturaleza en Nueva Zelanda.","_seopress_robots_index":"","footnotes":""},"categories":[106],"tags":[],"class_list":["post-71180","page","type-page","status-publish","has-post-thumbnail","hentry","category-estudiar-ingles-en-nueva-zelanda"],"_links":{"self":[{"href":"https:\/\/helloingles.agency\/pt\/wp-json\/wp\/v2\/pages\/71180","targetHints":{"allow":["GET"]}}],"collection":[{"href":"https:\/\/helloingles.agency\/pt\/wp-json\/wp\/v2\/pages"}],"about":[{"href":"https:\/\/helloingles.agency\/pt\/wp-json\/wp\/v2\/types\/page"}],"author":[{"embeddable":true,"href":"https:\/\/helloingles.agency\/pt\/wp-json\/wp\/v2\/users\/1"}],"replies":[{"embeddable":true,"href":"https:\/\/helloingles.agency\/pt\/wp-json\/wp\/v2\/comments?post=71180"}],"version-history":[{"count":1,"href":"https:\/\/helloingles.agency\/pt\/wp-json\/wp\/v2\/pages\/71180\/revisions"}],"predecessor-version":[{"id":71182,"href":"https:\/\/helloingles.agency\/pt\/wp-json\/wp\/v2\/pages\/71180\/revisions\/71182"}],"wp:featuredmedia":[{"embeddable":true,"href":"https:\/\/helloingles.agency\/pt\/wp-json\/wp\/v2\/media\/71181"}],"wp:attachment":[{"href":"https:\/\/helloingles.agency\/pt\/wp-json\/wp\/v2\/media?parent=71180"}],"wp:term":[{"taxonomy":"category","embeddable":true,"href":"https:\/\/helloingles.agency\/pt\/wp-json\/wp\/v2\/categories?post=71180"},{"taxonomy":"post_tag","embeddable":true,"href":"https:\/\/helloingles.agency\/pt\/wp-json\/wp\/v2\/tags?post=71180"}],"curies":[{"name":"wp","href":"https:\/\/api.w.org\/{rel}","templated":true}]}}