{"id":71172,"date":"2026-02-09T12:16:19","date_gmt":"2026-02-09T12:16:19","guid":{"rendered":"https:\/\/helloingles.agency\/?page_id=71172"},"modified":"2026-02-09T12:16:38","modified_gmt":"2026-02-09T12:16:38","slug":"estudiar-ingles-en-valleta","status":"publish","type":"page","link":"https:\/\/helloingles.agency\/pt\/estudiar-ingles-en-valleta\/","title":{"rendered":"Estudar ingl\u00eas em Valleta"},"content":{"rendered":"<div class=\"wpb-content-wrapper\"><div class=\"vc_row wpb_row vc_row-fluid\"><div class=\"wpb_column vc_column_container vc_col-sm-12\"><div class=\"vc_column-inner\"><div class=\"wpb_wrapper\">\n\t<div class=\"wpb_text_column wpb_content_element\" >\n\t\t<div class=\"wpb_wrapper\">\n\t\t\t<h1 style=\"text-align: justify;\">Estudiar ingles en Valletta<\/h1>\n<blockquote><p>\nValletta es historia, cultura y autenticidad: aprender ingl\u00e9s en un entorno \u00fanico.\n<\/p><\/blockquote>\n<p style=\"text-align: justify;\">Valletta es la capital de Malta y una ciudad cargada de historia y car\u00e1cter. Declarada Patrimonio de la Humanidad, ofrece un entorno cultural \u00fanico para estudiantes internacionales.<\/p>\n<p style=\"text-align: justify;\">Estudiar ingles en Valletta es hacerlo en una ciudad compacta, elegante y cultural, donde cada calle y edificio forman parte de la experiencia diaria.<\/p>\n<h2 style=\"text-align: justify;\">Cursos de ingles en Valletta<\/h2>\n<p style=\"text-align: justify;\">La ciudad brinda un ambiente m\u00e1s aut\u00e9ntico y cultural, ideal para quienes buscan aprender ingl\u00e9s en un entorno diferente, lejos del bullicio m\u00e1s tur\u00edstico.<\/p>\n<h3 style=\"text-align: justify;\">Vivir y estudiar en Valletta<\/h3>\n<p style=\"text-align: justify;\">Valletta es perfecta para estudiantes que valoran la historia, el arte y un ritmo de vida m\u00e1s calmado, sin perder la dimensi\u00f3n internacional de Malta.<\/p>\n<blockquote>\n<p style=\"text-align: justify;\">Valletta es aprender ingl\u00e9s rodeado de historia, cultura y esencia mediterr\u00e1nea.<\/p>\n<\/blockquote>\n\n\t\t<\/div>\n\t<\/div>\n<section class=\"vc_cta3-container\"><div class=\"vc_general vc_do_cta3 vc_cta3 vc_cta3-style-custom vc_cta3-shape-rounded vc_cta3-align-left vc_cta3-icon-size-md vc_cta3-actions-right  wpb_animate_when_almost_visible wpb_bounceIn bounceIn\" style=\"background-color:#012169;\"><div class=\"vc_cta3_content-container\"><div class=\"vc_cta3-content\"><header class=\"vc_cta3-content-header\"><h2 style=\"color:#FFFFFF;\">Pronto para tomar a decis\u00e3o mais importante de sua vida?<\/h2><h4 style=\"color:#FFFFFF;\">Mergulhe de cabe\u00e7a e viva uma experi\u00eancia que mudar\u00e1 voc\u00ea.<\/h4><\/header><\/div><div class=\"vc_cta3-actions\"><div class=\"vc_btn3-container vc_btn3-center vc_do_btn\" ><a class=\"vc_general vc_btn3 vc_btn3-size-md vc_btn3-shape-rounded vc_btn3-style-modern vc_btn3-block vc_btn3-color-juicy-pink\" href=\"https:\/\/helloingles.agency\/pt\/#contact\" title=\"\">Comece agora<\/a><\/div><\/div><\/div><\/div><\/section><\/div><\/div><\/div><\/div>\n<\/div>","protected":false},"excerpt":{"rendered":"<p>Estudar ingl\u00eas em Valletta \u00e9 uma experi\u00eancia cultural \u00fanica na capital hist\u00f3rica de Malta.<\/p>","protected":false},"author":1,"featured_media":71173,"parent":0,"menu_order":0,"comment_status":"closed","ping_status":"closed","template":"","meta":{"_seopress_robots_primary_cat":"","_seopress_titles_title":"%%sitetitle%% %%sep%% %%post_title%%","_seopress_titles_desc":"Estudiar ingles en Valletta es aprender en una ciudad hist\u00f3rica y cultural, con un entorno aut\u00e9ntico y mediterr\u00e1neo.","_seopress_robots_index":"","footnotes":""},"categories":[71],"tags":[],"class_list":["post-71172","page","type-page","status-publish","has-post-thumbnail","hentry","category-estudiar-ingles-en-malta"],"_links":{"self":[{"href":"https:\/\/helloingles.agency\/pt\/wp-json\/wp\/v2\/pages\/71172","targetHints":{"allow":["GET"]}}],"collection":[{"href":"https:\/\/helloingles.agency\/pt\/wp-json\/wp\/v2\/pages"}],"about":[{"href":"https:\/\/helloingles.agency\/pt\/wp-json\/wp\/v2\/types\/page"}],"author":[{"embeddable":true,"href":"https:\/\/helloingles.agency\/pt\/wp-json\/wp\/v2\/users\/1"}],"replies":[{"embeddable":true,"href":"https:\/\/helloingles.agency\/pt\/wp-json\/wp\/v2\/comments?post=71172"}],"version-history":[{"count":1,"href":"https:\/\/helloingles.agency\/pt\/wp-json\/wp\/v2\/pages\/71172\/revisions"}],"predecessor-version":[{"id":71174,"href":"https:\/\/helloingles.agency\/pt\/wp-json\/wp\/v2\/pages\/71172\/revisions\/71174"}],"wp:featuredmedia":[{"embeddable":true,"href":"https:\/\/helloingles.agency\/pt\/wp-json\/wp\/v2\/media\/71173"}],"wp:attachment":[{"href":"https:\/\/helloingles.agency\/pt\/wp-json\/wp\/v2\/media?parent=71172"}],"wp:term":[{"taxonomy":"category","embeddable":true,"href":"https:\/\/helloingles.agency\/pt\/wp-json\/wp\/v2\/categories?post=71172"},{"taxonomy":"post_tag","embeddable":true,"href":"https:\/\/helloingles.agency\/pt\/wp-json\/wp\/v2\/tags?post=71172"}],"curies":[{"name":"wp","href":"https:\/\/api.w.org\/{rel}","templated":true}]}}