{"id":71169,"date":"2026-02-09T12:13:02","date_gmt":"2026-02-09T12:13:02","guid":{"rendered":"https:\/\/helloingles.agency\/?page_id=71169"},"modified":"2026-02-09T12:13:02","modified_gmt":"2026-02-09T12:13:02","slug":"estudar-ingles-em-sliema","status":"publish","type":"page","link":"https:\/\/helloingles.agency\/pt\/estudiar-ingles-en-sliema\/","title":{"rendered":"Estudar ingl\u00eas em Sliema"},"content":{"rendered":"<div class=\"wpb-content-wrapper\"><div class=\"vc_row wpb_row vc_row-fluid\"><div class=\"wpb_column vc_column_container vc_col-sm-12\"><div class=\"vc_column-inner\"><div class=\"wpb_wrapper\">\n\t<div class=\"wpb_text_column wpb_content_element\" >\n\t\t<div class=\"wpb_wrapper\">\n\t\t\t<h1 style=\"text-align: justify;\">Estudar ingl\u00eas em Sliema<\/h1>\n<blockquote>\n<p style=\"text-align: justify;\">Sliema combina conforto, mar e estilo urbano para aprender ingl\u00eas em paz e tranquilidade.<\/p>\n<\/blockquote>\n<p style=\"text-align: justify;\">Sliema \u00e9 uma cidade litor\u00e2nea moderna e elegante, conhecida por seu cal\u00e7ad\u00e3o \u00e0 beira-mar, \u00e1reas comerciais e atmosfera descontra\u00edda, por\u00e9m animada.<\/p>\n<p style=\"text-align: justify;\">Estudar ingl\u00eas em Sliema \u00e9 ideal para quem procura um equil\u00edbrio entre estudo, qualidade de vida e proximidade com o mar, em um ambiente confort\u00e1vel e bem conectado.<\/p>\n<h2 style=\"text-align: justify;\">Cursos de ingl\u00eas em Sliema<\/h2>\n<p style=\"text-align: justify;\">A cidade oferece uma atmosfera internacional mais tranquila do que outras \u00e1reas, perfeita para se concentrar no aprendizado sem abrir m\u00e3o dos planos sociais e culturais.<\/p>\n<h3 style=\"text-align: justify;\">Morar e estudar em Sliema<\/h3>\n<p style=\"text-align: justify;\">Sliema \u00e9 uma excelente op\u00e7\u00e3o para adultos e estudantes que valorizam a conveni\u00eancia,<br \/>\nservi\u00e7os e um ritmo de vida agrad\u00e1vel para aprender ingl\u00eas em um ritmo tranquilo.<\/p>\n<blockquote>\n<p style=\"text-align: justify;\">Sliema \u00e9 equil\u00edbrio, mar e bem-estar para estudar ingl\u00eas em Malta.<\/p>\n<\/blockquote>\n\n\t\t<\/div>\n\t<\/div>\n<section class=\"vc_cta3-container\"><div class=\"vc_general vc_do_cta3 vc_cta3 vc_cta3-style-custom vc_cta3-shape-rounded vc_cta3-align-left vc_cta3-icon-size-md vc_cta3-actions-right  wpb_animate_when_almost_visible wpb_bounceIn bounceIn\" style=\"background-color:#012169;\"><div class=\"vc_cta3_content-container\"><div class=\"vc_cta3-content\"><header class=\"vc_cta3-content-header\"><h2 style=\"color:#FFFFFF;\">Pronto para tomar a decis\u00e3o mais importante de sua vida?<\/h2><h4 style=\"color:#FFFFFF;\">Mergulhe de cabe\u00e7a e viva uma experi\u00eancia que mudar\u00e1 voc\u00ea.<\/h4><\/header><\/div><div class=\"vc_cta3-actions\"><div class=\"vc_btn3-container vc_btn3-center vc_do_btn\" ><a class=\"vc_general vc_btn3 vc_btn3-size-md vc_btn3-shape-rounded vc_btn3-style-modern vc_btn3-block vc_btn3-color-juicy-pink\" href=\"https:\/\/helloingles.agency\/pt\/#contact\" title=\"\">Comece agora<\/a><\/div><\/div><\/div><\/div><\/section><\/div><\/div><\/div><\/div>\n<\/div>","protected":false},"excerpt":{"rendered":"<p>Estudar ingl\u00eas em Sliema \u00e9 desfrutar de uma experi\u00eancia tranquila, confort\u00e1vel e \u00e0 beira-mar em Malta.<\/p>","protected":false},"author":1,"featured_media":71170,"parent":0,"menu_order":0,"comment_status":"closed","ping_status":"closed","template":"","meta":{"_seopress_robots_primary_cat":"","_seopress_titles_title":"%%sitetitle%% %%sep%% %%post_title%%","_seopress_titles_desc":"Estudiar ingles en Sliema es aprender en una ciudad costera c\u00f3moda y moderna, ideal para combinar estudio y calidad de vida.","_seopress_robots_index":"","footnotes":""},"categories":[71],"tags":[],"class_list":["post-71169","page","type-page","status-publish","has-post-thumbnail","hentry","category-estudiar-ingles-en-malta"],"_links":{"self":[{"href":"https:\/\/helloingles.agency\/pt\/wp-json\/wp\/v2\/pages\/71169","targetHints":{"allow":["GET"]}}],"collection":[{"href":"https:\/\/helloingles.agency\/pt\/wp-json\/wp\/v2\/pages"}],"about":[{"href":"https:\/\/helloingles.agency\/pt\/wp-json\/wp\/v2\/types\/page"}],"author":[{"embeddable":true,"href":"https:\/\/helloingles.agency\/pt\/wp-json\/wp\/v2\/users\/1"}],"replies":[{"embeddable":true,"href":"https:\/\/helloingles.agency\/pt\/wp-json\/wp\/v2\/comments?post=71169"}],"version-history":[{"count":1,"href":"https:\/\/helloingles.agency\/pt\/wp-json\/wp\/v2\/pages\/71169\/revisions"}],"predecessor-version":[{"id":71171,"href":"https:\/\/helloingles.agency\/pt\/wp-json\/wp\/v2\/pages\/71169\/revisions\/71171"}],"wp:featuredmedia":[{"embeddable":true,"href":"https:\/\/helloingles.agency\/pt\/wp-json\/wp\/v2\/media\/71170"}],"wp:attachment":[{"href":"https:\/\/helloingles.agency\/pt\/wp-json\/wp\/v2\/media?parent=71169"}],"wp:term":[{"taxonomy":"category","embeddable":true,"href":"https:\/\/helloingles.agency\/pt\/wp-json\/wp\/v2\/categories?post=71169"},{"taxonomy":"post_tag","embeddable":true,"href":"https:\/\/helloingles.agency\/pt\/wp-json\/wp\/v2\/tags?post=71169"}],"curies":[{"name":"wp","href":"https:\/\/api.w.org\/{rel}","templated":true}]}}