{"id":71166,"date":"2026-02-09T12:09:05","date_gmt":"2026-02-09T12:09:05","guid":{"rendered":"https:\/\/helloingles.agency\/?page_id=71166"},"modified":"2026-02-09T12:09:49","modified_gmt":"2026-02-09T12:09:49","slug":"estudiar-ingles-en-st-julians","status":"publish","type":"page","link":"https:\/\/helloingles.agency\/pt\/estudiar-ingles-en-st-julians\/","title":{"rendered":"Estudar ingl\u00eas em St. Julian's"},"content":{"rendered":"<div class=\"wpb-content-wrapper\"><div class=\"vc_row wpb_row vc_row-fluid\"><div class=\"wpb_column vc_column_container vc_col-sm-12\"><div class=\"vc_column-inner\"><div class=\"wpb_wrapper\">\n\t<div class=\"wpb_text_column wpb_content_element\" >\n\t\t<div class=\"wpb_wrapper\">\n\t\t\t<h1 style=\"text-align: justify;\">Estudiar ingles en St. Julian\u2019s<\/h1>\n<blockquote>\n<p style=\"text-align: justify;\">St. Julian\u2019s es energ\u00eda, mar y vida social: el coraz\u00f3n joven de Malta para aprender ingl\u00e9s.<\/p>\n<\/blockquote>\n<p style=\"text-align: justify;\">St. Julian\u2019s es uno de los destinos m\u00e1s populares de Malta para estudiantes internacionales. Moderna, animada y ubicada frente al mar, concentra gran parte de las escuelas de ingl\u00e9s y la vida social de la isla.<\/p>\n<p style=\"text-align: justify;\">Estudiar ingles en St. Julian\u2019s es combinar clases con un ambiente joven y din\u00e1mico. Caf\u00e9s, restaurantes, paseos mar\u00edtimos y una intensa vida social hacen que practicar el idioma sea algo natural todos los d\u00edas.<\/p>\n<h2 style=\"text-align: justify;\">Cursos de ingles en St. Julian\u2019s<\/h2>\n<p style=\"text-align: justify;\">La ciudad ofrece un entorno internacional donde estudiantes de todo el mundo conviven y se comunican en ingl\u00e9s dentro y fuera del aula, creando una experiencia muy activa y motivadora.<\/p>\n<h3 style=\"text-align: justify;\">Vivir y estudiar en St. Julian\u2019s<\/h3>\n<p style=\"text-align: justify;\">St. Julian\u2019s es ideal si buscas aprender ingl\u00e9s en un entorno animado, con clima agradable,<br \/>\nvistas al mar y muchas oportunidades para socializar.<\/p>\n<blockquote>\n<p style=\"text-align: justify;\">St. Julian\u2019s es aprender ingl\u00e9s rodeado de sol, mar y un ambiente internacional joven.<\/p>\n<\/blockquote>\n\n\t\t<\/div>\n\t<\/div>\n<section class=\"vc_cta3-container\"><div class=\"vc_general vc_do_cta3 vc_cta3 vc_cta3-style-custom vc_cta3-shape-rounded vc_cta3-align-left vc_cta3-icon-size-md vc_cta3-actions-right  wpb_animate_when_almost_visible wpb_bounceIn bounceIn\" style=\"background-color:#012169;\"><div class=\"vc_cta3_content-container\"><div class=\"vc_cta3-content\"><header class=\"vc_cta3-content-header\"><h2 style=\"color:#FFFFFF;\">Pronto para tomar a decis\u00e3o mais importante de sua vida?<\/h2><h4 style=\"color:#FFFFFF;\">Mergulhe de cabe\u00e7a e viva uma experi\u00eancia que mudar\u00e1 voc\u00ea.<\/h4><\/header><\/div><div class=\"vc_cta3-actions\"><div class=\"vc_btn3-container vc_btn3-center vc_do_btn\" ><a class=\"vc_general vc_btn3 vc_btn3-size-md vc_btn3-shape-rounded vc_btn3-style-modern vc_btn3-block vc_btn3-color-juicy-pink\" href=\"https:\/\/helloingles.agency\/pt\/#contact\" title=\"\">Comece agora<\/a><\/div><\/div><\/div><\/div><\/section><\/div><\/div><\/div><\/div>\n<\/div>","protected":false},"excerpt":{"rendered":"<p>Estudar ingl\u00eas na St. Julian's significa aprender em um ambiente jovem, din\u00e2mico e \u00e0 beira-mar em Malta.<\/p>","protected":false},"author":1,"featured_media":71167,"parent":0,"menu_order":0,"comment_status":"closed","ping_status":"closed","template":"","meta":{"_seopress_robots_primary_cat":"","_seopress_titles_title":"%%sitetitle%% %%sep%% %%post_title%%","_seopress_titles_desc":"Estudiar ingles en St. Julian\u2019s es aprender en el centro m\u00e1s animado de Malta, con mar, vida social y ambiente internacional.","_seopress_robots_index":"","footnotes":""},"categories":[71],"tags":[],"class_list":["post-71166","page","type-page","status-publish","has-post-thumbnail","hentry","category-estudiar-ingles-en-malta"],"_links":{"self":[{"href":"https:\/\/helloingles.agency\/pt\/wp-json\/wp\/v2\/pages\/71166","targetHints":{"allow":["GET"]}}],"collection":[{"href":"https:\/\/helloingles.agency\/pt\/wp-json\/wp\/v2\/pages"}],"about":[{"href":"https:\/\/helloingles.agency\/pt\/wp-json\/wp\/v2\/types\/page"}],"author":[{"embeddable":true,"href":"https:\/\/helloingles.agency\/pt\/wp-json\/wp\/v2\/users\/1"}],"replies":[{"embeddable":true,"href":"https:\/\/helloingles.agency\/pt\/wp-json\/wp\/v2\/comments?post=71166"}],"version-history":[{"count":1,"href":"https:\/\/helloingles.agency\/pt\/wp-json\/wp\/v2\/pages\/71166\/revisions"}],"predecessor-version":[{"id":71168,"href":"https:\/\/helloingles.agency\/pt\/wp-json\/wp\/v2\/pages\/71166\/revisions\/71168"}],"wp:featuredmedia":[{"embeddable":true,"href":"https:\/\/helloingles.agency\/pt\/wp-json\/wp\/v2\/media\/71167"}],"wp:attachment":[{"href":"https:\/\/helloingles.agency\/pt\/wp-json\/wp\/v2\/media?parent=71166"}],"wp:term":[{"taxonomy":"category","embeddable":true,"href":"https:\/\/helloingles.agency\/pt\/wp-json\/wp\/v2\/categories?post=71166"},{"taxonomy":"post_tag","embeddable":true,"href":"https:\/\/helloingles.agency\/pt\/wp-json\/wp\/v2\/tags?post=71166"}],"curies":[{"name":"wp","href":"https:\/\/api.w.org\/{rel}","templated":true}]}}