{"id":71156,"date":"2026-02-09T11:49:09","date_gmt":"2026-02-09T11:49:09","guid":{"rendered":"https:\/\/helloingles.agency\/?page_id=71156"},"modified":"2026-02-09T11:49:09","modified_gmt":"2026-02-09T11:49:09","slug":"estudiar-ingles-en-boston","status":"publish","type":"page","link":"https:\/\/helloingles.agency\/pt\/estudiar-ingles-en-boston\/","title":{"rendered":"Estudar ingl\u00eas em Boston"},"content":{"rendered":"<div class=\"wpb-content-wrapper\"><div class=\"vc_row wpb_row vc_row-fluid\"><div class=\"wpb_column vc_column_container vc_col-sm-12\"><div class=\"vc_column-inner\"><div class=\"wpb_wrapper\">\n\t<div class=\"wpb_text_column wpb_content_element\" >\n\t\t<div class=\"wpb_wrapper\">\n\t\t\t<section class=\"destination-content destination-boston\">\n<blockquote>\n<p style=\"text-align: justify;\">Boston es educacion y ambiente estudiantil: un destino ideal para aprender ingles con enfoque academico y cultural.<\/p>\n<\/blockquote>\n<h1>Estudar ingl\u00eas em Boston<\/h1>\n<p>Boston es una de las ciudades mas academicas y estudiantiles de Estados Unidos. Con un ambiente joven y organizado, es un destino muy elegido por quienes buscan aprender ingles en un entorno con fuerte identidad universitaria.<\/p>\n<p>Estudiar ingles en Boston es vivir entre historia, cultura y vida estudiantil. Sus barrios, bibliotecas, museos y eventos crean un entorno perfecto para practicar el idioma con objetivos claros y un ritmo constante.<\/p>\n<h2>Cursos de ingles en Boston<\/h2>\n<p>La ciudad ofrece un ambiente mas enfocado y academico, ideal para quienes buscan progresar con disciplina y aprovechar un entorno estimulante. El ingles se practica naturalmente en actividades culturales y en la vida diaria.<\/p>\n<h3>Vivir y estudiar en Boston<\/h3>\n<p>Boston es perfecta si buscas una ciudad caminable, segura y con mentalidad estudiantil. Aprender ingles aqui se siente estructurado, practico y con un fuerte impulso academico.<\/p>\n<blockquote>\n<p style=\"text-align: justify;\">Boston es una experiencia estudiantil real: aprender ingles con enfoque, cultura y un entorno academico inspirador.<\/p>\n<\/blockquote>\n<\/section>\n\n\t\t<\/div>\n\t<\/div>\n<section class=\"vc_cta3-container\"><div class=\"vc_general vc_do_cta3 vc_cta3 vc_cta3-style-custom vc_cta3-shape-rounded vc_cta3-align-left vc_cta3-icon-size-md vc_cta3-actions-right  wpb_animate_when_almost_visible wpb_bounceIn bounceIn\" style=\"background-color:#012169;\"><div class=\"vc_cta3_content-container\"><div class=\"vc_cta3-content\"><header class=\"vc_cta3-content-header\"><h2 style=\"color:#FFFFFF;\">Pronto para tomar a decis\u00e3o mais importante de sua vida?<\/h2><h4 style=\"color:#FFFFFF;\">Mergulhe de cabe\u00e7a e viva uma experi\u00eancia que mudar\u00e1 voc\u00ea.<\/h4><\/header><\/div><div class=\"vc_cta3-actions\"><div class=\"vc_btn3-container vc_btn3-center vc_do_btn\" ><a class=\"vc_general vc_btn3 vc_btn3-size-md vc_btn3-shape-rounded vc_btn3-style-modern vc_btn3-block vc_btn3-color-juicy-pink\" href=\"https:\/\/helloingles.agency\/pt\/#contact\" title=\"\">Comece agora<\/a><\/div><\/div><\/div><\/div><\/section><\/div><\/div><\/div><\/div>\n<\/div>","protected":false},"excerpt":{"rendered":"<p>Estudar ingl\u00eas em Boston \u00e9 aprender em uma cidade acad\u00eamica, cultural e amig\u00e1vel para os estudantes.<\/p>","protected":false},"author":1,"featured_media":71157,"parent":0,"menu_order":0,"comment_status":"closed","ping_status":"closed","template":"","meta":{"_seopress_robots_primary_cat":"","_seopress_titles_title":"%%sitetitle%% %%sep%% %%post_title%%","_seopress_titles_desc":"Estudiar ingles en Boston es aprender en una ciudad academica y estudiantil, con cultura, historia y practica diaria del idioma.","_seopress_robots_index":"","footnotes":""},"categories":[20],"tags":[],"class_list":["post-71156","page","type-page","status-publish","has-post-thumbnail","hentry","category-estudiar-ingles-en-estados-unidos"],"_links":{"self":[{"href":"https:\/\/helloingles.agency\/pt\/wp-json\/wp\/v2\/pages\/71156","targetHints":{"allow":["GET"]}}],"collection":[{"href":"https:\/\/helloingles.agency\/pt\/wp-json\/wp\/v2\/pages"}],"about":[{"href":"https:\/\/helloingles.agency\/pt\/wp-json\/wp\/v2\/types\/page"}],"author":[{"embeddable":true,"href":"https:\/\/helloingles.agency\/pt\/wp-json\/wp\/v2\/users\/1"}],"replies":[{"embeddable":true,"href":"https:\/\/helloingles.agency\/pt\/wp-json\/wp\/v2\/comments?post=71156"}],"version-history":[{"count":1,"href":"https:\/\/helloingles.agency\/pt\/wp-json\/wp\/v2\/pages\/71156\/revisions"}],"predecessor-version":[{"id":71158,"href":"https:\/\/helloingles.agency\/pt\/wp-json\/wp\/v2\/pages\/71156\/revisions\/71158"}],"wp:featuredmedia":[{"embeddable":true,"href":"https:\/\/helloingles.agency\/pt\/wp-json\/wp\/v2\/media\/71157"}],"wp:attachment":[{"href":"https:\/\/helloingles.agency\/pt\/wp-json\/wp\/v2\/media?parent=71156"}],"wp:term":[{"taxonomy":"category","embeddable":true,"href":"https:\/\/helloingles.agency\/pt\/wp-json\/wp\/v2\/categories?post=71156"},{"taxonomy":"post_tag","embeddable":true,"href":"https:\/\/helloingles.agency\/pt\/wp-json\/wp\/v2\/tags?post=71156"}],"curies":[{"name":"wp","href":"https:\/\/api.w.org\/{rel}","templated":true}]}}