{"id":71146,"date":"2026-02-09T11:41:33","date_gmt":"2026-02-09T11:41:33","guid":{"rendered":"https:\/\/helloingles.agency\/?page_id=71146"},"modified":"2026-02-09T11:44:16","modified_gmt":"2026-02-09T11:44:16","slug":"estudiar-ingles-en-nueva-york","status":"publish","type":"page","link":"https:\/\/helloingles.agency\/pt\/estudiar-ingles-en-nueva-york\/","title":{"rendered":"Estudar ingl\u00eas em Nova York"},"content":{"rendered":"<div class=\"wpb-content-wrapper\"><div class=\"vc_row wpb_row vc_row-fluid\"><div class=\"wpb_column vc_column_container vc_col-sm-12\"><div class=\"vc_column-inner\"><div class=\"wpb_wrapper\">\n\t<div class=\"wpb_text_column wpb_content_element\" >\n\t\t<div class=\"wpb_wrapper\">\n\t\t\t<h1 style=\"text-align: justify;\">Estudiar ingles en New York<\/h1>\n<blockquote>\n<p style=\"text-align: justify;\">New York es energia pura: una ciudad iconica donde aprender ingles se mezcla con cultura, diversidad y planes infinitos.<\/p>\n<\/blockquote>\n<p style=\"text-align: justify;\">New York es una de las ciudades mas famosas del mundo y un destino ideal para estudiantes internacionales. Su ritmo, su diversidad y su oferta cultural hacen que aprender ingles se vuelva parte natural de la vida diaria.<\/p>\n<p style=\"text-align: justify;\">Estudiar ingles en New York es vivir rodeado de acentos, culturas y oportunidades. Cada barrio tiene personalidad propia, y la ciudad ofrece museos, espectaculos, parques y una vida social constante donde practicar el idioma se vuelve inevitable.<\/p>\n<h2 style=\"text-align: justify;\">Cursos de ingles en New York<\/h2>\n<p style=\"text-align: justify;\">Entre recorridos urbanos, actividades culturales y la energia de sus calles, vas a encontrar mil excusas para hablar, escuchar y mejorar. Es un destino perfecto si buscas una experiencia intensa, internacional y con mucha motivacion.<\/p>\n<h3 style=\"text-align: justify;\">Vivir y estudiar en New York<\/h3>\n<p style=\"text-align: justify;\">New York es ideal para quienes quieren vivir una experiencia de gran ciudad: transporte, movimiento, eventos y un entorno multicultural donde el ingles se practica todo el tiempo, dentro y fuera del aula.<\/p>\n<blockquote>\n<p style=\"text-align: justify;\">New York es aprendizaje en modo real: una ciudad que te obliga a usar el ingles cada dia.<\/p>\n<\/blockquote>\n\n\t\t<\/div>\n\t<\/div>\n<section class=\"vc_cta3-container\"><div class=\"vc_general vc_do_cta3 vc_cta3 vc_cta3-style-custom vc_cta3-shape-rounded vc_cta3-align-left vc_cta3-icon-size-md vc_cta3-actions-right  wpb_animate_when_almost_visible wpb_bounceIn bounceIn\" style=\"background-color:#012169;\"><div class=\"vc_cta3_content-container\"><div class=\"vc_cta3-content\"><header class=\"vc_cta3-content-header\"><h2 style=\"color:#FFFFFF;\">Pronto para tomar a decis\u00e3o mais importante de sua vida?<\/h2><h4 style=\"color:#FFFFFF;\">Mergulhe de cabe\u00e7a e viva uma experi\u00eancia que mudar\u00e1 voc\u00ea.<\/h4><\/header><\/div><div class=\"vc_cta3-actions\"><div class=\"vc_btn3-container vc_btn3-center vc_do_btn\" ><a class=\"vc_general vc_btn3 vc_btn3-size-md vc_btn3-shape-rounded vc_btn3-style-modern vc_btn3-block vc_btn3-color-juicy-pink\" href=\"https:\/\/helloingles.agency\/pt\/#contact\" title=\"\">Comece agora<\/a><\/div><\/div><\/div><\/div><\/section><\/div><\/div><\/div><\/div>\n<\/div>","protected":false},"excerpt":{"rendered":"<p>Estudar ingl\u00eas em Nova York \u00e9 aprender em uma cidade ic\u00f4nica, multicultural e cheia de oportunidades para praticar todos os dias.<\/p>","protected":false},"author":1,"featured_media":71147,"parent":0,"menu_order":0,"comment_status":"closed","ping_status":"closed","template":"","meta":{"_seopress_robots_primary_cat":"","_seopress_titles_title":"%%sitetitle%% %%sep%% %%post_title%%","_seopress_titles_desc":"Estudiar ingles en New York es vivir una experiencia multicultural con cultura, energia y practica real del idioma todos los dias.","_seopress_robots_index":"","footnotes":""},"categories":[20],"tags":[],"class_list":["post-71146","page","type-page","status-publish","has-post-thumbnail","hentry","category-estudiar-ingles-en-estados-unidos"],"_links":{"self":[{"href":"https:\/\/helloingles.agency\/pt\/wp-json\/wp\/v2\/pages\/71146","targetHints":{"allow":["GET"]}}],"collection":[{"href":"https:\/\/helloingles.agency\/pt\/wp-json\/wp\/v2\/pages"}],"about":[{"href":"https:\/\/helloingles.agency\/pt\/wp-json\/wp\/v2\/types\/page"}],"author":[{"embeddable":true,"href":"https:\/\/helloingles.agency\/pt\/wp-json\/wp\/v2\/users\/1"}],"replies":[{"embeddable":true,"href":"https:\/\/helloingles.agency\/pt\/wp-json\/wp\/v2\/comments?post=71146"}],"version-history":[{"count":1,"href":"https:\/\/helloingles.agency\/pt\/wp-json\/wp\/v2\/pages\/71146\/revisions"}],"predecessor-version":[{"id":71148,"href":"https:\/\/helloingles.agency\/pt\/wp-json\/wp\/v2\/pages\/71146\/revisions\/71148"}],"wp:featuredmedia":[{"embeddable":true,"href":"https:\/\/helloingles.agency\/pt\/wp-json\/wp\/v2\/media\/71147"}],"wp:attachment":[{"href":"https:\/\/helloingles.agency\/pt\/wp-json\/wp\/v2\/media?parent=71146"}],"wp:term":[{"taxonomy":"category","embeddable":true,"href":"https:\/\/helloingles.agency\/pt\/wp-json\/wp\/v2\/categories?post=71146"},{"taxonomy":"post_tag","embeddable":true,"href":"https:\/\/helloingles.agency\/pt\/wp-json\/wp\/v2\/tags?post=71146"}],"curies":[{"name":"wp","href":"https:\/\/api.w.org\/{rel}","templated":true}]}}