{"id":71141,"date":"2026-02-09T11:35:49","date_gmt":"2026-02-09T11:35:49","guid":{"rendered":"https:\/\/helloingles.agency\/?page_id=71141"},"modified":"2026-02-09T11:35:49","modified_gmt":"2026-02-09T11:35:49","slug":"estudiar-ingles-en-montreal","status":"publish","type":"page","link":"https:\/\/helloingles.agency\/pt\/estudiar-ingles-en-montreal\/","title":{"rendered":"Estudar ingl\u00eas em Montreal"},"content":{"rendered":"<div class=\"wpb-content-wrapper\"><div class=\"vc_row wpb_row vc_row-fluid\"><div class=\"wpb_column vc_column_container vc_col-sm-12\"><div class=\"vc_column-inner\"><div class=\"wpb_wrapper\">\n\t<div class=\"wpb_text_column wpb_content_element\" >\n\t\t<div class=\"wpb_wrapper\">\n\t\t\t<h1 style=\"text-align: justify;\">Estudar ingl\u00eas em Montreal<\/h1>\n<blockquote>\n<p style=\"text-align: justify;\">Montreal es cultura, vida estudiantil y energia creativa: una ciudad diferente para aprender ingles y vivir una experiencia unica.<\/p>\n<\/blockquote>\n<p style=\"text-align: justify;\">Montreal es una ciudad vibrante, creativa y muy estudiantil, conocida por su ambiente cultural y sus festivales. Es un destino ideal para quienes buscan una experiencia dinamica y con personalidad, llena de planes todo el a\u00f1o.<\/p>\n<p style=\"text-align: justify;\">Estudiar ingles en Montreal es moverte por barrios con identidad propia, cafes, musica y arte urbano. Su vida social y cultural crea un entorno perfecto para practicar el idioma en situaciones reales, con una energia joven y cosmopolita.<\/p>\n<h2 style=\"text-align: justify;\">Cursos de ingles en Montreal<\/h2>\n<p style=\"text-align: justify;\">La ciudad ofrece museos, eventos, mercados y una escena gastronomica fuerte. Entre actividades y recorridos, el ingles se integra de forma natural en la rutina, ayudandote a ganar soltura y confianza.<\/p>\n<h3 style=\"text-align: justify;\">Vivir y estudiar en Montreal<\/h3>\n<p style=\"text-align: justify;\">Montreal es ideal si queres una experiencia con un toque cultural diferente y una gran comunidad internacional. Aprender ingles aqui se siente autentico, social y lleno de experiencias que te hacen avanzar sin darte cuenta.<\/p>\n<blockquote>\n<p style=\"text-align: justify;\">Montreal es creatividad y vida urbana: aprender ingles se convierte en una experiencia cultural y memorable.<\/p>\n<\/blockquote>\n\n\t\t<\/div>\n\t<\/div>\n<section class=\"vc_cta3-container\"><div class=\"vc_general vc_do_cta3 vc_cta3 vc_cta3-style-custom vc_cta3-shape-rounded vc_cta3-align-left vc_cta3-icon-size-md vc_cta3-actions-right  wpb_animate_when_almost_visible wpb_bounceIn bounceIn\" style=\"background-color:#012169;\"><div class=\"vc_cta3_content-container\"><div class=\"vc_cta3-content\"><header class=\"vc_cta3-content-header\"><h2 style=\"color:#FFFFFF;\">Pronto para tomar a decis\u00e3o mais importante de sua vida?<\/h2><h4 style=\"color:#FFFFFF;\">Mergulhe de cabe\u00e7a e viva uma experi\u00eancia que mudar\u00e1 voc\u00ea.<\/h4><\/header><\/div><div class=\"vc_cta3-actions\"><div class=\"vc_btn3-container vc_btn3-center vc_do_btn\" ><a class=\"vc_general vc_btn3 vc_btn3-size-md vc_btn3-shape-rounded vc_btn3-style-modern vc_btn3-block vc_btn3-color-juicy-pink\" href=\"https:\/\/helloingles.agency\/pt\/#contact\" title=\"\">Comece agora<\/a><\/div><\/div><\/div><\/div><\/section><\/div><\/div><\/div><\/div>\n<\/div>","protected":false},"excerpt":{"rendered":"<p>Estudar ingl\u00eas em Montreal significa aprender em uma cidade jovem e cultural, com vida estudantil, eventos e pr\u00e1tica real do idioma.<\/p>","protected":false},"author":1,"featured_media":71142,"parent":0,"menu_order":0,"comment_status":"closed","ping_status":"closed","template":"","meta":{"_seopress_robots_primary_cat":"","_seopress_titles_title":"%%sitetitle%% %%sep%% %%post_title%%","_seopress_titles_desc":"Estudiar ingles en Montreal es vivir una ciudad cultural y estudiantil, con ambiente joven, festivales y practica real del idioma cada dia.","_seopress_robots_index":"","footnotes":""},"categories":[104],"tags":[],"class_list":["post-71141","page","type-page","status-publish","has-post-thumbnail","hentry","category-estudiar-ingles-en-canada"],"_links":{"self":[{"href":"https:\/\/helloingles.agency\/pt\/wp-json\/wp\/v2\/pages\/71141","targetHints":{"allow":["GET"]}}],"collection":[{"href":"https:\/\/helloingles.agency\/pt\/wp-json\/wp\/v2\/pages"}],"about":[{"href":"https:\/\/helloingles.agency\/pt\/wp-json\/wp\/v2\/types\/page"}],"author":[{"embeddable":true,"href":"https:\/\/helloingles.agency\/pt\/wp-json\/wp\/v2\/users\/1"}],"replies":[{"embeddable":true,"href":"https:\/\/helloingles.agency\/pt\/wp-json\/wp\/v2\/comments?post=71141"}],"version-history":[{"count":1,"href":"https:\/\/helloingles.agency\/pt\/wp-json\/wp\/v2\/pages\/71141\/revisions"}],"predecessor-version":[{"id":71143,"href":"https:\/\/helloingles.agency\/pt\/wp-json\/wp\/v2\/pages\/71141\/revisions\/71143"}],"wp:featuredmedia":[{"embeddable":true,"href":"https:\/\/helloingles.agency\/pt\/wp-json\/wp\/v2\/media\/71142"}],"wp:attachment":[{"href":"https:\/\/helloingles.agency\/pt\/wp-json\/wp\/v2\/media?parent=71141"}],"wp:term":[{"taxonomy":"category","embeddable":true,"href":"https:\/\/helloingles.agency\/pt\/wp-json\/wp\/v2\/categories?post=71141"},{"taxonomy":"post_tag","embeddable":true,"href":"https:\/\/helloingles.agency\/pt\/wp-json\/wp\/v2\/tags?post=71141"}],"curies":[{"name":"wp","href":"https:\/\/api.w.org\/{rel}","templated":true}]}}