{"id":71133,"date":"2026-02-09T11:26:29","date_gmt":"2026-02-09T11:26:29","guid":{"rendered":"https:\/\/helloingles.agency\/?page_id=71133"},"modified":"2026-02-09T11:28:52","modified_gmt":"2026-02-09T11:28:52","slug":"estudiar-ingles-en-toronto","status":"publish","type":"page","link":"https:\/\/helloingles.agency\/pt\/estudiar-ingles-en-toronto\/","title":{"rendered":"Estudar ingl\u00eas em Toronto"},"content":{"rendered":"<div class=\"wpb-content-wrapper\"><div class=\"vc_row wpb_row vc_row-fluid\"><div class=\"wpb_column vc_column_container vc_col-sm-12\"><div class=\"vc_column-inner\"><div class=\"wpb_wrapper\">\n\t<div class=\"wpb_text_column wpb_content_element\" >\n\t\t<div class=\"wpb_wrapper\">\n\t\t\t<h1 style=\"text-align: justify;\">Estudar ingl\u00eas em Toronto<\/h1>\n<blockquote><p>\nToronto es la ciudad mas internacional de Canada: diversidad, vida urbana y un ambiente perfecto para practicar ingles todos los dias.\n<\/p><\/blockquote>\n<p style=\"text-align: justify;\">Toronto es una de las ciudades mas grandes y multiculturales de Norteamerica. Moderna, dinamica y llena de oportunidades, es un destino ideal para quienes quieren aprender ingles en un entorno urbano con energia internacional.<\/p>\n<p style=\"text-align: justify;\">Estudiar ingles en Toronto significa vivir en una ciudad donde conviven culturas de todo el mundo. Esa diversidad se nota en sus barrios, su gastronomia y su vida social, creando un escenario natural para practicar el idioma dentro y fuera del aula.<\/p>\n<h2 style=\"text-align: justify;\">Cursos de ingles en Toronto<\/h2>\n<p style=\"text-align: justify;\">La ciudad ofrece museos, eventos, zonas comerciales, parques y una agenda cultural constante. Pasear por sus calles es descubrir una mezcla de estilos y acentos que te impulsa a comunicarte con confianza en situaciones reales.<\/p>\n<h3 style=\"text-align: justify;\">Vivir y estudiar en Toronto<\/h3>\n<p style=\"text-align: justify;\">Toronto es perfecta si buscas una experiencia de gran ciudad: transporte, entretenimiento, vida estudiantil y un ritmo activo. Aprender ingles aqui se siente practico y util, porque el idioma forma parte de cada plan diario.<\/p>\n<blockquote>\n<p style=\"text-align: justify;\">Toronto es ritmo, diversidad y oportunidades: una ciudad ideal para aprender ingles en un contexto global.<\/p>\n<\/blockquote>\n\n\t\t<\/div>\n\t<\/div>\n<section class=\"vc_cta3-container\"><div class=\"vc_general vc_do_cta3 vc_cta3 vc_cta3-style-custom vc_cta3-shape-rounded vc_cta3-align-left vc_cta3-icon-size-md vc_cta3-actions-right  wpb_animate_when_almost_visible wpb_bounceIn bounceIn\" style=\"background-color:#012169;\"><div class=\"vc_cta3_content-container\"><div class=\"vc_cta3-content\"><header class=\"vc_cta3-content-header\"><h2 style=\"color:#FFFFFF;\">Pronto para tomar a decis\u00e3o mais importante de sua vida?<\/h2><h4 style=\"color:#FFFFFF;\">Mergulhe de cabe\u00e7a e viva uma experi\u00eancia que mudar\u00e1 voc\u00ea.<\/h4><\/header><\/div><div class=\"vc_cta3-actions\"><div class=\"vc_btn3-container vc_btn3-center vc_do_btn\" ><a class=\"vc_general vc_btn3 vc_btn3-size-md vc_btn3-shape-rounded vc_btn3-style-modern vc_btn3-block vc_btn3-color-juicy-pink\" href=\"https:\/\/helloingles.agency\/pt\/#contact\" title=\"\">Comece agora<\/a><\/div><\/div><\/div><\/div><\/section><\/div><\/div><\/div><\/div>\n<\/div>","protected":false},"excerpt":{"rendered":"<p>Estudar ingl\u00eas em Toronto \u00e9 aprender em uma cidade moderna e multicultural, com vida urbana, cultura e pr\u00e1tica di\u00e1ria do idioma.<\/p>","protected":false},"author":1,"featured_media":71135,"parent":0,"menu_order":0,"comment_status":"closed","ping_status":"closed","template":"","meta":{"_seopress_robots_primary_cat":"","_seopress_titles_title":"%%sitetitle%% %%sep%% %%post_title%%","_seopress_titles_desc":"Estudiar ingles en Toronto es vivir una experiencia internacional en una ciudad multicultural, moderna y vibrante, ideal para practicar a diario.","_seopress_robots_index":"","footnotes":""},"categories":[104],"tags":[],"class_list":["post-71133","page","type-page","status-publish","has-post-thumbnail","hentry","category-estudiar-ingles-en-canada"],"_links":{"self":[{"href":"https:\/\/helloingles.agency\/pt\/wp-json\/wp\/v2\/pages\/71133","targetHints":{"allow":["GET"]}}],"collection":[{"href":"https:\/\/helloingles.agency\/pt\/wp-json\/wp\/v2\/pages"}],"about":[{"href":"https:\/\/helloingles.agency\/pt\/wp-json\/wp\/v2\/types\/page"}],"author":[{"embeddable":true,"href":"https:\/\/helloingles.agency\/pt\/wp-json\/wp\/v2\/users\/1"}],"replies":[{"embeddable":true,"href":"https:\/\/helloingles.agency\/pt\/wp-json\/wp\/v2\/comments?post=71133"}],"version-history":[{"count":1,"href":"https:\/\/helloingles.agency\/pt\/wp-json\/wp\/v2\/pages\/71133\/revisions"}],"predecessor-version":[{"id":71134,"href":"https:\/\/helloingles.agency\/pt\/wp-json\/wp\/v2\/pages\/71133\/revisions\/71134"}],"wp:featuredmedia":[{"embeddable":true,"href":"https:\/\/helloingles.agency\/pt\/wp-json\/wp\/v2\/media\/71135"}],"wp:attachment":[{"href":"https:\/\/helloingles.agency\/pt\/wp-json\/wp\/v2\/media?parent=71133"}],"wp:term":[{"taxonomy":"category","embeddable":true,"href":"https:\/\/helloingles.agency\/pt\/wp-json\/wp\/v2\/categories?post=71133"},{"taxonomy":"post_tag","embeddable":true,"href":"https:\/\/helloingles.agency\/pt\/wp-json\/wp\/v2\/tags?post=71133"}],"curies":[{"name":"wp","href":"https:\/\/api.w.org\/{rel}","templated":true}]}}