{"id":71123,"date":"2026-02-09T11:09:54","date_gmt":"2026-02-09T11:09:54","guid":{"rendered":"https:\/\/helloingles.agency\/?page_id=71123"},"modified":"2026-02-09T11:09:54","modified_gmt":"2026-02-09T11:09:54","slug":"estudiar-ingles-en-brisbane","status":"publish","type":"page","link":"https:\/\/helloingles.agency\/pt\/estudiar-ingles-en-brisbane\/","title":{"rendered":"Estudar ingl\u00eas em Brisbane"},"content":{"rendered":"<div class=\"wpb-content-wrapper\"><div class=\"vc_row wpb_row vc_row-fluid\"><div class=\"wpb_column vc_column_container vc_col-sm-12\"><div class=\"vc_column-inner\"><div class=\"wpb_wrapper\">\n\t<div class=\"wpb_text_column wpb_content_element\" >\n\t\t<div class=\"wpb_wrapper\">\n\t\t\t<h1 style=\"text-align: justify;\">Estudar ingl\u00eas em Brisbane<\/h1>\n<blockquote>\n<p style=\"text-align: justify;\">Brisbane ofrece clima c\u00e1lido, calidad de vida y un entorno relajado para aprender ingl\u00e9s.<\/p>\n<\/blockquote>\n<p style=\"text-align: justify;\">Brisbane es una ciudad moderna y en crecimiento, ubicada en la costa este de Australia.<br \/>\nSu clima agradable y su estilo de vida relajado la convierten en una opci\u00f3n muy atractiva para estudiantes internacionales.<\/p>\n<p style=\"text-align: justify;\">Estudiar ingles en Brisbane significa aprender en un entorno amigable, seguro y con menor costo de vida comparado con otras grandes ciudades australianas.<\/p>\n<h2 style=\"text-align: justify;\">Cursos de ingles en Brisbane<\/h2>\n<p style=\"text-align: justify;\">La ciudad combina espacios verdes, vida urbana y cercan\u00eda a playas y parques naturales,<br \/>\nofreciendo un equilibrio ideal entre estudio y disfrute.<\/p>\n<h3 style=\"text-align: justify;\">Vivir y estudiar en Brisbane<\/h3>\n<p style=\"text-align: justify;\">Brisbane es ideal para quienes buscan tranquilidad sin renunciar a oportunidades acad\u00e9micas y sociales. Aprender ingl\u00e9s aqu\u00ed es hacerlo a un ritmo c\u00f3modo y con excelente calidad de vida.<\/p>\n<blockquote>\n<p style=\"text-align: justify;\">Brisbane es equilibrio, clima y aprendizaje en un entorno relajado.<\/p>\n<\/blockquote>\n\n\t\t<\/div>\n\t<\/div>\n<section class=\"vc_cta3-container\"><div class=\"vc_general vc_do_cta3 vc_cta3 vc_cta3-style-custom vc_cta3-shape-rounded vc_cta3-align-left vc_cta3-icon-size-md vc_cta3-actions-right  wpb_animate_when_almost_visible wpb_bounceIn bounceIn\" style=\"background-color:#012169;\"><div class=\"vc_cta3_content-container\"><div class=\"vc_cta3-content\"><header class=\"vc_cta3-content-header\"><h2 style=\"color:#FFFFFF;\">Pronto para tomar a decis\u00e3o mais importante de sua vida?<\/h2><h4 style=\"color:#FFFFFF;\">Mergulhe de cabe\u00e7a e viva uma experi\u00eancia que mudar\u00e1 voc\u00ea.<\/h4><\/header><\/div><div class=\"vc_cta3-actions\"><div class=\"vc_btn3-container vc_btn3-center vc_do_btn\" ><a class=\"vc_general vc_btn3 vc_btn3-size-md vc_btn3-shape-rounded vc_btn3-style-modern vc_btn3-block vc_btn3-color-juicy-pink\" href=\"https:\/\/helloingles.agency\/pt\/#contact\" title=\"\">Comece agora<\/a><\/div><\/div><\/div><\/div><\/section><\/div><\/div><\/div><\/div>\n<\/div>","protected":false},"excerpt":{"rendered":"<p>Estudar ingl\u00eas em Brisbane significa aprender em uma cidade moderna e acolhedora com \u00f3tima qualidade de vida.<\/p>","protected":false},"author":1,"featured_media":71124,"parent":0,"menu_order":0,"comment_status":"closed","ping_status":"closed","template":"","meta":{"_seopress_robots_primary_cat":"","_seopress_titles_title":"%%sitetitle%% %%sep%% %%post_title%%","_seopress_titles_desc":"Estudiar ingl\u00e9s en Brisbane es disfrutar de un clima c\u00e1lido, calidad de vida y un entorno ideal para estudiantes internacionales.","_seopress_robots_index":"","footnotes":""},"categories":[105],"tags":[],"class_list":["post-71123","page","type-page","status-publish","has-post-thumbnail","hentry","category-estudiar-ingles-en-australia"],"_links":{"self":[{"href":"https:\/\/helloingles.agency\/pt\/wp-json\/wp\/v2\/pages\/71123","targetHints":{"allow":["GET"]}}],"collection":[{"href":"https:\/\/helloingles.agency\/pt\/wp-json\/wp\/v2\/pages"}],"about":[{"href":"https:\/\/helloingles.agency\/pt\/wp-json\/wp\/v2\/types\/page"}],"author":[{"embeddable":true,"href":"https:\/\/helloingles.agency\/pt\/wp-json\/wp\/v2\/users\/1"}],"replies":[{"embeddable":true,"href":"https:\/\/helloingles.agency\/pt\/wp-json\/wp\/v2\/comments?post=71123"}],"version-history":[{"count":1,"href":"https:\/\/helloingles.agency\/pt\/wp-json\/wp\/v2\/pages\/71123\/revisions"}],"predecessor-version":[{"id":71125,"href":"https:\/\/helloingles.agency\/pt\/wp-json\/wp\/v2\/pages\/71123\/revisions\/71125"}],"wp:featuredmedia":[{"embeddable":true,"href":"https:\/\/helloingles.agency\/pt\/wp-json\/wp\/v2\/media\/71124"}],"wp:attachment":[{"href":"https:\/\/helloingles.agency\/pt\/wp-json\/wp\/v2\/media?parent=71123"}],"wp:term":[{"taxonomy":"category","embeddable":true,"href":"https:\/\/helloingles.agency\/pt\/wp-json\/wp\/v2\/categories?post=71123"},{"taxonomy":"post_tag","embeddable":true,"href":"https:\/\/helloingles.agency\/pt\/wp-json\/wp\/v2\/tags?post=71123"}],"curies":[{"name":"wp","href":"https:\/\/api.w.org\/{rel}","templated":true}]}}