{"id":71119,"date":"2026-02-09T11:04:24","date_gmt":"2026-02-09T11:04:24","guid":{"rendered":"https:\/\/helloingles.agency\/?page_id=71119"},"modified":"2026-02-09T11:06:39","modified_gmt":"2026-02-09T11:06:39","slug":"estudiar-ingles-en-melbourne","status":"publish","type":"page","link":"https:\/\/helloingles.agency\/pt\/estudiar-ingles-en-melbourne\/","title":{"rendered":"Estudar ingl\u00eas em Melbourne"},"content":{"rendered":"<div class=\"wpb-content-wrapper\"><div class=\"vc_row wpb_row vc_row-fluid\"><div class=\"wpb_column vc_column_container vc_col-sm-12\"><div class=\"vc_column-inner\"><div class=\"wpb_wrapper\">\n\t<div class=\"wpb_text_column wpb_content_element\" >\n\t\t<div class=\"wpb_wrapper\">\n\t\t\t<h1 style=\"text-align: justify;\">Estudar ingl\u00eas em Melbourne<\/h1>\n<blockquote><p>\nMelbourne es creatividad, cultura y educaci\u00f3n de primer nivel en una ciudad moderna y alternativa.\n<\/p><\/blockquote>\n<p style=\"text-align: justify;\">Melbourne es considerada la capital cultural de Australia. Famosa por su arte, su gastronom\u00eda y su estilo de vida, es una ciudad vibrante y sofisticada que atrae a estudiantes de todo el mundo.<\/p>\n<p style=\"text-align: justify;\">Estudiar ingles en Melbourne es hacerlo en una ciudad joven, innovadora y con fuerte identidad cultural. Sus barrios bohemios, caf\u00e9s ic\u00f3nicos y eventos constantes crean un entorno ideal para aprender y expresarse.<\/p>\n<h2 style=\"text-align: justify;\">Cursos de ingles en Melbourne<\/h2>\n<p style=\"text-align: justify;\">La ciudad destaca por su excelencia educativa y por ofrecer un ambiente internacional donde el ingl\u00e9s se practica de forma natural en el d\u00eda a d\u00eda, tanto dentro como fuera del aula.<\/p>\n<h3 style=\"text-align: justify;\">Vivir y estudiar en Melbourne<\/h3>\n<p style=\"text-align: justify;\">Melbourne es perfecta para quienes buscan una experiencia urbana, creativa y multicultural. Aprender ingl\u00e9s aqu\u00ed es sumergirse en una ciudad que valora la educaci\u00f3n, la diversidad y la innovaci\u00f3n.<\/p>\n<blockquote>\n<p style=\"text-align: justify;\">Melbourne es estilo, cultura y aprendizaje en equilibrio perfecto.<\/p>\n<\/blockquote>\n\n\t\t<\/div>\n\t<\/div>\n<section class=\"vc_cta3-container\"><div class=\"vc_general vc_do_cta3 vc_cta3 vc_cta3-style-custom vc_cta3-shape-rounded vc_cta3-align-left vc_cta3-icon-size-md vc_cta3-actions-right  wpb_animate_when_almost_visible wpb_bounceIn bounceIn\" style=\"background-color:#012169;\"><div class=\"vc_cta3_content-container\"><div class=\"vc_cta3-content\"><header class=\"vc_cta3-content-header\"><h2 style=\"color:#FFFFFF;\">Pronto para tomar a decis\u00e3o mais importante de sua vida?<\/h2><h4 style=\"color:#FFFFFF;\">Mergulhe de cabe\u00e7a e viva uma experi\u00eancia que mudar\u00e1 voc\u00ea.<\/h4><\/header><\/div><div class=\"vc_cta3-actions\"><div class=\"vc_btn3-container vc_btn3-center vc_do_btn\" ><a class=\"vc_general vc_btn3 vc_btn3-size-md vc_btn3-shape-rounded vc_btn3-style-modern vc_btn3-block vc_btn3-color-juicy-pink\" href=\"https:\/\/helloingles.agency\/pt\/#contact\" title=\"\">Comece agora<\/a><\/div><\/div><\/div><\/div><\/section><\/div><\/div><\/div><\/div>\n<\/div>","protected":false},"excerpt":{"rendered":"<p>Estudar ingl\u00eas em Melbourne \u00e9 aprender em uma cidade cultural, moderna e cheia de vida estudantil.<\/p>","protected":false},"author":1,"featured_media":71121,"parent":0,"menu_order":0,"comment_status":"closed","ping_status":"closed","template":"","meta":{"_seopress_robots_primary_cat":"","_seopress_titles_title":"%%sitetitle%% %%sep%% %%post_title%%","_seopress_titles_desc":"Estudiar ingl\u00e9s en Melbourne es vivir una experiencia cultural, creativa y educativa en una de las ciudades m\u00e1s vibrantes de Australia.","_seopress_robots_index":"","footnotes":""},"categories":[105],"tags":[],"class_list":["post-71119","page","type-page","status-publish","has-post-thumbnail","hentry","category-estudiar-ingles-en-australia"],"_links":{"self":[{"href":"https:\/\/helloingles.agency\/pt\/wp-json\/wp\/v2\/pages\/71119","targetHints":{"allow":["GET"]}}],"collection":[{"href":"https:\/\/helloingles.agency\/pt\/wp-json\/wp\/v2\/pages"}],"about":[{"href":"https:\/\/helloingles.agency\/pt\/wp-json\/wp\/v2\/types\/page"}],"author":[{"embeddable":true,"href":"https:\/\/helloingles.agency\/pt\/wp-json\/wp\/v2\/users\/1"}],"replies":[{"embeddable":true,"href":"https:\/\/helloingles.agency\/pt\/wp-json\/wp\/v2\/comments?post=71119"}],"version-history":[{"count":2,"href":"https:\/\/helloingles.agency\/pt\/wp-json\/wp\/v2\/pages\/71119\/revisions"}],"predecessor-version":[{"id":71122,"href":"https:\/\/helloingles.agency\/pt\/wp-json\/wp\/v2\/pages\/71119\/revisions\/71122"}],"wp:featuredmedia":[{"embeddable":true,"href":"https:\/\/helloingles.agency\/pt\/wp-json\/wp\/v2\/media\/71121"}],"wp:attachment":[{"href":"https:\/\/helloingles.agency\/pt\/wp-json\/wp\/v2\/media?parent=71119"}],"wp:term":[{"taxonomy":"category","embeddable":true,"href":"https:\/\/helloingles.agency\/pt\/wp-json\/wp\/v2\/categories?post=71119"},{"taxonomy":"post_tag","embeddable":true,"href":"https:\/\/helloingles.agency\/pt\/wp-json\/wp\/v2\/tags?post=71119"}],"curies":[{"name":"wp","href":"https:\/\/api.w.org\/{rel}","templated":true}]}}