{"id":70903,"date":"2026-02-03T13:36:27","date_gmt":"2026-02-03T13:36:27","guid":{"rendered":"https:\/\/helloingles.agency\/?page_id=70903"},"modified":"2026-02-03T14:59:30","modified_gmt":"2026-02-03T14:59:30","slug":"seguro-saude-para-estudantes","status":"publish","type":"page","link":"https:\/\/helloingles.agency\/pt\/seguro-medico-para-estudiantes\/","title":{"rendered":"Seguro-sa\u00fade para estudantes"},"content":{"rendered":"<div class=\"wpb-content-wrapper\"><div class=\"vc_row wpb_row vc_row-fluid\"><div class=\"wpb_column vc_column_container vc_col-sm-12\"><div class=\"vc_column-inner\"><div class=\"wpb_wrapper\">\n\t<div class=\"wpb_text_column wpb_content_element\" >\n\t\t<div class=\"wpb_wrapper\">\n\t\t\t<h1 style=\"text-align: justify;\">Requisitos importantes antes de estudar ingl\u00eas no exterior<\/h1>\n<blockquote>\n<p style=\"text-align: justify;\">Se estiver planejando estudar ingl\u00eas fora do seu pa\u00eds de origem, \u00e9 essencial verificar com anteced\u00eancia os requisitos para estudantes internacionais. Em muitos destinos, um seguro de sa\u00fade adequado n\u00e3o \u00e9 apenas recomendado, mas um requisito obrigat\u00f3rio para obter um visto de estudante e permanecer legalmente durante o programa. As condi\u00e7\u00f5es do seguro podem variar de acordo com o pa\u00eds, a dura\u00e7\u00e3o do curso e a sua nacionalidade, portanto, um planejamento adequado pode ajud\u00e1-lo a evitar contratempos antes e durante a viagem.<\/p>\n<\/blockquote>\n<h3 style=\"text-align: justify;\">Estudar ingl\u00eas como um estudante internacional<\/h3>\n<p style=\"text-align: justify;\">Os alunos internacionais geralmente est\u00e3o sujeitos a requisitos espec\u00edficos de imigra\u00e7\u00e3o e sa\u00fade. Preparar a documenta\u00e7\u00e3o correta com anteced\u00eancia ajuda a evitar atrasos no processo de visto e garante uma experi\u00eancia de estudo mais tranquila e organizada desde o primeiro dia.<\/p>\n<h2 style=\"text-align: justify;\">Exig\u00eancia de visto de estudante<\/h2>\n<p style=\"text-align: justify;\">Dependendo da sua nacionalidade e da dura\u00e7\u00e3o do curso, talvez seja necess\u00e1rio solicitar um visto de estudante antes da viagem ou na chegada. Um dos documentos mais comuns \u00e9 a comprova\u00e7\u00e3o de um seguro de sa\u00fade v\u00e1lido que cubra toda a dura\u00e7\u00e3o do programa de estudos.<\/p>\n<p style=\"text-align: justify;\">Em muitos casos, as autoridades migrat\u00f3rias exigem que o seguro atenda a condi\u00e7\u00f5es m\u00ednimas espec\u00edficas, como cobertura m\u00e9dica abrangente e assist\u00eancia em situa\u00e7\u00f5es de emerg\u00eancia.<\/p>\n<h3 style=\"text-align: justify;\">Documenta\u00e7\u00e3o comumente solicitada<\/h3>\n<p style=\"text-align: justify;\">Durante o processo de solicita\u00e7\u00e3o de visto ou de registro, ele normalmente \u00e9 solicitado:<\/p>\n<ul style=\"text-align: justify;\">\n<li>Comprovante de matr\u00edcula em uma escola de idiomas credenciada.<\/li>\n<li>Seguro m\u00e9dico v\u00e1lido para a dura\u00e7\u00e3o da estadia.<\/li>\n<li>Comprovante de fundos suficientes para se sustentar durante o programa.<\/li>\n<li>Em alguns casos, atestado m\u00e9dico ou registro criminal.<\/li>\n<\/ul>\n<h2 style=\"text-align: justify;\">O que seu seguro de sa\u00fade deve cobrir<\/h2>\n<p style=\"text-align: justify;\">O seguro-sa\u00fade deve oferecer cobertura total durante a estadia no exterior. Isso inclui atendimento m\u00e9dico para doen\u00e7as ou acidentes, hospitaliza\u00e7\u00e3o e emerg\u00eancias. Em muitos destinos, a cobertura para repatria\u00e7\u00e3o ou evacua\u00e7\u00e3o m\u00e9dica tamb\u00e9m \u00e9 necess\u00e1ria.<\/p>\n<p style=\"text-align: justify;\">\u00c9 fundamental que as datas do seguro coincidam exatamente com as datas do curso (e at\u00e9 mesmo com alguns dias extras antes e depois) e que n\u00e3o haja limita\u00e7\u00f5es que impe\u00e7am o acesso a servi\u00e7os essenciais.<\/p>\n<h3 style=\"text-align: justify;\">Requisitos e coment\u00e1rios dependendo do destino<\/h3>\n<h4 style=\"text-align: justify;\"><strong>Austr\u00e1lia<\/strong><\/h4>\n<p style=\"text-align: justify;\">\u00c9 obrigat\u00f3rio fazer um seguro para estudar ingl\u00eas <strong>OSHC (Overseas Student Health Cover)<\/strong>, aprovado pelo governo australiano. Ele deve cobrir toda a dura\u00e7\u00e3o do visto e deve ser contratado antes da viagem. Sem esse seguro, o visto de estudante n\u00e3o \u00e9 aprovado.<\/p>\n<h4 style=\"text-align: justify;\"><strong>Reino Unido<\/strong><\/h4>\n<p style=\"text-align: justify;\">Em cursos longos, os alunos geralmente pagam o <strong>Sobretaxa de sa\u00fade para imigrantes (IHS)<\/strong> como parte do processo de visto, o que permite o acesso ao sistema p\u00fablico de sa\u00fade (NHS). Mesmo assim, muitas escolas recomendam ter um seguro complementar para cobertura adicional.<\/p>\n<h4 style=\"text-align: justify;\"><strong>Irlanda<\/strong><\/h4>\n<p style=\"text-align: justify;\">Para cursos de longa dura\u00e7\u00e3o, \u00e9 obrigat\u00f3rio ter um <strong>seguro de sa\u00fade privado<\/strong> que atenda aos requisitos m\u00ednimos de imigra\u00e7\u00e3o. Esse seguro \u00e9 necess\u00e1rio tanto para o visto quanto para a matr\u00edcula de alunos locais.<\/p>\n<h4 style=\"text-align: justify;\"><strong>Canad\u00e1<\/strong><\/h4>\n<p style=\"text-align: justify;\">Os requisitos variam de acordo com a prov\u00edncia e a dura\u00e7\u00e3o do curso. Em muitos casos, as escolas oferecem seguro-sa\u00fade obrigat\u00f3rio para estudantes internacionais, especialmente para programas de longo prazo.<\/p>\n<h4 style=\"text-align: justify;\"><strong>Estados Unidos<\/strong><\/h4>\n<p style=\"text-align: justify;\">Os alunos com visto F-1 devem ter seguro de sa\u00fade que atenda aos padr\u00f5es da institui\u00e7\u00e3o educacional. A cobertura privada \u00e9 obrigat\u00f3ria e deve estar ativa durante toda a estadia.<\/p>\n<h4 style=\"text-align: justify;\"><strong>Malta<\/strong><\/h4>\n<p style=\"text-align: justify;\">Para estudantes n\u00e3o europeus, o seguro m\u00e9dico \u00e9 obrigat\u00f3rio para a solicita\u00e7\u00e3o de visto e deve cobrir assist\u00eancia m\u00e9dica, hospitaliza\u00e7\u00e3o e repatria\u00e7\u00e3o durante o per\u00edodo do programa.<\/p>\n<h3 style=\"text-align: justify;\">Chegada e registro como estudante<\/h3>\n<p style=\"text-align: justify;\">Uma vez no destino, alguns alunos precisam cumprir formalidades administrativas adicionais, especialmente em programas de longo prazo. Isso pode incluir registros de imigra\u00e7\u00e3o, obten\u00e7\u00e3o de carteiras de estudante ou compromissos locais. As escolas geralmente fornecem orienta\u00e7\u00e3o sobre esses processos e apoio inicial para uma adapta\u00e7\u00e3o bem-sucedida.<\/p>\n<h2 style=\"text-align: justify;\">Prolongue sua estadia como estudante<\/h2>\n<p style=\"text-align: justify;\">Se voc\u00ea decidir estender seu curso de ingl\u00eas, talvez seja necess\u00e1rio renovar ou estender seu seguro de sa\u00fade antes que sua permiss\u00e3o atual expire. Em muitos destinos, n\u00e3o \u00e9 poss\u00edvel prorrogar seu visto ou registro sem provar que seu seguro ainda \u00e9 v\u00e1lido.<\/p>\n<blockquote>\n<p style=\"text-align: justify;\">Sempre verifique os requisitos espec\u00edficos de acordo com sua nacionalidade, destino e dura\u00e7\u00e3o do programa. Mantenha c\u00f3pias digitais e f\u00edsicas de toda a documenta\u00e7\u00e3o e procure orienta\u00e7\u00e3o antes de contratar um seguro-sa\u00fade.\u00a0<strong>Uma boa prepara\u00e7\u00e3o permite que voc\u00ea se concentre no aprendizado do ingl\u00eas e aproveite totalmente a experi\u00eancia internacional.<\/strong>, com a tranquilidade de estar coberto no caso de qualquer evento imprevisto.<\/p>\n<\/blockquote>\n\n\t\t<\/div>\n\t<\/div>\n<section class=\"vc_cta3-container\"><div class=\"vc_general vc_do_cta3 vc_cta3 vc_cta3-style-custom vc_cta3-shape-rounded vc_cta3-align-left vc_cta3-icon-size-md vc_cta3-actions-right  wpb_animate_when_almost_visible wpb_bounceIn bounceIn\" style=\"background-color:#012169;\"><div class=\"vc_cta3_content-container\"><div class=\"vc_cta3-content\"><header class=\"vc_cta3-content-header\"><h2 style=\"color:#FFFFFF;\">Pronto para tomar a decis\u00e3o mais importante de sua vida?<\/h2><h4 style=\"color:#FFFFFF;\">Mergulhe de cabe\u00e7a e viva uma experi\u00eancia que mudar\u00e1 voc\u00ea.<\/h4><\/header><\/div><div class=\"vc_cta3-actions\"><div class=\"vc_btn3-container vc_btn3-center vc_do_btn\" ><a class=\"vc_general vc_btn3 vc_btn3-size-md vc_btn3-shape-rounded vc_btn3-style-modern vc_btn3-block vc_btn3-color-juicy-pink\" href=\"https:\/\/helloingles.agency\/pt\/#contact\" title=\"\">Comece agora<\/a><\/div><\/div><\/div><\/div><\/section><\/div><\/div><\/div><\/div>\n<\/div>","protected":false},"excerpt":{"rendered":"<p>Seguro de sa\u00fade para estudantes internacionais que planejam estudar ingl\u00eas no exterior, com informa\u00e7\u00f5es importantes sobre requisitos, visto e cobertura necess\u00e1ria.<\/p>","protected":false},"author":1,"featured_media":70904,"parent":0,"menu_order":0,"comment_status":"closed","ping_status":"closed","template":"","meta":{"_seopress_robots_primary_cat":"","_seopress_titles_title":"%%sitetitle%% %%sep%% %%post_title%%","_seopress_titles_desc":"Seguro m\u00e9dico para estudiantes internacionales que estudian ingl\u00e9s en el exterior: requisitos, visa de estudiante y cobertura necesaria antes de viajar.","_seopress_robots_index":"","footnotes":""},"categories":[103],"tags":[],"class_list":["post-70903","page","type-page","status-publish","has-post-thumbnail","hentry","category-apoyo-orientacion"],"_links":{"self":[{"href":"https:\/\/helloingles.agency\/pt\/wp-json\/wp\/v2\/pages\/70903","targetHints":{"allow":["GET"]}}],"collection":[{"href":"https:\/\/helloingles.agency\/pt\/wp-json\/wp\/v2\/pages"}],"about":[{"href":"https:\/\/helloingles.agency\/pt\/wp-json\/wp\/v2\/types\/page"}],"author":[{"embeddable":true,"href":"https:\/\/helloingles.agency\/pt\/wp-json\/wp\/v2\/users\/1"}],"replies":[{"embeddable":true,"href":"https:\/\/helloingles.agency\/pt\/wp-json\/wp\/v2\/comments?post=70903"}],"version-history":[{"count":3,"href":"https:\/\/helloingles.agency\/pt\/wp-json\/wp\/v2\/pages\/70903\/revisions"}],"predecessor-version":[{"id":70925,"href":"https:\/\/helloingles.agency\/pt\/wp-json\/wp\/v2\/pages\/70903\/revisions\/70925"}],"wp:featuredmedia":[{"embeddable":true,"href":"https:\/\/helloingles.agency\/pt\/wp-json\/wp\/v2\/media\/70904"}],"wp:attachment":[{"href":"https:\/\/helloingles.agency\/pt\/wp-json\/wp\/v2\/media?parent=70903"}],"wp:term":[{"taxonomy":"category","embeddable":true,"href":"https:\/\/helloingles.agency\/pt\/wp-json\/wp\/v2\/categories?post=70903"},{"taxonomy":"post_tag","embeddable":true,"href":"https:\/\/helloingles.agency\/pt\/wp-json\/wp\/v2\/tags?post=70903"}],"curies":[{"name":"wp","href":"https:\/\/api.w.org\/{rel}","templated":true}]}}