{"id":70892,"date":"2026-02-03T13:14:12","date_gmt":"2026-02-03T13:14:12","guid":{"rendered":"https:\/\/helloingles.agency\/?page_id=70892"},"modified":"2026-02-03T14:54:48","modified_gmt":"2026-02-03T14:54:48","slug":"programa-erasmus-para-paises-europeus","status":"publish","type":"page","link":"https:\/\/helloingles.agency\/pt\/programa-erasmus-para-paises-europeos\/","title":{"rendered":"Programa Erasmus para pa\u00edses europeus"},"content":{"rendered":"<div class=\"wpb-content-wrapper\"><div class=\"vc_row wpb_row vc_row-fluid\"><div class=\"wpb_column vc_column_container vc_col-sm-12\"><div class=\"vc_column-inner\"><div class=\"wpb_wrapper\">\n\t<div class=\"wpb_text_column wpb_content_element\" >\n\t\t<div class=\"wpb_wrapper\">\n\t\t\t<h1 style=\"text-align: justify;\">Mobilidade educacional no exterior com suporte total<\/h1>\n<blockquote>\n<p style=\"text-align: justify;\">Na Hello Ingles, acompanhamos escolas, alunos e professores de pa\u00edses europeus no desenvolvimento de programas de mobilidade Erasmus+, projetados para aprender ingl\u00eas por meio de experi\u00eancias educacionais internacionais seguras, estruturadas e enriquecedoras. Nossa abordagem combina qualidade acad\u00eamica, organiza\u00e7\u00e3o clara e uma experi\u00eancia cultural com impacto real.<\/p>\n<\/blockquote>\n<h3 style=\"text-align: justify;\">Aprendizado de idiomas em um contexto da vida real<\/h3>\n<p style=\"text-align: justify;\">Os programas Erasmus+ que coordenamos integram o treinamento do idioma com experi\u00eancias pr\u00e1ticas e culturais, permitindo que os participantes aprimorem seu n\u00edvel de ingl\u00eas em um ambiente internacional aut\u00eantico. O aprendizado n\u00e3o se limita \u00e0 sala de aula: ele \u00e9 refor\u00e7ado por meio da conviv\u00eancia, das atividades em grupo e da intera\u00e7\u00e3o di\u00e1ria, estimulando a comunica\u00e7\u00e3o real, a autonomia e a confian\u00e7a.<\/p>\n<p style=\"text-align: justify;\">Essa abordagem \u00e9 particularmente valiosa para o desenvolvimento de habilidades essenciais, como adapta\u00e7\u00e3o intercultural, conversa\u00e7\u00e3o e confian\u00e7a na comunica\u00e7\u00e3o em ingl\u00eas em situa\u00e7\u00f5es da vida real.<\/p>\n<h2 style=\"text-align: justify;\">Programas adaptados a escolas e professores<\/h2>\n<p style=\"text-align: justify;\">Cada projeto Erasmus+ \u00e9 feito sob medida de acordo com os objetivos da escola ou do grupo participante. Quer se trate de um programa voltado para o aprimoramento do idioma, desenvolvimento acad\u00eamico, treinamento vocacional ou crescimento cultural, oferecemos solu\u00e7\u00f5es flex\u00edveis alinhadas com as estruturas do programa Erasmus+.<\/p>\n<p style=\"text-align: justify;\">Trabalhamos com ambos os grupos de alunos e professores, incluindo op\u00e7\u00f5es de cursos de ingl\u00eas geral, ingl\u00eas acad\u00eamico, metodologia de ensino (CLIL, atualiza\u00e7\u00e3o de idioma) e treinamento focado em compet\u00eancias internacionais.<\/p>\n<h3 style=\"text-align: justify;\">Tipos de mobilidade Erasmus+ que coordenamos<\/h3>\n<ul style=\"text-align: justify;\">\n<li><strong>Mobilidade para estudantes<\/strong>Cursos de ingl\u00eas combinados com atividades culturais e educacionais.<\/li>\n<li><strong>Mobilidade para professores<\/strong>Treinamento de atualiza\u00e7\u00e3o lingu\u00edstica, metodol\u00f3gica e profissional.<\/li>\n<li><strong>Programas de curto prazo<\/strong>ideal para projetos intensivos com objetivos espec\u00edficos.<\/li>\n<li><strong>Projetos em grupo<\/strong>Concebido para escolas que viajam com professores acompanhantes.<\/li>\n<\/ul>\n<h3 style=\"text-align: justify;\">Erasmus+ simplificado e bem organizado<\/h3>\n<p style=\"text-align: justify;\">Sabemos que o gerenciamento administrativo pode ser um dos maiores desafios do programa Erasmus+. \u00c9 por isso que o orientamos durante todo o processo: desde a defini\u00e7\u00e3o do projeto at\u00e9 a organiza\u00e7\u00e3o pr\u00e1tica da viagem.<\/p>\n<p style=\"text-align: justify;\">Coordenamos cursos credenciados, acomoda\u00e7\u00f5es adequadas para grupos ou professores, atividades culturais, traslados e apoio com a documenta\u00e7\u00e3o necess\u00e1ria, garantindo que a experi\u00eancia esteja alinhada com os requisitos e padr\u00f5es do programa Erasmus+.<\/p>\n<h2 style=\"text-align: justify;\">Acomoda\u00e7\u00e3o e suporte durante a mobilidade<\/h2>\n<p style=\"text-align: justify;\">Dependendo do perfil do grupo e do destino, oferecemos diferentes op\u00e7\u00f5es de acomoda\u00e7\u00e3o: fam\u00edlias anfitri\u00e3s, resid\u00eancias estudantis ou op\u00e7\u00f5es organizadas para professores. Todas as alternativas priorizam a seguran\u00e7a, o conforto e o f\u00e1cil acesso ao centro de treinamento.<\/p>\n<p style=\"text-align: justify;\">Durante a mobilidade, os participantes s\u00e3o acompanhados e apoiados para solucionar d\u00favidas, facilitar a adapta\u00e7\u00e3o e garantir uma experi\u00eancia tranquila e bem coordenada.<\/p>\n<h2 style=\"text-align: justify;\">Uma experi\u00eancia educacional com impacto real<\/h2>\n<p style=\"text-align: justify;\">O objetivo \u00e9 que a mobilidade Erasmus+ n\u00e3o seja apenas uma viagem, mas uma experi\u00eancia transformadora. Por meio do aprendizado de idiomas, da conviv\u00eancia internacional e do contato com novas realidades educacionais e culturais, os participantes ampliam seus horizontes e desenvolvem compet\u00eancias essenciais para seu futuro acad\u00eamico e profissional.<\/p>\n<blockquote>\n<p style=\"text-align: justify;\"><strong>Com a Hello Ingles<\/strong>, O Erasmus+ se torna uma experi\u00eancia bem planejada e enriquecedora, alinhada com os valores de aprendizado, coopera\u00e7\u00e3o e crescimento internacional.<\/p>\n<\/blockquote>\n\n\t\t<\/div>\n\t<\/div>\n<section class=\"vc_cta3-container\"><div class=\"vc_general vc_do_cta3 vc_cta3 vc_cta3-style-custom vc_cta3-shape-rounded vc_cta3-align-left vc_cta3-icon-size-md vc_cta3-actions-right  wpb_animate_when_almost_visible wpb_bounceIn bounceIn\" style=\"background-color:#012169;\"><div class=\"vc_cta3_content-container\"><div class=\"vc_cta3-content\"><header class=\"vc_cta3-content-header\"><h2 style=\"color:#FFFFFF;\">Pronto para tomar a decis\u00e3o mais importante de sua vida?<\/h2><h4 style=\"color:#FFFFFF;\">Mergulhe de cabe\u00e7a e viva uma experi\u00eancia que mudar\u00e1 voc\u00ea.<\/h4><\/header><\/div><div class=\"vc_cta3-actions\"><div class=\"vc_btn3-container vc_btn3-center vc_do_btn\" ><a class=\"vc_general vc_btn3 vc_btn3-size-md vc_btn3-shape-rounded vc_btn3-style-modern vc_btn3-block vc_btn3-color-juicy-pink\" href=\"https:\/\/helloingles.agency\/pt\/#contact\" title=\"\">Comece agora<\/a><\/div><\/div><\/div><\/div><\/section><\/div><\/div><\/div><\/div>\n<\/div>","protected":false},"excerpt":{"rendered":"<p>Programa Erasmus+ para pa\u00edses europeus com aprendizado da l\u00edngua inglesa, mobilidade educacional e suporte total para alunos, professores e escolas.<\/p>","protected":false},"author":1,"featured_media":70897,"parent":0,"menu_order":0,"comment_status":"closed","ping_status":"closed","template":"","meta":{"_seopress_robots_primary_cat":"","_seopress_titles_title":"%%sitetitle%% %%sep%% %%post_title%%","_seopress_titles_desc":"Programa Erasmus para pa\u00edses europeos con cursos de ingl\u00e9s, experiencias educativas internacionales y apoyo completo para centros, estudiantes y docentes.","_seopress_robots_index":"","footnotes":""},"categories":[103],"tags":[],"class_list":["post-70892","page","type-page","status-publish","has-post-thumbnail","hentry","category-apoyo-orientacion"],"_links":{"self":[{"href":"https:\/\/helloingles.agency\/pt\/wp-json\/wp\/v2\/pages\/70892","targetHints":{"allow":["GET"]}}],"collection":[{"href":"https:\/\/helloingles.agency\/pt\/wp-json\/wp\/v2\/pages"}],"about":[{"href":"https:\/\/helloingles.agency\/pt\/wp-json\/wp\/v2\/types\/page"}],"author":[{"embeddable":true,"href":"https:\/\/helloingles.agency\/pt\/wp-json\/wp\/v2\/users\/1"}],"replies":[{"embeddable":true,"href":"https:\/\/helloingles.agency\/pt\/wp-json\/wp\/v2\/comments?post=70892"}],"version-history":[{"count":4,"href":"https:\/\/helloingles.agency\/pt\/wp-json\/wp\/v2\/pages\/70892\/revisions"}],"predecessor-version":[{"id":70924,"href":"https:\/\/helloingles.agency\/pt\/wp-json\/wp\/v2\/pages\/70892\/revisions\/70924"}],"wp:featuredmedia":[{"embeddable":true,"href":"https:\/\/helloingles.agency\/pt\/wp-json\/wp\/v2\/media\/70897"}],"wp:attachment":[{"href":"https:\/\/helloingles.agency\/pt\/wp-json\/wp\/v2\/media?parent=70892"}],"wp:term":[{"taxonomy":"category","embeddable":true,"href":"https:\/\/helloingles.agency\/pt\/wp-json\/wp\/v2\/categories?post=70892"},{"taxonomy":"post_tag","embeddable":true,"href":"https:\/\/helloingles.agency\/pt\/wp-json\/wp\/v2\/tags?post=70892"}],"curies":[{"name":"wp","href":"https:\/\/api.w.org\/{rel}","templated":true}]}}