{"id":70865,"date":"2026-02-03T12:44:35","date_gmt":"2026-02-03T12:44:35","guid":{"rendered":"https:\/\/helloingles.agency\/?page_id=70865"},"modified":"2026-02-03T14:50:07","modified_gmt":"2026-02-03T14:50:07","slug":"servicos-de-hospedagem-e-suporte","status":"publish","type":"page","link":"https:\/\/helloingles.agency\/pt\/alojamiento-y-servicios-de-apoyo\/","title":{"rendered":"Servi\u00e7os de acomoda\u00e7\u00e3o e suporte"},"content":{"rendered":"<div class=\"wpb-content-wrapper\"><div class=\"vc_row wpb_row vc_row-fluid\"><div class=\"wpb_column vc_column_container vc_col-sm-12\"><div class=\"vc_column-inner\"><div class=\"wpb_wrapper\">\n\t<div class=\"wpb_text_column wpb_content_element\" >\n\t\t<div class=\"wpb_wrapper\">\n\t\t\t<h1 style=\"text-align: justify;\">Sinta-se em casa enquanto aprende ingl\u00eas<\/h1>\n<blockquote>\n<p style=\"text-align: justify;\">A escolha do local de moradia pode transformar sua experi\u00eancia no exterior. Na Hello Ingles, garantimos que voc\u00ea se sinta seguro, confort\u00e1vel e apoiado, com op\u00e7\u00f5es de acomoda\u00e7\u00e3o projetadas para ajud\u00e1-lo a vivenciar o idioma desde o primeiro dia. Quer esteja procurando o calor de uma fam\u00edlia anfitri\u00e3, a vida social de uma resid\u00eancia ou a liberdade de um apartamento compartilhado, podemos ajud\u00e1-lo a encontrar o lugar ideal.<\/p>\n<\/blockquote>\n<h3 style=\"text-align: justify;\">Tipos de acomoda\u00e7\u00e3o para estudar ingl\u00eas no exterior<\/h3>\n<h4 style=\"text-align: justify;\"><strong>Fam\u00edlia anfitri\u00e3 (Homestay)<\/strong><\/h4>\n<p style=\"text-align: justify;\">Ideal se voc\u00ea deseja uma imers\u00e3o real: voc\u00ea convive com os habitantes locais, compartilha rotinas e pratica ingl\u00eas de forma natural todos os dias. Geralmente inclui diferentes planos de refei\u00e7\u00f5es (por exemplo, meia pens\u00e3o ou pens\u00e3o completa, dependendo do destino e do provedor) e \u00e9 uma \u00f3tima op\u00e7\u00e3o para se sentir apoiado desde o primeiro dia.<\/p>\n<h4 style=\"text-align: justify;\"><strong>Resid\u00eancias estudantis<\/strong><\/h4>\n<p style=\"text-align: justify;\">Elas combinam independ\u00eancia e comunidade: voc\u00ea conhece estudantes internacionais, tem espa\u00e7os comuns (cozinha, sala de estudos, lounges) e geralmente est\u00e3o bem conectadas \u00e0 escola. Muitas resid\u00eancias s\u00e3o <em>autosservi\u00e7o<\/em> (voc\u00ea organiza suas pr\u00f3prias refei\u00e7\u00f5es) e pode escolher entre quartos individuais, compartilhados ou com su\u00edte, dependendo do seu or\u00e7amento.<\/p>\n<h4 style=\"text-align: justify;\"><strong>Apartamentos compartilhados ou flats<\/strong><\/h4>\n<p style=\"text-align: justify;\">Eles oferecem flexibilidade e autonomia: ideal se voc\u00ea preferir organizar seu pr\u00f3prio ritmo, cozinhar em casa e viver uma experi\u00eancia mais independente. Eles s\u00e3o muito populares entre os alunos que priorizam a liberdade, a vida local e a conviv\u00eancia com outros alunos internacionais.<\/p>\n<h4 style=\"text-align: justify;\"><strong>Op\u00e7\u00f5es e alternativas de vida na cidade (dependendo do destino)<\/strong><\/h4>\n<p style=\"text-align: justify;\">Alguns destinos tamb\u00e9m t\u00eam op\u00e7\u00f5es como <em>albergue\/alojamento<\/em>, Os apartamentos ou acomoda\u00e7\u00f5es no centro da cidade, gerenciados por parceiros locais, foram projetados para aqueles que buscam a melhor localiza\u00e7\u00e3o e um estilo de vida mais urbano.<\/p>\n<h3 style=\"text-align: justify;\">O que a acomoda\u00e7\u00e3o geralmente inclui (e o que verificar)<\/h3>\n<ul style=\"text-align: justify;\">\n<li><strong>Dist\u00e2ncia\/transporte at\u00e9 a escola<\/strong> (tempo estimado de transporte p\u00fablico ou a p\u00e9).<\/li>\n<li><strong>Tipo de quarto<\/strong> (individual\/twin\/compartilhado, e se tem banheiro privativo ou compartilhado).<\/li>\n<li><strong>Refei\u00e7\u00f5es<\/strong> (incluso ou n\u00e3o; e em casa de fam\u00edlia, seja com meia pens\u00e3o ou pens\u00e3o completa).<\/li>\n<li><strong>Wi-Fi, roupa de cama e lavanderia<\/strong> (inclu\u00eddo ou com custo adicional, varia de acordo com a resid\u00eancia\/destino).<\/li>\n<li><strong>Dep\u00f3sito, idade m\u00ednima e regras de conviv\u00eancia<\/strong> (hor\u00e1rios, visitas, sil\u00eancio, etc.).<\/li>\n<\/ul>\n<h2 style=\"text-align: justify;\">Coment\u00e1rios \u00fateis dependendo do destino<\/h2>\n<h4 style=\"text-align: justify;\"><strong>Destinos com alta demanda por acomoda\u00e7\u00f5es (por exemplo, Londres, Dublin, Toronto, Vancouver)<\/strong><\/h4>\n<p style=\"text-align: justify;\">Nessas cidades, a disponibilidade pode aumentar rapidamente, especialmente na alta temporada. Recomenda\u00e7\u00e3o Hello Ingles: <strong>reservar com anteced\u00eancia<\/strong> e seja flex\u00edvel com o tipo de quarto (por exemplo, compartilhado no in\u00edcio) para garantir uma boa localiza\u00e7\u00e3o e um bom or\u00e7amento.<\/p>\n<h4 style=\"text-align: justify;\"><strong>Destinos \u201cinsulares\u201d ou de clima mediterr\u00e2neo (por exemplo, Malta)<\/strong><\/h4>\n<p style=\"text-align: justify;\">Os seguintes itens s\u00e3o frequentemente destacados <strong>apartamentos compartilhados<\/strong> e resid\u00eancias bem localizadas para a vida social. No ver\u00e3o, a taxa de ocupa\u00e7\u00e3o \u00e9 alt\u00edssima, portanto, \u00e9 uma boa ideia reservar a acomoda\u00e7\u00e3o com anteced\u00eancia se estiver viajando na alta temporada.<\/p>\n<h4 style=\"text-align: justify;\"><strong>Destinos na Austr\u00e1lia e Nova Zel\u00e2ndia (por exemplo, Sydney, Brisbane, Auckland)<\/strong><\/h4>\n<p style=\"text-align: justify;\">\u00c9 comum combinar <strong>hospedagem em casa de fam\u00edlia<\/strong> (para uma chegada mais acompanhada) com op\u00e7\u00f5es mais independentes depois (resid\u00eancia ou apartamento). Em v\u00e1rias cidades, h\u00e1 tamb\u00e9m alternativas como <strong>apartamento na cidade<\/strong>, <strong>albergue<\/strong> ou \u201cflatting\u201d (compartilhamento de apartamento), popular entre os estudantes que buscam autonomia.<\/p>\n<h4 style=\"text-align: justify;\"><strong>Destinos nos Estados Unidos (por exemplo, Nova York, Boston)<\/strong><\/h4>\n<p style=\"text-align: justify;\">Nas grandes cidades, as resid\u00eancias e acomoda\u00e7\u00f5es urbanas geralmente oferecem espa\u00e7os compartilhados (cozinha\/salas comuns) e locais bem conectados. Para obter o m\u00e1ximo de imers\u00e3o cultural e pr\u00e1tica di\u00e1ria, a fam\u00edlia anfitri\u00e3 continua sendo uma boa op\u00e7\u00e3o.<\/p>\n<h2 style=\"text-align: justify;\">Servi\u00e7os de suporte ao aluno<\/h2>\n<p style=\"text-align: justify;\">Para tornar sua chegada e sua estadia simples e sem estresse, n\u00f3s o orientamos antes da viagem e o acompanhamos durante o programa. Al\u00e9m de ajud\u00e1-lo a escolher a acomoda\u00e7\u00e3o, orientamos sobre os principais pontos para que voc\u00ea possa se adaptar rapidamente e aproveitar a experi\u00eancia desde o primeiro dia.<\/p>\n<h3 style=\"text-align: justify;\">Suporte t\u00edpico que podemos coordenar (dependendo do destino e da escola)<\/h3>\n<ul style=\"text-align: justify;\">\n<li><strong>Orienta\u00e7\u00e3o pr\u00e9via<\/strong>Lista de verifica\u00e7\u00e3o de viagem, o que levar, como se locomover, custo de vida e recomenda\u00e7\u00f5es de bairros.<\/li>\n<li><strong>Traslado do aeroporto<\/strong>A chegada \u00e9 mais simples, especialmente se voc\u00ea estiver aterrissando no destino pela primeira vez.<\/li>\n<li><strong>Orienta\u00e7\u00e3o e boas-vindas<\/strong>Informa\u00e7\u00f5es pr\u00e1ticas locais (transporte, SIM, bancos, normas culturais) e primeiros passos.<\/li>\n<li><strong>Contato para assist\u00eancia<\/strong>Suporte em caso de eventos imprevistos (mudan\u00e7as, d\u00favidas de acomoda\u00e7\u00e3o, adapta\u00e7\u00e3o).<\/li>\n<li><strong>Acompanhamento para jovens<\/strong> (quando aplic\u00e1vel): op\u00e7\u00f5es com cuidados adicionais\/atendimento pastoral de acordo com o programa.<\/li>\n<\/ul>\n<h3 style=\"text-align: justify;\">Por que escolher uma acomoda\u00e7\u00e3o com a Hello Ingles?<\/h3>\n<p style=\"text-align: justify;\">Trabalhamos com op\u00e7\u00f5es confi\u00e1veis, em ambientes seguros e bem localizados, e com alternativas adaptadas a adultos, jovens e grupos. Nosso objetivo \u00e9 que voc\u00ea tenha <strong>imers\u00e3o<\/strong>, <strong>paz de esp\u00edrito<\/strong> y <strong>suporte constante<\/strong> enquanto aprende ingl\u00eas.<\/p>\n<blockquote>\n<p style=\"text-align: justify;\">Se sua prioridade for <em>falar ingl\u00eas o dia todo<\/em>, come\u00e7ar com <strong>fam\u00edlia anfitri\u00e3<\/strong>. Se voc\u00ea quiser <em>conhecer pessoas e socializar<\/em>, Eu escolhi <strong>resid\u00eancia<\/strong>. E se voc\u00ea preferir <em>liberdade total<\/em>, a <strong>apartamento compartilhado<\/strong> costuma ser o melhor equil\u00edbrio entre custo e autonomia.<\/p>\n<\/blockquote>\n\n\t\t<\/div>\n\t<\/div>\n<section class=\"vc_cta3-container\"><div class=\"vc_general vc_do_cta3 vc_cta3 vc_cta3-style-custom vc_cta3-shape-rounded vc_cta3-align-left vc_cta3-icon-size-md vc_cta3-actions-right  wpb_animate_when_almost_visible wpb_bounceIn bounceIn\" style=\"background-color:#012169;\"><div class=\"vc_cta3_content-container\"><div class=\"vc_cta3-content\"><header class=\"vc_cta3-content-header\"><h2 style=\"color:#FFFFFF;\">Pronto para tomar a decis\u00e3o mais importante de sua vida?<\/h2><h4 style=\"color:#FFFFFF;\">Mergulhe de cabe\u00e7a e viva uma experi\u00eancia que mudar\u00e1 voc\u00ea.<\/h4><\/header><\/div><div class=\"vc_cta3-actions\"><div class=\"vc_btn3-container vc_btn3-center vc_do_btn\" ><a class=\"vc_general vc_btn3 vc_btn3-size-md vc_btn3-shape-rounded vc_btn3-style-modern vc_btn3-block vc_btn3-color-juicy-pink\" href=\"https:\/\/helloingles.agency\/pt\/#contact\" title=\"\">Comece agora<\/a><\/div><\/div><\/div><\/div><\/section><\/div><\/div><\/div><\/div>\n<\/div>","protected":false},"excerpt":{"rendered":"<p>Acomoda\u00e7\u00e3o e suporte para estudar ingl\u00eas no exterior: fam\u00edlia anfitri\u00e3, resid\u00eancia ou apartamento compartilhado, com orienta\u00e7\u00e3o e acompanhamento para uma experi\u00eancia segura e completa.<\/p>","protected":false},"author":1,"featured_media":70899,"parent":0,"menu_order":0,"comment_status":"closed","ping_status":"closed","template":"","meta":{"_seopress_robots_primary_cat":"","_seopress_titles_title":"%%sitetitle%% %%sep%% %%post_title%%","_seopress_titles_desc":"Alojamiento y servicios de apoyo para estudiar ingl\u00e9s: familias anfitrionas, residencias estudiantiles y apartamentos compartidos con orientaci\u00f3n y soporte.","_seopress_robots_index":"","footnotes":""},"categories":[103],"tags":[],"class_list":["post-70865","page","type-page","status-publish","has-post-thumbnail","hentry","category-apoyo-orientacion"],"_links":{"self":[{"href":"https:\/\/helloingles.agency\/pt\/wp-json\/wp\/v2\/pages\/70865","targetHints":{"allow":["GET"]}}],"collection":[{"href":"https:\/\/helloingles.agency\/pt\/wp-json\/wp\/v2\/pages"}],"about":[{"href":"https:\/\/helloingles.agency\/pt\/wp-json\/wp\/v2\/types\/page"}],"author":[{"embeddable":true,"href":"https:\/\/helloingles.agency\/pt\/wp-json\/wp\/v2\/users\/1"}],"replies":[{"embeddable":true,"href":"https:\/\/helloingles.agency\/pt\/wp-json\/wp\/v2\/comments?post=70865"}],"version-history":[{"count":9,"href":"https:\/\/helloingles.agency\/pt\/wp-json\/wp\/v2\/pages\/70865\/revisions"}],"predecessor-version":[{"id":70920,"href":"https:\/\/helloingles.agency\/pt\/wp-json\/wp\/v2\/pages\/70865\/revisions\/70920"}],"wp:featuredmedia":[{"embeddable":true,"href":"https:\/\/helloingles.agency\/pt\/wp-json\/wp\/v2\/media\/70899"}],"wp:attachment":[{"href":"https:\/\/helloingles.agency\/pt\/wp-json\/wp\/v2\/media?parent=70865"}],"wp:term":[{"taxonomy":"category","embeddable":true,"href":"https:\/\/helloingles.agency\/pt\/wp-json\/wp\/v2\/categories?post=70865"},{"taxonomy":"post_tag","embeddable":true,"href":"https:\/\/helloingles.agency\/pt\/wp-json\/wp\/v2\/tags?post=70865"}],"curies":[{"name":"wp","href":"https:\/\/api.w.org\/{rel}","templated":true}]}}