{"id":70860,"date":"2026-02-03T12:37:55","date_gmt":"2026-02-03T12:37:55","guid":{"rendered":"https:\/\/helloingles.agency\/?page_id=70860"},"modified":"2026-02-03T13:26:47","modified_gmt":"2026-02-03T13:26:47","slug":"suporte-e-orientacao","status":"publish","type":"page","link":"https:\/\/helloingles.agency\/pt\/apoyo-y-orientacion\/","title":{"rendered":"Suporte e orienta\u00e7\u00e3o"},"content":{"rendered":"<div class=\"wpb-content-wrapper\"><div class=\"vc_row wpb_row vc_row-fluid\"><div class=\"wpb_column vc_column_container vc_col-sm-12\"><div class=\"vc_column-inner\"><div class=\"wpb_wrapper\">\n\t<div class=\"wpb_text_column wpb_content_element\" >\n\t\t<div class=\"wpb_wrapper\">\n\t\t\t<h1>Suporte e orienta\u00e7\u00e3o<\/h1>\n<h2>Aprenda ingl\u00eas no exterior com total apoio e experi\u00eancia real<\/h2>\n<p>Na Hello Ingles, conectamos voc\u00ea com escolas credenciadas para estudar ingl\u00eas no exterior, com programas para jovens, adultos, grupos escolares e profissionais. N\u00f3s o acompanhamos para viver uma experi\u00eancia completa, combinando o aprendizado real do idioma e a imers\u00e3o cultural.<\/p>\n<h3>Cursos de ingl\u00eas acompanhados do in\u00edcio ao fim<\/h3>\n<p>N\u00f3s o ajudamos a escolher o curso de ingl\u00eas que melhor se adapta ao seu n\u00edvel, aos seus objetivos e \u00e0 dura\u00e7\u00e3o da sua viagem. Desde o primeiro contato at\u00e9 a sua chegada, voc\u00ea recebe orienta\u00e7\u00e3o clara e personalizada para que possa fazer escolhas confiantes.<\/p>\n<h2>Servi\u00e7o completo: curso, acomoda\u00e7\u00e3o, visto e suporte<\/h2>\n<p>Nossa equipe o orienta na organiza\u00e7\u00e3o completa de sua experi\u00eancia: curso de ingl\u00eas, op\u00e7\u00f5es de acomoda\u00e7\u00e3o e orienta\u00e7\u00e3o sobre visto de estudante, quando aplic\u00e1vel, dependendo de sua nacionalidade e dura\u00e7\u00e3o da estadia.<\/p>\n<h3>Orienta\u00e7\u00e3o personalizada para estudantes, profissionais e grupos<\/h3>\n<p>Oferecemos acompanhamento cont\u00ednuo e orienta\u00e7\u00e3o humana para tornar sua experi\u00eancia simples, organizada e sem estresse, permitindo que voc\u00ea se concentre em aprender ingl\u00eas e aproveitar sua estadia no exterior.<\/p>\n\n\t\t<\/div>\n\t<\/div>\n\n<div class=\"vc_grid-container-wrapper vc_clearfix vc_grid-animation-fadeIn\">\n\t<div class=\"vc_grid-container vc_clearfix wpb_content_element vc_basic_grid\" data-initial-loading-animation=\"fadeIn\" data-vc-grid-settings=\"{&quot;page_id&quot;:70860,&quot;style&quot;:&quot;all&quot;,&quot;action&quot;:&quot;vc_get_vc_grid_data&quot;,&quot;shortcode_id&quot;:&quot;1770122912883-b461c475-d400-2&quot;,&quot;tag&quot;:&quot;vc_basic_grid&quot;}\" data-vc-request=\"https:\/\/helloingles.agency\/wp-admin\/admin-ajax.php\" data-vc-post-id=\"70860\" data-vc-public-nonce=\"be9c2a5764\">\n\t\t<style data-type=\"vc_shortcodes-custom-css\">.vc_custom_1419328927507{background-color: #f4f4f4 !important;}<\/style><div class=\"vc_grid vc_row vc_grid-gutter-30px vc_pageable-wrapper vc_hook_hover\" data-vc-pageable-content=\"true\"><div class=\"vc_pageable-slide-wrapper vc_clearfix\" data-vc-grid-content=\"true\"><div class=\"vc_grid-item vc_clearfix vc_col-sm-4\"><div class=\"vc_grid-item-mini vc_clearfix\"><div class=\"vc_gitem-animated-block  vc_gitem-animate vc_gitem-animate-slideInRight\"  data-vc-animation=\"slideInRight\"><div class=\"vc_gitem-zone vc_gitem-zone-a\" style=\"background-image: url('https:\/\/helloingles.agency\/wp-content\/uploads\/2026\/02\/Alojamiento-y-servicios-de-apoyo-1024x650.jpg') !important;\"><img decoding=\"async\" class=\"vc_gitem-zone-img\" src=\"https:\/\/helloingles.agency\/wp-content\/uploads\/2026\/02\/Alojamiento-y-servicios-de-apoyo-1024x650.jpg\" alt=\"Servi\u00e7os de acomoda\u00e7\u00e3o e suporte\" loading=\"lazy\"><div class=\"vc_gitem-zone-mini\"><\/div><\/div><div class=\"vc_gitem-zone vc_gitem-zone-b vc_custom_1419328927507 vc-gitem-zone-height-mode-auto vc_gitem-is-link\"><a href=\"https:\/\/helloingles.agency\/pt\/alojamiento-y-servicios-de-apoyo\/\" title=\"Servi\u00e7os de acomoda\u00e7\u00e3o e suporte\" class=\"vc_gitem-link vc-zone-link\" ><\/a><div class=\"vc_gitem-zone-mini\"><div class=\"vc_gitem_row vc_row vc_gitem-row-position-top\"><div class=\"vc_col-sm-12 vc_gitem-col vc_gitem-col-align-\"><div class=\"vc_custom_heading vc_gitem-post-data vc_gitem-post-data-source-post_title\" ><h4 style=\"text-align: left\" >Servi\u00e7os de acomoda\u00e7\u00e3o e suporte<\/h4><\/div><div class=\"vc_separator wpb_content_element vc_separator_align_center vc_sep_width_50 vc_sep_border_width_2 vc_sep_pos_align_left vc_separator_no_text vc_sep_color_black wpb_content_element  wpb_content_element\" ><span class=\"vc_sep_holder vc_sep_holder_l\"><span class=\"vc_sep_line\"><\/span><\/span><span class=\"vc_sep_holder vc_sep_holder_r\"><span class=\"vc_sep_line\"><\/span><\/span>\n<\/div><div class=\"vc_custom_heading vc_gitem-post-data vc_gitem-post-data-source-post_excerpt\" ><p style=\"text-align: left\" ><p>Acomoda\u00e7\u00e3o e suporte para estudar ingl\u00eas no exterior: fam\u00edlia anfitri\u00e3, resid\u00eancia ou apartamento compartilhado, com orienta\u00e7\u00e3o e acompanhamento para uma experi\u00eancia segura e completa.<\/p>\n<\/p><\/div><\/div><\/div><\/div><\/div><\/div><\/div><div class=\"vc_clearfix\"><\/div><\/div><div class=\"vc_grid-item vc_clearfix vc_col-sm-4\"><div class=\"vc_grid-item-mini vc_clearfix\"><div class=\"vc_gitem-animated-block  vc_gitem-animate vc_gitem-animate-slideInRight\"  data-vc-animation=\"slideInRight\"><div class=\"vc_gitem-zone vc_gitem-zone-a\" style=\"background-image: url('https:\/\/helloingles.agency\/wp-content\/uploads\/2026\/02\/Inmersion-cultural-y-experiencias-1024x650.jpg') !important;\"><img decoding=\"async\" class=\"vc_gitem-zone-img\" src=\"https:\/\/helloingles.agency\/wp-content\/uploads\/2026\/02\/Inmersion-cultural-y-experiencias-1024x650.jpg\" alt=\"Imers\u00e3o cultural e experi\u00eancias para aprender ingl\u00eas com atividades, excurs\u00f5es e pr\u00e1tica real do idioma, dentro e fora da sala de aula, para viver o destino ao m\u00e1ximo.\" loading=\"lazy\"><div class=\"vc_gitem-zone-mini\"><\/div><\/div><div class=\"vc_gitem-zone vc_gitem-zone-b vc_custom_1419328927507 vc-gitem-zone-height-mode-auto vc_gitem-is-link\"><a href=\"https:\/\/helloingles.agency\/pt\/inmersion-cultural-y-experiencias\/\" title=\"Imers\u00e3o e experi\u00eancias culturais\" class=\"vc_gitem-link vc-zone-link\" ><\/a><div class=\"vc_gitem-zone-mini\"><div class=\"vc_gitem_row vc_row vc_gitem-row-position-top\"><div class=\"vc_col-sm-12 vc_gitem-col vc_gitem-col-align-\"><div class=\"vc_custom_heading vc_gitem-post-data vc_gitem-post-data-source-post_title\" ><h4 style=\"text-align: left\" >Imers\u00e3o e experi\u00eancias culturais<\/h4><\/div><div class=\"vc_separator wpb_content_element vc_separator_align_center vc_sep_width_50 vc_sep_border_width_2 vc_sep_pos_align_left vc_separator_no_text vc_sep_color_black wpb_content_element  wpb_content_element\" ><span class=\"vc_sep_holder vc_sep_holder_l\"><span class=\"vc_sep_line\"><\/span><\/span><span class=\"vc_sep_holder vc_sep_holder_r\"><span class=\"vc_sep_line\"><\/span><\/span>\n<\/div><div class=\"vc_custom_heading vc_gitem-post-data vc_gitem-post-data-source-post_excerpt\" ><p style=\"text-align: left\" ><p>Imers\u00e3o cultural e experi\u00eancias para aprender ingl\u00eas com atividades, excurs\u00f5es e pr\u00e1tica real do idioma, dentro e fora da sala de aula, para viver o destino ao m\u00e1ximo.<\/p>\n<\/p><\/div><\/div><\/div><\/div><\/div><\/div><\/div><div class=\"vc_clearfix\"><\/div><\/div><div class=\"vc_grid-item vc_clearfix vc_col-sm-4\"><div class=\"vc_grid-item-mini vc_clearfix\"><div class=\"vc_gitem-animated-block  vc_gitem-animate vc_gitem-animate-slideInRight\"  data-vc-animation=\"slideInRight\"><div class=\"vc_gitem-zone vc_gitem-zone-a\" style=\"background-image: url('https:\/\/helloingles.agency\/wp-content\/uploads\/2026\/02\/Programa-Erasmus-para-paises-europeos-1024x650.jpg') !important;\"><img decoding=\"async\" class=\"vc_gitem-zone-img\" src=\"https:\/\/helloingles.agency\/wp-content\/uploads\/2026\/02\/Programa-Erasmus-para-paises-europeos-1024x650.jpg\" alt=\"Programa Erasmus para pa\u00edses europeus\" loading=\"lazy\"><div class=\"vc_gitem-zone-mini\"><\/div><\/div><div class=\"vc_gitem-zone vc_gitem-zone-b vc_custom_1419328927507 vc-gitem-zone-height-mode-auto vc_gitem-is-link\"><a href=\"https:\/\/helloingles.agency\/pt\/programa-erasmus-para-paises-europeos\/\" title=\"Programa Erasmus para pa\u00edses europeus\" class=\"vc_gitem-link vc-zone-link\" ><\/a><div class=\"vc_gitem-zone-mini\"><div class=\"vc_gitem_row vc_row vc_gitem-row-position-top\"><div class=\"vc_col-sm-12 vc_gitem-col vc_gitem-col-align-\"><div class=\"vc_custom_heading vc_gitem-post-data vc_gitem-post-data-source-post_title\" ><h4 style=\"text-align: left\" >Programa Erasmus para pa\u00edses europeus<\/h4><\/div><div class=\"vc_separator wpb_content_element vc_separator_align_center vc_sep_width_50 vc_sep_border_width_2 vc_sep_pos_align_left vc_separator_no_text vc_sep_color_black wpb_content_element  wpb_content_element\" ><span class=\"vc_sep_holder vc_sep_holder_l\"><span class=\"vc_sep_line\"><\/span><\/span><span class=\"vc_sep_holder vc_sep_holder_r\"><span class=\"vc_sep_line\"><\/span><\/span>\n<\/div><div class=\"vc_custom_heading vc_gitem-post-data vc_gitem-post-data-source-post_excerpt\" ><p style=\"text-align: left\" ><p>Programa Erasmus+ para pa\u00edses europeus com aprendizado da l\u00edngua inglesa, mobilidade educacional e suporte total para alunos, professores e escolas.<\/p>\n<\/p><\/div><\/div><\/div><\/div><\/div><\/div><\/div><div class=\"vc_clearfix\"><\/div><\/div><div class=\"vc_grid-item vc_clearfix vc_col-sm-4\"><div class=\"vc_grid-item-mini vc_clearfix\"><div class=\"vc_gitem-animated-block  vc_gitem-animate vc_gitem-animate-slideInRight\"  data-vc-animation=\"slideInRight\"><div class=\"vc_gitem-zone vc_gitem-zone-a\" style=\"background-image: url('https:\/\/helloingles.agency\/wp-content\/uploads\/2026\/02\/Seguro-medico-para-estudiantes-internacionales-1024x650.jpg') !important;\"><img decoding=\"async\" class=\"vc_gitem-zone-img\" src=\"https:\/\/helloingles.agency\/wp-content\/uploads\/2026\/02\/Seguro-medico-para-estudiantes-internacionales-1024x650.jpg\" alt=\"Seguro-sa\u00fade para estudantes internacionais\" loading=\"lazy\"><div class=\"vc_gitem-zone-mini\"><\/div><\/div><div class=\"vc_gitem-zone vc_gitem-zone-b vc_custom_1419328927507 vc-gitem-zone-height-mode-auto vc_gitem-is-link\"><a href=\"https:\/\/helloingles.agency\/pt\/seguro-medico-para-estudiantes\/\" title=\"Seguro-sa\u00fade para estudantes\" class=\"vc_gitem-link vc-zone-link\" ><\/a><div class=\"vc_gitem-zone-mini\"><div class=\"vc_gitem_row vc_row vc_gitem-row-position-top\"><div class=\"vc_col-sm-12 vc_gitem-col vc_gitem-col-align-\"><div class=\"vc_custom_heading vc_gitem-post-data vc_gitem-post-data-source-post_title\" ><h4 style=\"text-align: left\" >Seguro-sa\u00fade para estudantes<\/h4><\/div><div class=\"vc_separator wpb_content_element vc_separator_align_center vc_sep_width_50 vc_sep_border_width_2 vc_sep_pos_align_left vc_separator_no_text vc_sep_color_black wpb_content_element  wpb_content_element\" ><span class=\"vc_sep_holder vc_sep_holder_l\"><span class=\"vc_sep_line\"><\/span><\/span><span class=\"vc_sep_holder vc_sep_holder_r\"><span class=\"vc_sep_line\"><\/span><\/span>\n<\/div><div class=\"vc_custom_heading vc_gitem-post-data vc_gitem-post-data-source-post_excerpt\" ><p style=\"text-align: left\" ><p>Seguro de sa\u00fade para estudantes internacionais que planejam estudar ingl\u00eas no exterior, com informa\u00e7\u00f5es importantes sobre requisitos, visto e cobertura necess\u00e1ria.<\/p>\n<\/p><\/div><\/div><\/div><\/div><\/div><\/div><\/div><div class=\"vc_clearfix\"><\/div><\/div><div class=\"vc_grid-item vc_clearfix vc_col-sm-4\"><div class=\"vc_grid-item-mini vc_clearfix\"><div class=\"vc_gitem-animated-block  vc_gitem-animate vc_gitem-animate-slideInRight\"  data-vc-animation=\"slideInRight\"><div class=\"vc_gitem-zone vc_gitem-zone-a\" style=\"background-image: url('https:\/\/helloingles.agency\/wp-content\/uploads\/2026\/02\/Servicios-a-medida-para-grupos-escolares-1024x650.jpg') !important;\"><img decoding=\"async\" class=\"vc_gitem-zone-img\" src=\"https:\/\/helloingles.agency\/wp-content\/uploads\/2026\/02\/Servicios-a-medida-para-grupos-escolares-1024x650.jpg\" alt=\"Servi\u00e7os sob medida para grupos escolares\" loading=\"lazy\"><div class=\"vc_gitem-zone-mini\"><\/div><\/div><div class=\"vc_gitem-zone vc_gitem-zone-b vc_custom_1419328927507 vc-gitem-zone-height-mode-auto vc_gitem-is-link\"><a href=\"https:\/\/helloingles.agency\/pt\/servicios-a-medida-para-grupos-escolares\/\" title=\"Servi\u00e7os sob medida para grupos escolares\" class=\"vc_gitem-link vc-zone-link\" ><\/a><div class=\"vc_gitem-zone-mini\"><div class=\"vc_gitem_row vc_row vc_gitem-row-position-top\"><div class=\"vc_col-sm-12 vc_gitem-col vc_gitem-col-align-\"><div class=\"vc_custom_heading vc_gitem-post-data vc_gitem-post-data-source-post_title\" ><h4 style=\"text-align: left\" >Servi\u00e7os sob medida para grupos escolares<\/h4><\/div><div class=\"vc_separator wpb_content_element vc_separator_align_center vc_sep_width_50 vc_sep_border_width_2 vc_sep_pos_align_left vc_separator_no_text vc_sep_color_black wpb_content_element  wpb_content_element\" ><span class=\"vc_sep_holder vc_sep_holder_l\"><span class=\"vc_sep_line\"><\/span><\/span><span class=\"vc_sep_holder vc_sep_holder_r\"><span class=\"vc_sep_line\"><\/span><\/span>\n<\/div><div class=\"vc_custom_heading vc_gitem-post-data vc_gitem-post-data-source-post_excerpt\" ><p style=\"text-align: left\" ><p>Programas sob medida para grupos escolares que desejam aprender ingl\u00eas no exterior, combinando aulas, acomoda\u00e7\u00e3o segura, atividades culturais e suporte total durante toda a experi\u00eancia.<\/p>\n<\/p><\/div><\/div><\/div><\/div><\/div><\/div><\/div><div class=\"vc_clearfix\"><\/div><\/div><div class=\"vc_grid-item vc_clearfix vc_col-sm-4\"><div class=\"vc_grid-item-mini vc_clearfix\"><div class=\"vc_gitem-animated-block  vc_gitem-animate vc_gitem-animate-slideInRight\"  data-vc-animation=\"slideInRight\"><div class=\"vc_gitem-zone vc_gitem-zone-a\" style=\"background-image: url('https:\/\/helloingles.agency\/wp-content\/uploads\/2026\/02\/Visa-de-estudiante-1024x650.jpg') !important;\"><img decoding=\"async\" class=\"vc_gitem-zone-img\" src=\"https:\/\/helloingles.agency\/wp-content\/uploads\/2026\/02\/Visa-de-estudiante-1024x650.jpg\" alt=\"Visto de estudante\" loading=\"lazy\"><div class=\"vc_gitem-zone-mini\"><\/div><\/div><div class=\"vc_gitem-zone vc_gitem-zone-b vc_custom_1419328927507 vc-gitem-zone-height-mode-auto vc_gitem-is-link\"><a href=\"https:\/\/helloingles.agency\/pt\/visa-de-estudiante\/\" title=\"Visto de estudante\" class=\"vc_gitem-link vc-zone-link\" ><\/a><div class=\"vc_gitem-zone-mini\"><div class=\"vc_gitem_row vc_row vc_gitem-row-position-top\"><div class=\"vc_col-sm-12 vc_gitem-col vc_gitem-col-align-\"><div class=\"vc_custom_heading vc_gitem-post-data vc_gitem-post-data-source-post_title\" ><h4 style=\"text-align: left\" >Visto de estudante<\/h4><\/div><div class=\"vc_separator wpb_content_element vc_separator_align_center vc_sep_width_50 vc_sep_border_width_2 vc_sep_pos_align_left vc_separator_no_text vc_sep_color_black wpb_content_element  wpb_content_element\" ><span class=\"vc_sep_holder vc_sep_holder_l\"><span class=\"vc_sep_line\"><\/span><\/span><span class=\"vc_sep_holder vc_sep_holder_r\"><span class=\"vc_sep_line\"><\/span><\/span>\n<\/div><div class=\"vc_custom_heading vc_gitem-post-data vc_gitem-post-data-source-post_excerpt\" ><p style=\"text-align: left\" ><p>Um guia completo sobre vistos de estudante para estudar ingl\u00eas no exterior, com requisitos por destino e orienta\u00e7\u00e3o personalizada da Hello Ingles.<\/p>\n<\/p><\/div><\/div><\/div><\/div><\/div><\/div><\/div><div class=\"vc_clearfix\"><\/div><\/div><\/div><\/div>\n\t<\/div>\n<\/div><\/div><\/div><\/div><\/div>\n<\/div>","protected":false},"excerpt":{"rendered":"<p>Apoyo y orientaci\u00f3n para estudiar ingl\u00e9s en el exterior con acompa\u00f1amiento completo: cursos, alojamiento, visa y asesoramiento personalizado desde el inicio.<\/p>","protected":false},"author":1,"featured_media":70900,"parent":0,"menu_order":0,"comment_status":"closed","ping_status":"closed","template":"","meta":{"_seopress_robots_primary_cat":"","_seopress_titles_title":"%%sitetitle%% %%sep%% %%post_title%% para estudiar ingl\u00e9s","_seopress_titles_desc":"Apoyo y orientaci\u00f3n para estudiar ingl\u00e9s en el exterior con asesoramiento completo: cursos, alojamiento, visa y acompa\u00f1amiento personalizado.","_seopress_robots_index":"","footnotes":""},"categories":[],"tags":[],"class_list":["post-70860","page","type-page","status-publish","has-post-thumbnail","hentry"],"_links":{"self":[{"href":"https:\/\/helloingles.agency\/pt\/wp-json\/wp\/v2\/pages\/70860","targetHints":{"allow":["GET"]}}],"collection":[{"href":"https:\/\/helloingles.agency\/pt\/wp-json\/wp\/v2\/pages"}],"about":[{"href":"https:\/\/helloingles.agency\/pt\/wp-json\/wp\/v2\/types\/page"}],"author":[{"embeddable":true,"href":"https:\/\/helloingles.agency\/pt\/wp-json\/wp\/v2\/users\/1"}],"replies":[{"embeddable":true,"href":"https:\/\/helloingles.agency\/pt\/wp-json\/wp\/v2\/comments?post=70860"}],"version-history":[{"count":4,"href":"https:\/\/helloingles.agency\/pt\/wp-json\/wp\/v2\/pages\/70860\/revisions"}],"predecessor-version":[{"id":70871,"href":"https:\/\/helloingles.agency\/pt\/wp-json\/wp\/v2\/pages\/70860\/revisions\/70871"}],"wp:featuredmedia":[{"embeddable":true,"href":"https:\/\/helloingles.agency\/pt\/wp-json\/wp\/v2\/media\/70900"}],"wp:attachment":[{"href":"https:\/\/helloingles.agency\/pt\/wp-json\/wp\/v2\/media?parent=70860"}],"wp:term":[{"taxonomy":"category","embeddable":true,"href":"https:\/\/helloingles.agency\/pt\/wp-json\/wp\/v2\/categories?post=70860"},{"taxonomy":"post_tag","embeddable":true,"href":"https:\/\/helloingles.agency\/pt\/wp-json\/wp\/v2\/tags?post=70860"}],"curies":[{"name":"wp","href":"https:\/\/api.w.org\/{rel}","templated":true}]}}