{"id":70740,"date":"2026-01-30T13:19:23","date_gmt":"2026-01-30T16:19:23","guid":{"rendered":"https:\/\/helloingles.agency\/?page_id=70740"},"modified":"2026-02-09T11:51:05","modified_gmt":"2026-02-09T11:51:05","slug":"estudar-ingles-em-malta","status":"publish","type":"page","link":"https:\/\/helloingles.agency\/pt\/estudiar-ingles-en-malta\/","title":{"rendered":"Estudar ingl\u00eas em Malta"},"content":{"rendered":"<div class=\"wpb-content-wrapper\"><div class=\"vc_row wpb_row vc_row-fluid\"><div class=\"wpb_column vc_column_container vc_col-sm-12\"><div class=\"vc_column-inner\"><div class=\"wpb_wrapper\">\n\t<div class=\"wpb_text_column wpb_content_element\" >\n\t\t<div class=\"wpb_wrapper\">\n\t\t\t<h1 style=\"text-align: justify;\">Estudar ingl\u00eas em Malta<\/h1>\n<blockquote>\n<p style=\"text-align: justify;\">Malta \u00e9 um dos destinos mais atraentes da Europa para estudar ingl\u00eas, gra\u00e7as ao seu clima mediterr\u00e2neo, atmosfera internacional e sistema educacional voltado para estudantes estrangeiros. \u00c9 a escolha ideal para quem deseja aprender ingl\u00eas em um pa\u00eds de l\u00edngua inglesa, com um estilo de vida descontra\u00eddo e um ambiente cultural muito diversificado.<\/p>\n<\/blockquote>\n<h2 style=\"text-align: justify;\">Por que estudar ingl\u00eas em Malta?<\/h2>\n<p style=\"text-align: justify;\">Estudar ingl\u00eas em Malta permite que voc\u00ea aprenda ingl\u00eas em um ambiente onde o ingl\u00eas \u00e9 um dos idiomas oficiais e \u00e9 usado na vida cotidiana. O pa\u00eds tem uma vasta experi\u00eancia em educa\u00e7\u00e3o internacional, com escolas de ingl\u00eas especializadas e programas com forte foco na comunica\u00e7\u00e3o pr\u00e1tica. Al\u00e9m disso, Malta \u00e9 conhecida por seu clima agrad\u00e1vel durante todo o ano, sua seguran\u00e7a e sua atmosfera jovem e multicultural.<\/p>\n<h3 style=\"text-align: justify;\">Cidades para estudar ingl\u00eas em Malta<\/h3>\n<p style=\"text-align: justify;\">Embora Malta seja um pa\u00eds pequeno, ele oferece v\u00e1rias \u00e1reas populares para estudar ingl\u00eas. Julian's \u00e9 a mais conhecida, com uma alta concentra\u00e7\u00e3o de escolas de ingl\u00eas e uma vida social animada. Sliema combina estudo com um ambiente urbano \u00e0 beira-mar, ideal para estadias de m\u00e9dio a longo prazo. Valletta, a capital, oferece uma experi\u00eancia mais cultural e hist\u00f3rica, enquanto St. Paul's Bay e outras \u00e1reas litor\u00e2neas s\u00e3o op\u00e7\u00f5es mais tranquilas para aqueles que preferem um ritmo de vida mais relaxado.<\/p>\n<h2 style=\"text-align: justify;\">Escolas de ingl\u00eas em Malta<\/h2>\n<p style=\"text-align: justify;\">Malta tem escolas de ingl\u00eas reconhecidas internacionalmente e credenciadas pelas autoridades educacionais locais. Entre as mais importantes est\u00e3o:<\/p>\n<ul>\n<li style=\"text-align: justify;\">A EC English Malta \u00e9 uma das escolas de ingl\u00eas mais conhecidas do pa\u00eds, sediada em St. Julian's, com uma abordagem moderna e comunicativa.<\/li>\n<li style=\"text-align: justify;\">EF English Live Malta, com programas estruturados e uma forte orienta\u00e7\u00e3o internacional.<\/li>\n<li style=\"text-align: justify;\">IELS Malta, uma das escolas mais tradicionais, localizada em Sliema e muito popular entre os alunos europeus.<\/li>\n<li style=\"text-align: justify;\">A ESE European School of English, com sede em St. Julian's, \u00e9 conhecida por sua atmosfera internacional e ampla variedade de cursos.<\/li>\n<li style=\"text-align: justify;\">A ACE English Malta \u00e9 uma escola moderna e bem avaliada, localizada em St. Julian's e focada em cursos din\u00e2micos e contempor\u00e2neos.<\/li>\n<\/ul>\n<h2 style=\"text-align: justify;\">Cursos de ingl\u00eas em Malta e visto de estudante<\/h2>\n<p style=\"text-align: justify;\">As escolas de ingl\u00eas em Malta oferecem cursos para todos os n\u00edveis, desde ingl\u00eas geral at\u00e9 programas intensivos e de longo prazo.<br \/>\nPara estadias longas, \u00e9 poss\u00edvel estudar ingl\u00eas em Malta com um visto de estudante, que, sob certas condi\u00e7\u00f5es, permite que voc\u00ea trabalhe legalmente enquanto estuda. O trabalho de meio per\u00edodo normalmente est\u00e1 sujeito a requisitos espec\u00edficos e a um per\u00edodo inicial de estudo pr\u00e9vio, portanto, \u00e9 importante planejar bem o curso e a dura\u00e7\u00e3o da estadia.<\/p>\n<h3 style=\"text-align: justify;\">Prepara\u00e7\u00e3o para exames de ingl\u00eas em Malta<\/h3>\n<p style=\"text-align: justify;\">Muitas escolas de ingl\u00eas em Malta oferecem programas de prepara\u00e7\u00e3o para exames oficiais. Esses cursos foram criados para alunos que precisam certificar seu n\u00edvel de ingl\u00eas, combinando a pr\u00e1tica do idioma com t\u00e9cnicas espec\u00edficas de exame em um ambiente internacional.<\/p>\n<blockquote>\n<p style=\"text-align: justify;\">Escolher Malta para estudar ingl\u00eas \u00e9 uma excelente op\u00e7\u00e3o se voc\u00ea estiver procurando um destino europeu, um clima agrad\u00e1vel e escolas de ingl\u00eas especializadas em estudantes internacionais. A \u00e1rea e a escola ideais depender\u00e3o de seu objetivo, seu or\u00e7amento e o tipo de experi\u00eancia que deseja ter.<\/p>\n<\/blockquote>\n\n\t\t<\/div>\n\t<\/div>\n\n<div class=\"vc_grid-container-wrapper vc_clearfix vc_grid-animation-fadeIn\">\n\t<div class=\"vc_grid-container vc_clearfix wpb_content_element vc_basic_grid\" data-initial-loading-animation=\"fadeIn\" data-vc-grid-settings=\"{&quot;page_id&quot;:70740,&quot;style&quot;:&quot;all&quot;,&quot;action&quot;:&quot;vc_get_vc_grid_data&quot;,&quot;shortcode_id&quot;:&quot;1770637837572-0fde50f8-fd40-1&quot;,&quot;tag&quot;:&quot;vc_basic_grid&quot;}\" data-vc-request=\"https:\/\/helloingles.agency\/wp-admin\/admin-ajax.php\" data-vc-post-id=\"70740\" data-vc-public-nonce=\"be9c2a5764\">\n\t\t<style data-type=\"vc_shortcodes-custom-css\">.vc_custom_1419328927507{background-color: #f4f4f4 !important;}<\/style><div class=\"vc_grid vc_row vc_grid-gutter-30px vc_pageable-wrapper vc_hook_hover\" data-vc-pageable-content=\"true\"><div class=\"vc_pageable-slide-wrapper vc_clearfix\" data-vc-grid-content=\"true\"><div class=\"vc_grid-item vc_clearfix vc_col-sm-6\"><div class=\"vc_grid-item-mini vc_clearfix\"><div class=\"vc_gitem-animated-block  vc_gitem-animate vc_gitem-animate-slideInRight\"  data-vc-animation=\"slideInRight\"><div class=\"vc_gitem-zone vc_gitem-zone-a\" style=\"background-image: url('https:\/\/helloingles.agency\/wp-content\/uploads\/2026\/02\/Estudiar-ingles-y-trabajar-en-Malta-1024x650.jpg') !important;\"><img decoding=\"async\" class=\"vc_gitem-zone-img\" src=\"https:\/\/helloingles.agency\/wp-content\/uploads\/2026\/02\/Estudiar-ingles-y-trabajar-en-Malta-1024x650.jpg\" alt=\"Estudar ingl\u00eas e trabalhar em Malta\" loading=\"lazy\"><div class=\"vc_gitem-zone-mini\"><\/div><\/div><div class=\"vc_gitem-zone vc_gitem-zone-b vc_custom_1419328927507 vc-gitem-zone-height-mode-auto vc_gitem-is-link\"><a href=\"https:\/\/helloingles.agency\/pt\/estudiar-ingles-y-trabajar-en-malta\/\" title=\"Estudar ingl\u00eas e trabalhar em Malta\" class=\"vc_gitem-link vc-zone-link\" ><\/a><div class=\"vc_gitem-zone-mini\"><div class=\"vc_gitem_row vc_row vc_gitem-row-position-top\"><div class=\"vc_col-sm-12 vc_gitem-col vc_gitem-col-align-\"><div class=\"vc_custom_heading vc_gitem-post-data vc_gitem-post-data-source-post_title\" ><h4 style=\"text-align: left\" >Estudar ingl\u00eas e trabalhar em Malta<\/h4><\/div><div class=\"vc_separator wpb_content_element vc_separator_align_center vc_sep_width_50 vc_sep_border_width_2 vc_sep_pos_align_left vc_separator_no_text vc_sep_color_black wpb_content_element  wpb_content_element\" ><span class=\"vc_sep_holder vc_sep_holder_l\"><span class=\"vc_sep_line\"><\/span><\/span><span class=\"vc_sep_holder vc_sep_holder_r\"><span class=\"vc_sep_line\"><\/span><\/span>\n<\/div><div class=\"vc_custom_heading vc_gitem-post-data vc_gitem-post-data-source-post_excerpt\" ><p style=\"text-align: left\" ><p>Estude ingl\u00eas em Malta e tenha a chance de trabalhar legalmente enquanto desfruta de uma experi\u00eancia europeia.<\/p>\n<\/p><\/div><\/div><\/div><\/div><\/div><\/div><\/div><div class=\"vc_clearfix\"><\/div><\/div><div class=\"vc_grid-item vc_clearfix vc_col-sm-6\"><div class=\"vc_grid-item-mini vc_clearfix\"><div class=\"vc_gitem-animated-block  vc_gitem-animate vc_gitem-animate-slideInRight\"  data-vc-animation=\"slideInRight\"><div class=\"vc_gitem-zone vc_gitem-zone-a\" style=\"background-image: url('https:\/\/helloingles.agency\/wp-content\/uploads\/2026\/02\/Estudiar-ingles-en-Valletta-1024x650.jpg') !important;\"><img decoding=\"async\" class=\"vc_gitem-zone-img\" src=\"https:\/\/helloingles.agency\/wp-content\/uploads\/2026\/02\/Estudiar-ingles-en-Valletta-1024x650.jpg\" alt=\"Estudar ingl\u00eas em Valletta\" loading=\"lazy\"><div class=\"vc_gitem-zone-mini\"><\/div><\/div><div class=\"vc_gitem-zone vc_gitem-zone-b vc_custom_1419328927507 vc-gitem-zone-height-mode-auto vc_gitem-is-link\"><a href=\"https:\/\/helloingles.agency\/pt\/estudiar-ingles-en-valleta\/\" title=\"Estudar ingl\u00eas em Valleta\" class=\"vc_gitem-link vc-zone-link\" ><\/a><div class=\"vc_gitem-zone-mini\"><div class=\"vc_gitem_row vc_row vc_gitem-row-position-top\"><div class=\"vc_col-sm-12 vc_gitem-col vc_gitem-col-align-\"><div class=\"vc_custom_heading vc_gitem-post-data vc_gitem-post-data-source-post_title\" ><h4 style=\"text-align: left\" >Estudar ingl\u00eas em Valleta<\/h4><\/div><div class=\"vc_separator wpb_content_element vc_separator_align_center vc_sep_width_50 vc_sep_border_width_2 vc_sep_pos_align_left vc_separator_no_text vc_sep_color_black wpb_content_element  wpb_content_element\" ><span class=\"vc_sep_holder vc_sep_holder_l\"><span class=\"vc_sep_line\"><\/span><\/span><span class=\"vc_sep_holder vc_sep_holder_r\"><span class=\"vc_sep_line\"><\/span><\/span>\n<\/div><div class=\"vc_custom_heading vc_gitem-post-data vc_gitem-post-data-source-post_excerpt\" ><p style=\"text-align: left\" ><p>Estudar ingl\u00eas em Valletta \u00e9 uma experi\u00eancia cultural \u00fanica na capital hist\u00f3rica de Malta.<\/p>\n<\/p><\/div><\/div><\/div><\/div><\/div><\/div><\/div><div class=\"vc_clearfix\"><\/div><\/div><div class=\"vc_grid-item vc_clearfix vc_col-sm-6\"><div class=\"vc_grid-item-mini vc_clearfix\"><div class=\"vc_gitem-animated-block  vc_gitem-animate vc_gitem-animate-slideInRight\"  data-vc-animation=\"slideInRight\"><div class=\"vc_gitem-zone vc_gitem-zone-a\" style=\"background-image: url('https:\/\/helloingles.agency\/wp-content\/uploads\/2026\/02\/Estudiar-ingles-en-St.-Julians-1024x650.jpg') !important;\"><img decoding=\"async\" class=\"vc_gitem-zone-img\" src=\"https:\/\/helloingles.agency\/wp-content\/uploads\/2026\/02\/Estudiar-ingles-en-St.-Julians-1024x650.jpg\" alt=\"Estudar ingl\u00eas em St. Julian&#039;s\" loading=\"lazy\"><div class=\"vc_gitem-zone-mini\"><\/div><\/div><div class=\"vc_gitem-zone vc_gitem-zone-b vc_custom_1419328927507 vc-gitem-zone-height-mode-auto vc_gitem-is-link\"><a href=\"https:\/\/helloingles.agency\/pt\/estudiar-ingles-en-st-julians\/\" title=\"Estudar ingl\u00eas em St. Julian&#039;s\" class=\"vc_gitem-link vc-zone-link\" ><\/a><div class=\"vc_gitem-zone-mini\"><div class=\"vc_gitem_row vc_row vc_gitem-row-position-top\"><div class=\"vc_col-sm-12 vc_gitem-col vc_gitem-col-align-\"><div class=\"vc_custom_heading vc_gitem-post-data vc_gitem-post-data-source-post_title\" ><h4 style=\"text-align: left\" >Estudar ingl\u00eas em St. Julian's<\/h4><\/div><div class=\"vc_separator wpb_content_element vc_separator_align_center vc_sep_width_50 vc_sep_border_width_2 vc_sep_pos_align_left vc_separator_no_text vc_sep_color_black wpb_content_element  wpb_content_element\" ><span class=\"vc_sep_holder vc_sep_holder_l\"><span class=\"vc_sep_line\"><\/span><\/span><span class=\"vc_sep_holder vc_sep_holder_r\"><span class=\"vc_sep_line\"><\/span><\/span>\n<\/div><div class=\"vc_custom_heading vc_gitem-post-data vc_gitem-post-data-source-post_excerpt\" ><p style=\"text-align: left\" ><p>Estudar ingl\u00eas na St. Julian's significa aprender em um ambiente jovem, din\u00e2mico e \u00e0 beira-mar em Malta.<\/p>\n<\/p><\/div><\/div><\/div><\/div><\/div><\/div><\/div><div class=\"vc_clearfix\"><\/div><\/div><div class=\"vc_grid-item vc_clearfix vc_col-sm-6\"><div class=\"vc_grid-item-mini vc_clearfix\"><div class=\"vc_gitem-animated-block  vc_gitem-animate vc_gitem-animate-slideInRight\"  data-vc-animation=\"slideInRight\"><div class=\"vc_gitem-zone vc_gitem-zone-a\" style=\"background-image: url('https:\/\/helloingles.agency\/wp-content\/uploads\/2026\/02\/Estudiar-ingles-en-Sliema-1024x650.jpg') !important;\"><img decoding=\"async\" class=\"vc_gitem-zone-img\" src=\"https:\/\/helloingles.agency\/wp-content\/uploads\/2026\/02\/Estudiar-ingles-en-Sliema-1024x650.jpg\" alt=\"Estudar ingl\u00eas em Sliema\" loading=\"lazy\"><div class=\"vc_gitem-zone-mini\"><\/div><\/div><div class=\"vc_gitem-zone vc_gitem-zone-b vc_custom_1419328927507 vc-gitem-zone-height-mode-auto vc_gitem-is-link\"><a href=\"https:\/\/helloingles.agency\/pt\/estudiar-ingles-en-sliema\/\" title=\"Estudar ingl\u00eas em Sliema\" class=\"vc_gitem-link vc-zone-link\" ><\/a><div class=\"vc_gitem-zone-mini\"><div class=\"vc_gitem_row vc_row vc_gitem-row-position-top\"><div class=\"vc_col-sm-12 vc_gitem-col vc_gitem-col-align-\"><div class=\"vc_custom_heading vc_gitem-post-data vc_gitem-post-data-source-post_title\" ><h4 style=\"text-align: left\" >Estudar ingl\u00eas em Sliema<\/h4><\/div><div class=\"vc_separator wpb_content_element vc_separator_align_center vc_sep_width_50 vc_sep_border_width_2 vc_sep_pos_align_left vc_separator_no_text vc_sep_color_black wpb_content_element  wpb_content_element\" ><span class=\"vc_sep_holder vc_sep_holder_l\"><span class=\"vc_sep_line\"><\/span><\/span><span class=\"vc_sep_holder vc_sep_holder_r\"><span class=\"vc_sep_line\"><\/span><\/span>\n<\/div><div class=\"vc_custom_heading vc_gitem-post-data vc_gitem-post-data-source-post_excerpt\" ><p style=\"text-align: left\" ><p>Estudar ingl\u00eas em Sliema \u00e9 desfrutar de uma experi\u00eancia tranquila, confort\u00e1vel e \u00e0 beira-mar em Malta.<\/p>\n<\/p><\/div><\/div><\/div><\/div><\/div><\/div><\/div><div class=\"vc_clearfix\"><\/div><\/div><\/div><\/div>\n\t<\/div>\n<\/div><div class=\"vc_separator wpb_content_element vc_separator_align_center vc_sep_width_100 vc_sep_pos_align_center vc_separator_no_text vc_sep_color_grey wpb_content_element  wpb_content_element\" ><span class=\"vc_sep_holder vc_sep_holder_l\"><span class=\"vc_sep_line\"><\/span><\/span><span class=\"vc_sep_holder vc_sep_holder_r\"><span class=\"vc_sep_line\"><\/span><\/span>\n<\/div><section class=\"vc_cta3-container\"><div class=\"vc_general vc_do_cta3 vc_cta3 vc_cta3-style-custom vc_cta3-shape-rounded vc_cta3-align-left vc_cta3-icon-size-md vc_cta3-actions-right  wpb_animate_when_almost_visible wpb_bounceIn bounceIn\" style=\"background-color:#012169;\"><div class=\"vc_cta3_content-container\"><div class=\"vc_cta3-content\"><header class=\"vc_cta3-content-header\"><h2 style=\"color:#FFFFFF;\">Pronto para tomar a decis\u00e3o mais importante de sua vida?<\/h2><h4 style=\"color:#FFFFFF;\">Mergulhe de cabe\u00e7a e viva uma experi\u00eancia que mudar\u00e1 voc\u00ea.<\/h4><\/header><\/div><div class=\"vc_cta3-actions\"><div class=\"vc_btn3-container vc_btn3-center vc_do_btn\" ><a class=\"vc_general vc_btn3 vc_btn3-size-md vc_btn3-shape-rounded vc_btn3-style-modern vc_btn3-block vc_btn3-color-juicy-pink\" href=\"https:\/\/helloingles.agency\/pt\/#contact\" title=\"\">Comece agora<\/a><\/div><\/div><\/div><\/div><\/section><div class=\"vc_separator wpb_content_element vc_separator_align_center vc_sep_width_100 vc_sep_pos_align_center vc_separator_no_text vc_sep_color_grey wpb_content_element  wpb_content_element\" ><span class=\"vc_sep_holder vc_sep_holder_l\"><span class=\"vc_sep_line\"><\/span><\/span><span class=\"vc_sep_holder vc_sep_holder_r\"><span class=\"vc_sep_line\"><\/span><\/span>\n<\/div>\n<div class=\"vc_grid-container-wrapper vc_clearfix vc_grid-animation-fadeIn\">\n\t<div class=\"vc_grid-container vc_clearfix wpb_content_element vc_basic_grid\" data-initial-loading-animation=\"fadeIn\" data-vc-grid-settings=\"{&quot;page_id&quot;:70740,&quot;style&quot;:&quot;pagination&quot;,&quot;action&quot;:&quot;vc_get_vc_grid_data&quot;,&quot;shortcode_id&quot;:&quot;1770637822793-c8c3980f-beda-7&quot;,&quot;items_per_page&quot;:&quot;3&quot;,&quot;auto_play&quot;:false,&quot;gap&quot;:30,&quot;speed&quot;:-1000,&quot;loop&quot;:&quot;yes&quot;,&quot;animation_in&quot;:&quot;&quot;,&quot;animation_out&quot;:&quot;&quot;,&quot;arrows_design&quot;:&quot;vc_arrow-icon-arrow_04_left&quot;,&quot;arrows_color&quot;:&quot;blue&quot;,&quot;arrows_position&quot;:&quot;inside&quot;,&quot;paging_design&quot;:&quot;radio_dots&quot;,&quot;paging_color&quot;:&quot;juicy_pink&quot;,&quot;tag&quot;:&quot;vc_basic_grid&quot;}\" data-vc-request=\"https:\/\/helloingles.agency\/wp-admin\/admin-ajax.php\" data-vc-post-id=\"70740\" data-vc-public-nonce=\"be9c2a5764\">\n\t\t\n\t<\/div>\n<\/div><\/div><\/div><\/div><\/div>\n<\/div>","protected":false},"excerpt":{"rendered":"<p>Malta \u00e9 um destino ideal para estudar ingl\u00eas na Europa, com bom clima, escolas especializadas e uma experi\u00eancia internacional completa.<\/p>","protected":false},"author":1,"featured_media":70811,"parent":0,"menu_order":0,"comment_status":"closed","ping_status":"closed","template":"","meta":{"_seopress_robots_primary_cat":"","_seopress_titles_title":"%%sitetitle%% %%sep%% %%post_title%%","_seopress_titles_desc":"Estudiar ingl\u00e9s en Malta en un entorno europeo y mediterr\u00e1neo, con colegios de ingl\u00e9s reconocidos y cursos para todos los niveles.","_seopress_robots_index":"","footnotes":""},"categories":[102],"tags":[],"class_list":["post-70740","page","type-page","status-publish","has-post-thumbnail","hentry","category-destinos-para-estudiar-ingles"],"_links":{"self":[{"href":"https:\/\/helloingles.agency\/pt\/wp-json\/wp\/v2\/pages\/70740","targetHints":{"allow":["GET"]}}],"collection":[{"href":"https:\/\/helloingles.agency\/pt\/wp-json\/wp\/v2\/pages"}],"about":[{"href":"https:\/\/helloingles.agency\/pt\/wp-json\/wp\/v2\/types\/page"}],"author":[{"embeddable":true,"href":"https:\/\/helloingles.agency\/pt\/wp-json\/wp\/v2\/users\/1"}],"replies":[{"embeddable":true,"href":"https:\/\/helloingles.agency\/pt\/wp-json\/wp\/v2\/comments?post=70740"}],"version-history":[{"count":6,"href":"https:\/\/helloingles.agency\/pt\/wp-json\/wp\/v2\/pages\/70740\/revisions"}],"predecessor-version":[{"id":71160,"href":"https:\/\/helloingles.agency\/pt\/wp-json\/wp\/v2\/pages\/70740\/revisions\/71160"}],"wp:featuredmedia":[{"embeddable":true,"href":"https:\/\/helloingles.agency\/pt\/wp-json\/wp\/v2\/media\/70811"}],"wp:attachment":[{"href":"https:\/\/helloingles.agency\/pt\/wp-json\/wp\/v2\/media?parent=70740"}],"wp:term":[{"taxonomy":"category","embeddable":true,"href":"https:\/\/helloingles.agency\/pt\/wp-json\/wp\/v2\/categories?post=70740"},{"taxonomy":"post_tag","embeddable":true,"href":"https:\/\/helloingles.agency\/pt\/wp-json\/wp\/v2\/tags?post=70740"}],"curies":[{"name":"wp","href":"https:\/\/api.w.org\/{rel}","templated":true}]}}