{"id":70735,"date":"2026-01-30T13:17:31","date_gmt":"2026-01-30T16:17:31","guid":{"rendered":"https:\/\/helloingles.agency\/?page_id=70735"},"modified":"2026-02-09T12:47:46","modified_gmt":"2026-02-09T12:47:46","slug":"estudar-ingles-no-reino-unido","status":"publish","type":"page","link":"https:\/\/helloingles.agency\/pt\/estudiar-ingles-en-reino-unido\/","title":{"rendered":"Estudar ingl\u00eas no Reino Unido"},"content":{"rendered":"<div class=\"wpb-content-wrapper\"><div class=\"vc_row wpb_row vc_row-fluid\"><div class=\"wpb_column vc_column_container vc_col-sm-12\"><div class=\"vc_column-inner\"><div class=\"wpb_wrapper\">\n\t<div class=\"wpb_text_column wpb_content_element\" >\n\t\t<div class=\"wpb_wrapper\">\n\t\t\t<h1 style=\"text-align: justify;\">Estudar ingl\u00eas no Reino Unido<\/h1>\n<blockquote>\n<p style=\"text-align: justify;\">O Reino Unido \u00e9 um dos destinos mais tradicionais e prestigiados para estudar ingl\u00eas. Aprender o idioma em seu pa\u00eds de origem, com uma longa hist\u00f3ria educacional e uma enorme variedade de cidades e escolas, torna-o uma op\u00e7\u00e3o muito atraente para estudantes de todo o mundo.<\/p>\n<\/blockquote>\n<h2 style=\"text-align: justify;\">Por que estudar ingl\u00eas no UK?<\/h2>\n<p style=\"text-align: justify;\">Estudar ingl\u00eas no Reino Unido significa aprender ingl\u00eas em um ambiente aut\u00eantico, onde o ingl\u00eas \u00e9 usado em todas as \u00e1reas da vida di\u00e1ria. O pa\u00eds tem escolas de ingl\u00eas com d\u00e9cadas de experi\u00eancia, metodologias estabelecidas e programas que se concentram tanto na comunica\u00e7\u00e3o quanto no desenvolvimento acad\u00eamico. Al\u00e9m disso, o Reino Unido oferece uma rica experi\u00eancia cultural, com hist\u00f3ria, diversidade e uma atmosfera internacional animada.<\/p>\n<p style=\"text-align: justify;\" data-pm-slice=\"0 0 &#091;&#093;\"><strong>No Reino Unido, os cursos de ingl\u00eas para estrangeiros n\u00e3o permitem que voc\u00ea trabalhe legalmente. \u00c9 um destino voltado exclusivamente para o aprendizado de idiomas.<\/strong><\/p>\n<h3 style=\"text-align: justify;\">Cidades para estudar ingl\u00eas no Reino Unido<\/h3>\n<p style=\"text-align: justify;\">O Reino Unido oferece muitas cidades interessantes para estudar ingl\u00eas. Londres \u00e9 a escolha mais popular, com uma grande variedade de escolas de ingl\u00eas e uma vida cultural e social inigual\u00e1vel. Manchester e Liverpool s\u00e3o not\u00e1veis por sua atmosfera jovem e amig\u00e1vel aos estudantes. Bristol e Brighton s\u00e3o populares por sua qualidade de vida e proximidade com o mar, enquanto Oxford e Cambridge oferecem um ambiente acad\u00eamico \u00fanico e tradicional.<\/p>\n<h2 style=\"text-align: justify;\">Escolas de ingl\u00eas no Reino Unido<\/h2>\n<p style=\"text-align: justify;\">O Reino Unido tem escolas de ingl\u00eas reconhecidas internacionalmente, muitas delas credenciadas por \u00f3rg\u00e3os oficiais e com campi em v\u00e1rias cidades. Entre as mais importantes est\u00e3o:<\/p>\n<ul>\n<li style=\"text-align: justify;\">Kaplan International Languages UK, com escolas de ingl\u00eas em Londres, Manchester, Liverpool, Bristol e outras cidades.<\/li>\n<li style=\"text-align: justify;\">EC English UK, presente em Londres, Brighton, Bristol e Manchester, com uma abordagem moderna e comunicativa.<\/li>\n<li style=\"text-align: justify;\">St Giles International, uma das escolas mais tradicionais do pa\u00eds, com centros em Londres, Brighton e Cambridge.<\/li>\n<li style=\"text-align: justify;\">Kings Education UK, conhecida por seu foco acad\u00eamico e suas escolas em Londres, Oxford e Bournemouth.<\/li>\n<li style=\"text-align: justify;\">EF English Live UK, com campi em Londres e outras cidades, muito voltada para estudantes internacionais.<\/li>\n<\/ul>\n<h2 style=\"text-align: justify;\">Cursos de ingl\u00eas no Reino Unido e vistos de estudante<\/h2>\n<p style=\"text-align: justify;\">As escolas de ingl\u00eas no Reino Unido oferecem cursos em todos os n\u00edveis, desde ingl\u00eas geral at\u00e9 programas intensivos e de longo prazo.<br \/>\nPara estudar ingl\u00eas no Reino Unido, \u00e9 necess\u00e1rio solicitar um visto de estudante, dependendo da dura\u00e7\u00e3o do curso. \u00c9 importante observar que, na maioria dos casos, os cursos de ingl\u00eas n\u00e3o permitem que voc\u00ea trabalhe legalmente enquanto estuda, pois os programas de idiomas geralmente est\u00e3o fora das op\u00e7\u00f5es normais de visto de trabalho.<\/p>\n<h3 style=\"text-align: justify;\">Prepara\u00e7\u00e3o para exames de ingl\u00eas no Reino Unido<\/h3>\n<p style=\"text-align: justify;\">Muitas escolas de ingl\u00eas no Reino Unido oferecem programas de prepara\u00e7\u00e3o para exames oficiais. Esses cursos s\u00e3o projetados para melhorar as habilidades na l\u00edngua inglesa e familiarizar os alunos com o formato do exame, e s\u00e3o uma op\u00e7\u00e3o comum para fins acad\u00eamicos ou profissionais.<\/p>\n<blockquote>\n<p style=\"text-align: justify;\">Escolher o Reino Unido para estudar ingl\u00eas \u00e9 ideal se voc\u00ea estiver procurando uma educa\u00e7\u00e3o tradicional, uma variedade de cidades e uma imers\u00e3o total no idioma. A cidade e a escola certas depender\u00e3o de seu objetivo, seu or\u00e7amento e o tipo de experi\u00eancia que deseja ter.<\/p>\n<\/blockquote>\n\n\t\t<\/div>\n\t<\/div>\n\n<div class=\"vc_grid-container-wrapper vc_clearfix vc_grid-animation-fadeIn\">\n\t<div class=\"vc_grid-container vc_clearfix wpb_content_element vc_basic_grid\" data-initial-loading-animation=\"fadeIn\" data-vc-grid-settings=\"{&quot;page_id&quot;:70735,&quot;style&quot;:&quot;all&quot;,&quot;action&quot;:&quot;vc_get_vc_grid_data&quot;,&quot;shortcode_id&quot;:&quot;1770641255756-0f66f920-5b19-0&quot;,&quot;tag&quot;:&quot;vc_basic_grid&quot;}\" data-vc-request=\"https:\/\/helloingles.agency\/wp-admin\/admin-ajax.php\" data-vc-post-id=\"70735\" data-vc-public-nonce=\"be9c2a5764\">\n\t\t<style data-type=\"vc_shortcodes-custom-css\">.vc_custom_1419328927507{background-color: #f4f4f4 !important;}<\/style><div class=\"vc_grid vc_row vc_grid-gutter-30px vc_pageable-wrapper vc_hook_hover\" data-vc-pageable-content=\"true\"><div class=\"vc_pageable-slide-wrapper vc_clearfix\" data-vc-grid-content=\"true\"><div class=\"vc_grid-item vc_clearfix vc_col-sm-4\"><div class=\"vc_grid-item-mini vc_clearfix\"><div class=\"vc_gitem-animated-block  vc_gitem-animate vc_gitem-animate-slideInRight\"  data-vc-animation=\"slideInRight\"><div class=\"vc_gitem-zone vc_gitem-zone-a\" style=\"background-image: url('https:\/\/helloingles.agency\/wp-content\/uploads\/2026\/02\/Estudiar-ingles-en-Brighton-1024x650.jpg') !important;\"><img decoding=\"async\" class=\"vc_gitem-zone-img\" src=\"https:\/\/helloingles.agency\/wp-content\/uploads\/2026\/02\/Estudiar-ingles-en-Brighton-1024x650.jpg\" alt=\"Estudar ingl\u00eas em Brighton\" loading=\"lazy\"><div class=\"vc_gitem-zone-mini\"><\/div><\/div><div class=\"vc_gitem-zone vc_gitem-zone-b vc_custom_1419328927507 vc-gitem-zone-height-mode-auto vc_gitem-is-link\"><a href=\"https:\/\/helloingles.agency\/pt\/estudiar-ingles-en-brighton\/\" title=\"Estudar ingl\u00eas em Brighton\" class=\"vc_gitem-link vc-zone-link\" ><\/a><div class=\"vc_gitem-zone-mini\"><div class=\"vc_gitem_row vc_row vc_gitem-row-position-top\"><div class=\"vc_col-sm-12 vc_gitem-col vc_gitem-col-align-\"><div class=\"vc_custom_heading vc_gitem-post-data vc_gitem-post-data-source-post_title\" ><h4 style=\"text-align: left\" >Estudar ingl\u00eas em Brighton<\/h4><\/div><div class=\"vc_separator wpb_content_element vc_separator_align_center vc_sep_width_50 vc_sep_border_width_2 vc_sep_pos_align_left vc_separator_no_text vc_sep_color_black wpb_content_element  wpb_content_element\" ><span class=\"vc_sep_holder vc_sep_holder_l\"><span class=\"vc_sep_line\"><\/span><\/span><span class=\"vc_sep_holder vc_sep_holder_r\"><span class=\"vc_sep_line\"><\/span><\/span>\n<\/div><div class=\"vc_custom_heading vc_gitem-post-data vc_gitem-post-data-source-post_excerpt\" ><p style=\"text-align: left\" ><p>Estudar ingl\u00eas em Brighton \u00e9 uma experi\u00eancia litor\u00e2nea, criativa e amig\u00e1vel para os alunos.<\/p>\n<\/p><\/div><\/div><\/div><\/div><\/div><\/div><\/div><div class=\"vc_clearfix\"><\/div><\/div><div class=\"vc_grid-item vc_clearfix vc_col-sm-4\"><div class=\"vc_grid-item-mini vc_clearfix\"><div class=\"vc_gitem-animated-block  vc_gitem-animate vc_gitem-animate-slideInRight\"  data-vc-animation=\"slideInRight\"><div class=\"vc_gitem-zone vc_gitem-zone-a\" style=\"background-image: url('https:\/\/helloingles.agency\/wp-content\/uploads\/2026\/02\/Estudiar-ingles-en-Londres-1024x650.jpg') !important;\"><img decoding=\"async\" class=\"vc_gitem-zone-img\" src=\"https:\/\/helloingles.agency\/wp-content\/uploads\/2026\/02\/Estudiar-ingles-en-Londres-1024x650.jpg\" alt=\"Estudar ingl\u00eas em Londres\" loading=\"lazy\"><div class=\"vc_gitem-zone-mini\"><\/div><\/div><div class=\"vc_gitem-zone vc_gitem-zone-b vc_custom_1419328927507 vc-gitem-zone-height-mode-auto vc_gitem-is-link\"><a href=\"https:\/\/helloingles.agency\/pt\/estudiar-ingles-en-londres\/\" title=\"Estudar ingl\u00eas em Londres\" class=\"vc_gitem-link vc-zone-link\" ><\/a><div class=\"vc_gitem-zone-mini\"><div class=\"vc_gitem_row vc_row vc_gitem-row-position-top\"><div class=\"vc_col-sm-12 vc_gitem-col vc_gitem-col-align-\"><div class=\"vc_custom_heading vc_gitem-post-data vc_gitem-post-data-source-post_title\" ><h4 style=\"text-align: left\" >Estudar ingl\u00eas em Londres<\/h4><\/div><div class=\"vc_separator wpb_content_element vc_separator_align_center vc_sep_width_50 vc_sep_border_width_2 vc_sep_pos_align_left vc_separator_no_text vc_sep_color_black wpb_content_element  wpb_content_element\" ><span class=\"vc_sep_holder vc_sep_holder_l\"><span class=\"vc_sep_line\"><\/span><\/span><span class=\"vc_sep_holder vc_sep_holder_r\"><span class=\"vc_sep_line\"><\/span><\/span>\n<\/div><div class=\"vc_custom_heading vc_gitem-post-data vc_gitem-post-data-source-post_excerpt\" ><p style=\"text-align: left\" ><p>Estudar ingl\u00eas em Londres \u00e9 aprender em uma capital global, diversificada e cheia de oportunidades culturais.<\/p>\n<\/p><\/div><\/div><\/div><\/div><\/div><\/div><\/div><div class=\"vc_clearfix\"><\/div><\/div><div class=\"vc_grid-item vc_clearfix vc_col-sm-4\"><div class=\"vc_grid-item-mini vc_clearfix\"><div class=\"vc_gitem-animated-block  vc_gitem-animate vc_gitem-animate-slideInRight\"  data-vc-animation=\"slideInRight\"><div class=\"vc_gitem-zone vc_gitem-zone-a\" style=\"background-image: url('https:\/\/helloingles.agency\/wp-content\/uploads\/2026\/02\/Estudiar-ingles-en-Manchester-1024x650.jpg') !important;\"><img decoding=\"async\" class=\"vc_gitem-zone-img\" src=\"https:\/\/helloingles.agency\/wp-content\/uploads\/2026\/02\/Estudiar-ingles-en-Manchester-1024x650.jpg\" alt=\"Estudar ingl\u00eas em Manchester\" loading=\"lazy\"><div class=\"vc_gitem-zone-mini\"><\/div><\/div><div class=\"vc_gitem-zone vc_gitem-zone-b vc_custom_1419328927507 vc-gitem-zone-height-mode-auto vc_gitem-is-link\"><a href=\"https:\/\/helloingles.agency\/pt\/estudiar-ingles-en-manchester\/\" title=\"Estudar ingl\u00eas em Manchester\" class=\"vc_gitem-link vc-zone-link\" ><\/a><div class=\"vc_gitem-zone-mini\"><div class=\"vc_gitem_row vc_row vc_gitem-row-position-top\"><div class=\"vc_col-sm-12 vc_gitem-col vc_gitem-col-align-\"><div class=\"vc_custom_heading vc_gitem-post-data vc_gitem-post-data-source-post_title\" ><h4 style=\"text-align: left\" >Estudar ingl\u00eas em Manchester<\/h4><\/div><div class=\"vc_separator wpb_content_element vc_separator_align_center vc_sep_width_50 vc_sep_border_width_2 vc_sep_pos_align_left vc_separator_no_text vc_sep_color_black wpb_content_element  wpb_content_element\" ><span class=\"vc_sep_holder vc_sep_holder_l\"><span class=\"vc_sep_line\"><\/span><\/span><span class=\"vc_sep_holder vc_sep_holder_r\"><span class=\"vc_sep_line\"><\/span><\/span>\n<\/div><div class=\"vc_custom_heading vc_gitem-post-data vc_gitem-post-data-source-post_excerpt\" ><p style=\"text-align: left\" ><p>Estudar ingl\u00eas em Manchester \u00e9 uma experi\u00eancia urbana, jovem e cultural no Reino Unido.<\/p>\n<\/p><\/div><\/div><\/div><\/div><\/div><\/div><\/div><div class=\"vc_clearfix\"><\/div><\/div><\/div><\/div>\n\t<\/div>\n<\/div><div class=\"vc_separator wpb_content_element vc_separator_align_center vc_sep_width_100 vc_sep_pos_align_center vc_separator_no_text vc_sep_color_grey wpb_content_element  wpb_content_element\" ><span class=\"vc_sep_holder vc_sep_holder_l\"><span class=\"vc_sep_line\"><\/span><\/span><span class=\"vc_sep_holder vc_sep_holder_r\"><span class=\"vc_sep_line\"><\/span><\/span>\n<\/div><section class=\"vc_cta3-container\"><div class=\"vc_general vc_do_cta3 vc_cta3 vc_cta3-style-custom vc_cta3-shape-rounded vc_cta3-align-left vc_cta3-icon-size-md vc_cta3-actions-right  wpb_animate_when_almost_visible wpb_bounceIn bounceIn\" style=\"background-color:#012169;\"><div class=\"vc_cta3_content-container\"><div class=\"vc_cta3-content\"><header class=\"vc_cta3-content-header\"><h2 style=\"color:#FFFFFF;\">Pronto para tomar a decis\u00e3o mais importante de sua vida?<\/h2><h4 style=\"color:#FFFFFF;\">Mergulhe de cabe\u00e7a e viva uma experi\u00eancia que mudar\u00e1 voc\u00ea.<\/h4><\/header><\/div><div class=\"vc_cta3-actions\"><div class=\"vc_btn3-container vc_btn3-center vc_do_btn\" ><a class=\"vc_general vc_btn3 vc_btn3-size-md vc_btn3-shape-rounded vc_btn3-style-modern vc_btn3-block vc_btn3-color-juicy-pink\" href=\"https:\/\/helloingles.agency\/pt\/#contact\" title=\"\">Comece agora<\/a><\/div><\/div><\/div><\/div><\/section><div class=\"vc_separator wpb_content_element vc_separator_align_center vc_sep_width_100 vc_sep_pos_align_center vc_separator_no_text vc_sep_color_grey wpb_content_element  wpb_content_element\" ><span class=\"vc_sep_holder vc_sep_holder_l\"><span class=\"vc_sep_line\"><\/span><\/span><span class=\"vc_sep_holder vc_sep_holder_r\"><span class=\"vc_sep_line\"><\/span><\/span>\n<\/div>\n<div class=\"vc_grid-container-wrapper vc_clearfix vc_grid-animation-fadeIn\">\n\t<div class=\"vc_grid-container vc_clearfix wpb_content_element vc_basic_grid\" data-initial-loading-animation=\"fadeIn\" data-vc-grid-settings=\"{&quot;page_id&quot;:70735,&quot;style&quot;:&quot;pagination&quot;,&quot;action&quot;:&quot;vc_get_vc_grid_data&quot;,&quot;shortcode_id&quot;:&quot;1770641255757-ef991325-0566-4&quot;,&quot;items_per_page&quot;:&quot;3&quot;,&quot;auto_play&quot;:false,&quot;gap&quot;:30,&quot;speed&quot;:-1000,&quot;loop&quot;:&quot;yes&quot;,&quot;animation_in&quot;:&quot;&quot;,&quot;animation_out&quot;:&quot;&quot;,&quot;arrows_design&quot;:&quot;vc_arrow-icon-arrow_04_left&quot;,&quot;arrows_color&quot;:&quot;blue&quot;,&quot;arrows_position&quot;:&quot;inside&quot;,&quot;paging_design&quot;:&quot;radio_dots&quot;,&quot;paging_color&quot;:&quot;juicy_pink&quot;,&quot;tag&quot;:&quot;vc_basic_grid&quot;}\" data-vc-request=\"https:\/\/helloingles.agency\/wp-admin\/admin-ajax.php\" data-vc-post-id=\"70735\" data-vc-public-nonce=\"be9c2a5764\">\n\t\t\n\t<\/div>\n<\/div><\/div><\/div><\/div><\/div>\n<\/div>","protected":false},"excerpt":{"rendered":"<p>O Reino Unido \u00e9 um destino importante para estudar ingl\u00eas, com escolas hist\u00f3ricas, v\u00e1rias cidades e uma experi\u00eancia aut\u00eantica com o idioma.<\/p>","protected":false},"author":1,"featured_media":70815,"parent":0,"menu_order":0,"comment_status":"closed","ping_status":"closed","template":"","meta":{"_seopress_robots_primary_cat":"","_seopress_titles_title":"%%sitetitle%% %%sep%% %%post_title%%","_seopress_titles_desc":"Estudiar ingl\u00e9s en Reino Unido en ciudades como Londres u Oxford, con colegios de ingl\u00e9s reconocidos y cursos para todos los niveles.","_seopress_robots_index":"","footnotes":""},"categories":[102],"tags":[],"class_list":["post-70735","page","type-page","status-publish","has-post-thumbnail","hentry","category-destinos-para-estudiar-ingles"],"_links":{"self":[{"href":"https:\/\/helloingles.agency\/pt\/wp-json\/wp\/v2\/pages\/70735","targetHints":{"allow":["GET"]}}],"collection":[{"href":"https:\/\/helloingles.agency\/pt\/wp-json\/wp\/v2\/pages"}],"about":[{"href":"https:\/\/helloingles.agency\/pt\/wp-json\/wp\/v2\/types\/page"}],"author":[{"embeddable":true,"href":"https:\/\/helloingles.agency\/pt\/wp-json\/wp\/v2\/users\/1"}],"replies":[{"embeddable":true,"href":"https:\/\/helloingles.agency\/pt\/wp-json\/wp\/v2\/comments?post=70735"}],"version-history":[{"count":8,"href":"https:\/\/helloingles.agency\/pt\/wp-json\/wp\/v2\/pages\/70735\/revisions"}],"predecessor-version":[{"id":71201,"href":"https:\/\/helloingles.agency\/pt\/wp-json\/wp\/v2\/pages\/70735\/revisions\/71201"}],"wp:featuredmedia":[{"embeddable":true,"href":"https:\/\/helloingles.agency\/pt\/wp-json\/wp\/v2\/media\/70815"}],"wp:attachment":[{"href":"https:\/\/helloingles.agency\/pt\/wp-json\/wp\/v2\/media?parent=70735"}],"wp:term":[{"taxonomy":"category","embeddable":true,"href":"https:\/\/helloingles.agency\/pt\/wp-json\/wp\/v2\/categories?post=70735"},{"taxonomy":"post_tag","embeddable":true,"href":"https:\/\/helloingles.agency\/pt\/wp-json\/wp\/v2\/tags?post=70735"}],"curies":[{"name":"wp","href":"https:\/\/api.w.org\/{rel}","templated":true}]}}