{"id":70708,"date":"2026-01-29T12:03:23","date_gmt":"2026-01-29T15:03:23","guid":{"rendered":"https:\/\/helloingles.agency\/?page_id=70708"},"modified":"2026-01-29T12:03:23","modified_gmt":"2026-01-29T15:03:23","slug":"estudar-ingles-no-exterior-para-exames-de-emprego-e-oportunidades-reais","status":"publish","type":"page","link":"https:\/\/helloingles.agency\/pt\/estudiar-ingles-afuera-para-trabajo-examenes-y-oportunidades-reales\/","title":{"rendered":"Estudar ingl\u00eas no exterior para empregos, exames e oportunidades reais"},"content":{"rendered":"<div class=\"wpb-content-wrapper\"><div class=\"vc_row wpb_row vc_row-fluid\"><div class=\"wpb_column vc_column_container vc_col-sm-12\"><div class=\"vc_column-inner\"><div class=\"wpb_wrapper\">\n\t<div class=\"wpb_text_column wpb_content_element\" >\n\t\t<div class=\"wpb_wrapper\">\n\t\t\t<h1 style=\"text-align: justify;\">Estudar ingl\u00eas no exterior para empregos, exames e oportunidades reais<\/h1>\n<blockquote>\n<p style=\"text-align: justify;\">Chega um momento em que aprender ingl\u00eas deixa de ser uma \u201ctarefa\u201d e se torna uma decis\u00e3o estrat\u00e9gica. Se voc\u00ea deseja melhores oportunidades de emprego, estudar no exterior, fazer um exame ou simplesmente se comunicar com confian\u00e7a, estudar ingl\u00eas no exterior com um objetivo claro pode mudar tudo.<\/p>\n<\/blockquote>\n<h2 style=\"text-align: justify;\">O que \u00e9 um programa de ingl\u00eas para trabalho no exterior?<\/h2>\n<p style=\"text-align: justify;\">\u00c9 um plano de estudo voltado para resultados. Voc\u00ea n\u00e3o apenas aprimora sua gram\u00e1tica: voc\u00ea treina situa\u00e7\u00f5es da vida real, como reuni\u00f5es, apresenta\u00e7\u00f5es, e-mails profissionais e entrevistas. Dependendo da escola, voc\u00ea pode escolher:<\/p>\n<ul>\n<li style=\"text-align: justify;\">Ingl\u00eas para neg\u00f3cios no exterior<\/li>\n<li style=\"text-align: justify;\">Ingl\u00eas para entrevistas de emprego<\/li>\n<li style=\"text-align: justify;\">Ingl\u00eas para falar fluentemente em contextos profissionais<\/li>\n<\/ul>\n<h3 style=\"text-align: justify;\">Prepara\u00e7\u00e3o para exames: IELTS e Cambridge<\/h3>\n<p style=\"text-align: justify;\">Independentemente de sua meta ser acad\u00eamica ou migrat\u00f3ria, muitos alunos escolhem:<\/p>\n<ul>\n<li style=\"text-align: justify;\">Curso de ingl\u00eas IELTS no exterior<\/li>\n<li style=\"text-align: justify;\">Curso de ingl\u00eas de Cambridge no exterior<\/li>\n<\/ul>\n<p style=\"text-align: justify;\">Esses programas trabalham com a estrutura do exame, reda\u00e7\u00e3o, conversa\u00e7\u00e3o, estrat\u00e9gias e exerc\u00edcios.<\/p>\n<h2 style=\"text-align: justify;\">Para quem \u00e9 ideal?<\/h2>\n<ul>\n<li style=\"text-align: justify;\">profissionais que precisam de ingl\u00eas para crescer ou mudar de emprego<\/li>\n<li style=\"text-align: justify;\">estudantes que buscam certifica\u00e7\u00e3o internacional<\/li>\n<li style=\"text-align: justify;\">pessoas que desejam resultados mensur\u00e1veis (subir de n\u00edvel \/ fazer exames)<\/li>\n<li style=\"text-align: justify;\">aqueles que planejam estadias de m\u00e9dio a longo prazo com progress\u00e3o por n\u00edveis<\/li>\n<\/ul>\n<h3 style=\"text-align: justify;\">Seu plano completo (e requisitos se estiver estudando por mais de 90 dias)<\/h3>\n<p style=\"text-align: justify;\">Se voc\u00ea for ficar por um longo per\u00edodo de tempo, \u00e9 uma boa ideia verificar os requisitos para estudar ingl\u00eas no exterior e as op\u00e7\u00f5es de cursos de ingl\u00eas com visto de estudante (dependendo da nacionalidade e do destino). \u00c9 por isso que elaboramos seu plano com:<\/p>\n<ul>\n<li style=\"text-align: justify;\">intensidade adequada do curso<\/li>\n<li style=\"text-align: justify;\">DATAS DE IN\u00cdCIO<\/li>\n<li style=\"text-align: justify;\">acomoda\u00e7\u00e3o<\/li>\n<li style=\"text-align: justify;\">seguro e documenta\u00e7\u00e3o (se aplic\u00e1vel)<\/li>\n<\/ul>\n<blockquote>\n<p style=\"text-align: justify;\">Se o seu objetivo \u00e9 que o ingl\u00eas abra oportunidades reais para voc\u00ea, n\u00f3s o ajudaremos a escolher o destino e o programa certos. Diga-nos se voc\u00ea est\u00e1 procurando ingl\u00eas para trabalho, prepara\u00e7\u00e3o para o IELTS\/Cambridge ou um plano de longo prazo e n\u00f3s lhe enviaremos uma proposta para estudar ingl\u00eas no exterior.<\/p>\n<\/blockquote>\n\n\t\t<\/div>\n\t<\/div>\n<section class=\"vc_cta3-container\"><div class=\"vc_general vc_do_cta3 vc_cta3 vc_cta3-style-classic vc_cta3-shape-rounded vc_cta3-align-left vc_cta3-color-classic vc_cta3-icon-size-md vc_cta3-actions-right  wpb_animate_when_almost_visible wpb_bounceIn bounceIn\"><div class=\"vc_cta3_content-container\"><div class=\"vc_cta3-content\"><header class=\"vc_cta3-content-header\"><h2>O que est\u00e1 esperando para tomar a decis\u00e3o mais importante de sua vida e ter uma das melhores experi\u00eancias que j\u00e1 teve?<\/h2><\/header><\/div><div class=\"vc_cta3-actions\"><div class=\"vc_btn3-container vc_btn3-center vc_do_btn\" ><a class=\"vc_general vc_btn3 vc_btn3-size-md vc_btn3-shape-rounded vc_btn3-style-classic vc_btn3-block vc_btn3-color-danger\" href=\"https:\/\/viajaryestudiaringles.com.ar\/contacto\/\" title=\"\">ENTRE EM CONTATO CONOSCO!<\/a><\/div><\/div><\/div><\/div><\/section><\/div><\/div><\/div><\/div>\n<\/div>","protected":false},"excerpt":{"rendered":"<p>Se voc\u00ea est\u00e1 procurando crescer profissionalmente ou certificar seu n\u00edvel, estudar ingl\u00eas no exterior pode abrir oportunidades reais. Escolha cursos de ingl\u00eas no exterior com foco em trabalho ou prepara\u00e7\u00e3o para o IELTS\/Cambridge e siga em frente com um plano claro.<\/p>","protected":false},"author":1,"featured_media":70709,"parent":0,"menu_order":0,"comment_status":"closed","ping_status":"closed","template":"","meta":{"_seopress_robots_primary_cat":"","_seopress_titles_title":"%%sitetitle%% %%sep%% Estudiar ingl\u00e9s en el exterior","_seopress_titles_desc":"Estudiar ingl\u00e9s afuera impulsa tu carrera. Elige cursos de ingl\u00e9s en el extranjero con ingl\u00e9s para trabajo y preparaci\u00f3n IELTS\/Cambridge para lograr resultados.","_seopress_robots_index":"","footnotes":""},"categories":[],"tags":[],"class_list":["post-70708","page","type-page","status-publish","has-post-thumbnail","hentry"],"_links":{"self":[{"href":"https:\/\/helloingles.agency\/pt\/wp-json\/wp\/v2\/pages\/70708","targetHints":{"allow":["GET"]}}],"collection":[{"href":"https:\/\/helloingles.agency\/pt\/wp-json\/wp\/v2\/pages"}],"about":[{"href":"https:\/\/helloingles.agency\/pt\/wp-json\/wp\/v2\/types\/page"}],"author":[{"embeddable":true,"href":"https:\/\/helloingles.agency\/pt\/wp-json\/wp\/v2\/users\/1"}],"replies":[{"embeddable":true,"href":"https:\/\/helloingles.agency\/pt\/wp-json\/wp\/v2\/comments?post=70708"}],"version-history":[{"count":1,"href":"https:\/\/helloingles.agency\/pt\/wp-json\/wp\/v2\/pages\/70708\/revisions"}],"predecessor-version":[{"id":70710,"href":"https:\/\/helloingles.agency\/pt\/wp-json\/wp\/v2\/pages\/70708\/revisions\/70710"}],"wp:featuredmedia":[{"embeddable":true,"href":"https:\/\/helloingles.agency\/pt\/wp-json\/wp\/v2\/media\/70709"}],"wp:attachment":[{"href":"https:\/\/helloingles.agency\/pt\/wp-json\/wp\/v2\/media?parent=70708"}],"wp:term":[{"taxonomy":"category","embeddable":true,"href":"https:\/\/helloingles.agency\/pt\/wp-json\/wp\/v2\/categories?post=70708"},{"taxonomy":"post_tag","embeddable":true,"href":"https:\/\/helloingles.agency\/pt\/wp-json\/wp\/v2\/tags?post=70708"}],"curies":[{"name":"wp","href":"https:\/\/api.w.org\/{rel}","templated":true}]}}