{"id":70224,"date":"2021-12-23T09:13:14","date_gmt":"2021-12-23T12:13:14","guid":{"rendered":"https:\/\/viajaryestudiaringles.com.ar\/?page_id=70224"},"modified":"2026-02-09T10:15:58","modified_gmt":"2026-02-09T10:15:58","slug":"escuelas-de-ingles-en-galway","status":"publish","type":"page","link":"https:\/\/helloingles.agency\/pt\/escuelas-de-ingles-en-galway\/","title":{"rendered":"Estudar ingl\u00eas em Galway"},"content":{"rendered":"<div class=\"wpb-content-wrapper\"><div class=\"vc_row wpb_row vc_row-fluid\"><div class=\"wpb_column vc_column_container vc_col-sm-12\"><div class=\"vc_column-inner\"><div class=\"wpb_wrapper\">\n\t<div class=\"wpb_text_column wpb_content_element\" >\n\t\t<div class=\"wpb_wrapper\">\n\t\t\t<h1 style=\"text-align: justify;\">Estudar ingl\u00eas em Galway<\/h1>\n<blockquote>\n<p style=\"text-align: justify;\">Galway es creatividad, mar y cultura viva: un destino perfecto para aprender el idioma mientras disfrutas la Irlanda m\u00e1s aut\u00e9ntica.<\/p>\n<\/blockquote>\n<p style=\"text-align: justify;\">Galway es una ciudad costera ubicada al noroeste de Irlanda, famosa por su energ\u00eda art\u00edstica y su ambiente alegre. A lo largo del a\u00f1o, la ciudad se llena de festivales, m\u00fasica y espect\u00e1culos que atraen a estudiantes, viajeros y artistas de todo el mundo, creando un entorno ideal para practicar el idioma en situaciones reales.<\/p>\n<p style=\"text-align: justify;\">Estudiar ingl\u00e9s en Galway es sumergirte en la cultura irlandesa: amable, hospitalaria y llena de vida. Entre sus rincones m\u00e1s conocidos est\u00e1n el Arco Espa\u00f1ol, la Catedral de Nuestra Se\u00f1ora Asunta, Eyre Square y el Barrio Latino, donde todav\u00eda se conservan huellas de su historia medieval y sus inconfundibles casas de colores.<\/p>\n<h2 style=\"text-align: justify;\">Cursos de ingl\u00e9s en Galway<\/h2>\n<p style=\"text-align: justify;\">La ciudad combina un esp\u00edritu bohemio y cultural con un centro urbano din\u00e1mico, lleno de caf\u00e9s, pubs y calles adoquinadas que invitan a explorar sin prisa. Este estilo de vida hace que el aprendizaje sea natural: escuchas, hablas y te relacionas todos los d\u00edas, dentro y fuera del aula.<\/p>\n<h3 style=\"text-align: justify;\">Vivir y estudiar en Galway<\/h3>\n<p style=\"text-align: justify;\">Adem\u00e1s de su encanto urbano, Galway es un destino costero popular, con playas como Salthill y un paseo mar\u00edtimo largo y pintoresco. En los d\u00edas soleados, la ciudad se transforma: aparecen m\u00fasicos callejeros, artistas y un ambiente social perfecto para practicar ingl\u00e9s.<\/p>\n<p style=\"text-align: justify;\">Si te gusta la naturaleza, tambi\u00e9n es muy recomendable visitar lugares cercanos como la abad\u00eda de Kylemore, el castillo de Ashford y los paisajes del Parque Nacional de Connemara.<\/p>\n<blockquote>\n<p style=\"text-align: justify;\">Galway ofrece lo mejor de dos mundos: la esencia tradicional de Irlanda y una vida urbana moderna, vibrante y llena de oportunidades.<\/p>\n<\/blockquote>\n\n\t\t<\/div>\n\t<\/div>\n<section class=\"vc_cta3-container\"><div class=\"vc_general vc_do_cta3 vc_cta3 vc_cta3-style-custom vc_cta3-shape-rounded vc_cta3-align-left vc_cta3-icon-size-md vc_cta3-actions-right  wpb_animate_when_almost_visible wpb_bounceIn bounceIn\" style=\"background-color:#012169;\"><div class=\"vc_cta3_content-container\"><div class=\"vc_cta3-content\"><header class=\"vc_cta3-content-header\"><h2 style=\"color:#FFFFFF;\">Pronto para tomar a decis\u00e3o mais importante de sua vida?<\/h2><h4 style=\"color:#FFFFFF;\">Mergulhe de cabe\u00e7a e viva uma experi\u00eancia que mudar\u00e1 voc\u00ea.<\/h4><\/header><\/div><div class=\"vc_cta3-actions\"><div class=\"vc_btn3-container vc_btn3-center vc_do_btn\" ><a class=\"vc_general vc_btn3 vc_btn3-size-md vc_btn3-shape-rounded vc_btn3-style-modern vc_btn3-block vc_btn3-color-juicy-pink\" href=\"https:\/\/helloingles.agency\/pt\/#contact\" title=\"\">Comece agora<\/a><\/div><\/div><\/div><\/div><\/section><\/div><\/div><\/div><\/div>\n<\/div>","protected":false},"excerpt":{"rendered":"<p>Galway \u00e9 um dos destinos mais aut\u00eanticos para estudar ingl\u00eas na Irlanda. \u00c9 uma cidade vibrante, cultural e litor\u00e2nea, ideal para aprender o idioma enquanto aprecia sua m\u00fasica, seu povo e seu modo de vida \u00fanico.<\/p>","protected":false},"author":1,"featured_media":71101,"parent":0,"menu_order":0,"comment_status":"closed","ping_status":"closed","template":"","meta":{"_seopress_robots_primary_cat":"","_seopress_titles_title":"%%sitetitle%% %%sep%% %%post_title%%","_seopress_titles_desc":"Estudia ingl\u00e9s en Galway y vive la aut\u00e9ntica cultura irlandesa entre m\u00fasica, playas, historia y un ambiente joven, creativo y acogedor.","_seopress_robots_index":"","footnotes":""},"categories":[73],"tags":[],"class_list":["post-70224","page","type-page","status-publish","has-post-thumbnail","hentry","category-blog-sobre-irlanda"],"_links":{"self":[{"href":"https:\/\/helloingles.agency\/pt\/wp-json\/wp\/v2\/pages\/70224","targetHints":{"allow":["GET"]}}],"collection":[{"href":"https:\/\/helloingles.agency\/pt\/wp-json\/wp\/v2\/pages"}],"about":[{"href":"https:\/\/helloingles.agency\/pt\/wp-json\/wp\/v2\/types\/page"}],"author":[{"embeddable":true,"href":"https:\/\/helloingles.agency\/pt\/wp-json\/wp\/v2\/users\/1"}],"replies":[{"embeddable":true,"href":"https:\/\/helloingles.agency\/pt\/wp-json\/wp\/v2\/comments?post=70224"}],"version-history":[{"count":31,"href":"https:\/\/helloingles.agency\/pt\/wp-json\/wp\/v2\/pages\/70224\/revisions"}],"predecessor-version":[{"id":71102,"href":"https:\/\/helloingles.agency\/pt\/wp-json\/wp\/v2\/pages\/70224\/revisions\/71102"}],"wp:featuredmedia":[{"embeddable":true,"href":"https:\/\/helloingles.agency\/pt\/wp-json\/wp\/v2\/media\/71101"}],"wp:attachment":[{"href":"https:\/\/helloingles.agency\/pt\/wp-json\/wp\/v2\/media?parent=70224"}],"wp:term":[{"taxonomy":"category","embeddable":true,"href":"https:\/\/helloingles.agency\/pt\/wp-json\/wp\/v2\/categories?post=70224"},{"taxonomy":"post_tag","embeddable":true,"href":"https:\/\/helloingles.agency\/pt\/wp-json\/wp\/v2\/tags?post=70224"}],"curies":[{"name":"wp","href":"https:\/\/api.w.org\/{rel}","templated":true}]}}