{"id":70087,"date":"2021-12-21T12:24:59","date_gmt":"2021-12-21T15:24:59","guid":{"rendered":"https:\/\/viajaryestudiaringles.com.ar\/?page_id=70087"},"modified":"2026-02-09T10:24:17","modified_gmt":"2026-02-09T10:24:17","slug":"escuelas-de-ingles-en-cork","status":"publish","type":"page","link":"https:\/\/helloingles.agency\/pt\/escuelas-de-ingles-en-cork\/","title":{"rendered":"Estudar ingl\u00eas em Cork"},"content":{"rendered":"<div class=\"wpb-content-wrapper\"><div class=\"vc_row wpb_row vc_row-fluid\"><div class=\"wpb_column vc_column_container vc_col-sm-12\"><div class=\"vc_column-inner\"><div class=\"wpb_wrapper\">\n\t<div class=\"wpb_text_column wpb_content_element\" >\n\t\t<div class=\"wpb_wrapper\">\n\t\t\t<h1 style=\"text-align: justify;\">Estudiar ingles en Cork<\/h1>\n<blockquote><p>\nCork combina costa, cultura y gastronom\u00eda en un ambiente cercano: un destino ideal para aprender ingl\u00e9s viviendo Irlanda de verdad.\n<\/p><\/blockquote>\n<p style=\"text-align: justify;\">Una costa preciosa, comida deliciosa y un pueblo pintoresco. \u00bfEs Cork el mejor lugar del mundo? La gente de Cork tiene claro que s\u00ed. Este lugar animado y cosmopolita del suroeste de Irlanda inspira una devoci\u00f3n en sus habitantes que pocos otros lugares pueden igualar.<\/p>\n<p style=\"text-align: justify;\">Estudiar ingles en Cork es como un viaje a un lugar de cuento. Con una ubicaci\u00f3n imponente en una isla en mitad del r\u00edo Lee, Cork transmite energ\u00eda positiva gracias a sus cafeter\u00edas de moda, animadas galer\u00edas de arte, museos poco convencionales y excelentes pubs. Pese a ser una ciudad, da la sensaci\u00f3n de ser un pueblo; la vida es relajada y nada es demasiada molestia.<\/p>\n<h2 style=\"text-align: justify;\">Cursos de ingles en Cork<\/h2>\n<p style=\"text-align: justify;\">Cork tiene un sabor incre\u00edble: un mercado gastron\u00f3mico hist\u00f3rico, ricas tradiciones culinarias y chefs con visi\u00f3n de futuro colocan a la ciudad en la cima de la escena gastron\u00f3mica. Agradablemente compacta, cordial y con un sentido del humor mordaz, Cork hace las cosas a su manera, por lo que tu experiencia ser\u00e1 totalmente \u00fanica.<\/p>\n<h3 style=\"text-align: justify;\">Viajar a Irlanda a aprender ingles en Cork<\/h3>\n<p style=\"text-align: justify;\">Disfruta de un concierto en una hermosa iglesia reconvertida, explora una c\u00e1rcel del siglo XIX y ap\u00fantate a un recorrido repleto de sabores tradicionales en la meca gastron\u00f3mica del Mercado Ingl\u00e9s. Viajar a Irlanda a aprender ingles con uno de los cursos de ingles en Cork para adultos puede convertirse en una experiencia irrepetible.<\/p>\n<p style=\"text-align: justify;\">Si sales de la ciudad, descubrir\u00e1s relatos fascinantes sobre el Titanic, castillos rom\u00e1nticos y bonitas localidades costeras, todo a poca distancia.<\/p>\n<p style=\"text-align: justify;\">Un buen lugar para empezar a explorar es el encantador y colorido puerto de Cobh, ubicado en uno de los mejores puertos naturales del mundo. Aqu\u00ed hizo su \u00faltima escala el Titanic, un evento que conmemora la Titanic Experience Cobh.<\/p>\n<blockquote>\n<p style=\"text-align: justify;\">Cork es energ\u00eda relajada, cultura y mar: el lugar perfecto para aprender ingl\u00e9s con una experiencia diferente y aut\u00e9ntica.<\/p>\n<\/blockquote>\n\n\t\t<\/div>\n\t<\/div>\n<section class=\"vc_cta3-container\"><div class=\"vc_general vc_do_cta3 vc_cta3 vc_cta3-style-custom vc_cta3-shape-rounded vc_cta3-align-left vc_cta3-icon-size-md vc_cta3-actions-right  wpb_animate_when_almost_visible wpb_bounceIn bounceIn\" style=\"background-color:#012169;\"><div class=\"vc_cta3_content-container\"><div class=\"vc_cta3-content\"><header class=\"vc_cta3-content-header\"><h2 style=\"color:#FFFFFF;\">Pronto para tomar a decis\u00e3o mais importante de sua vida?<\/h2><h4 style=\"color:#FFFFFF;\">Mergulhe de cabe\u00e7a e viva uma experi\u00eancia que mudar\u00e1 voc\u00ea.<\/h4><\/header><\/div><div class=\"vc_cta3-actions\"><div class=\"vc_btn3-container vc_btn3-center vc_do_btn\" ><a class=\"vc_general vc_btn3 vc_btn3-size-md vc_btn3-shape-rounded vc_btn3-style-modern vc_btn3-block vc_btn3-color-juicy-pink\" href=\"https:\/\/helloingles.agency\/pt\/#contact\" title=\"\">Comece agora<\/a><\/div><\/div><\/div><\/div><\/section><\/div><\/div><\/div><\/div>\n<\/div>","protected":false},"excerpt":{"rendered":"<p>Estudar ingl\u00eas em Cork \u00e9 mergulhar em uma cidade litor\u00e2nea, criativa e gastron\u00f4mica, com uma atmosfera amig\u00e1vel e uma aut\u00eantica experi\u00eancia irlandesa.<\/p>","protected":false},"author":1,"featured_media":71105,"parent":0,"menu_order":0,"comment_status":"closed","ping_status":"closed","template":"","meta":{"_seopress_robots_primary_cat":"","_seopress_titles_title":"%%sitetitle%% %%sep%% %%post_title%%","_seopress_titles_desc":"Estudiar ingl\u00e9s en Cork es vivir una experiencia \u00fanica entre costa, gastronom\u00eda, cultura irlandesa y un ambiente relajado y aut\u00e9ntico.","_seopress_robots_index":"","footnotes":""},"categories":[73],"tags":[],"class_list":["post-70087","page","type-page","status-publish","has-post-thumbnail","hentry","category-blog-sobre-irlanda"],"_links":{"self":[{"href":"https:\/\/helloingles.agency\/pt\/wp-json\/wp\/v2\/pages\/70087","targetHints":{"allow":["GET"]}}],"collection":[{"href":"https:\/\/helloingles.agency\/pt\/wp-json\/wp\/v2\/pages"}],"about":[{"href":"https:\/\/helloingles.agency\/pt\/wp-json\/wp\/v2\/types\/page"}],"author":[{"embeddable":true,"href":"https:\/\/helloingles.agency\/pt\/wp-json\/wp\/v2\/users\/1"}],"replies":[{"embeddable":true,"href":"https:\/\/helloingles.agency\/pt\/wp-json\/wp\/v2\/comments?post=70087"}],"version-history":[{"count":30,"href":"https:\/\/helloingles.agency\/pt\/wp-json\/wp\/v2\/pages\/70087\/revisions"}],"predecessor-version":[{"id":71104,"href":"https:\/\/helloingles.agency\/pt\/wp-json\/wp\/v2\/pages\/70087\/revisions\/71104"}],"wp:featuredmedia":[{"embeddable":true,"href":"https:\/\/helloingles.agency\/pt\/wp-json\/wp\/v2\/media\/71105"}],"wp:attachment":[{"href":"https:\/\/helloingles.agency\/pt\/wp-json\/wp\/v2\/media?parent=70087"}],"wp:term":[{"taxonomy":"category","embeddable":true,"href":"https:\/\/helloingles.agency\/pt\/wp-json\/wp\/v2\/categories?post=70087"},{"taxonomy":"post_tag","embeddable":true,"href":"https:\/\/helloingles.agency\/pt\/wp-json\/wp\/v2\/tags?post=70087"}],"curies":[{"name":"wp","href":"https:\/\/api.w.org\/{rel}","templated":true}]}}