{"id":70084,"date":"2021-12-21T12:24:37","date_gmt":"2021-12-21T15:24:37","guid":{"rendered":"https:\/\/viajaryestudiaringles.com.ar\/?page_id=70084"},"modified":"2026-02-09T10:30:09","modified_gmt":"2026-02-09T10:30:09","slug":"escuelas-de-ingles-en-dublin","status":"publish","type":"page","link":"https:\/\/helloingles.agency\/pt\/escuelas-de-ingles-en-dublin\/","title":{"rendered":"Estudar ingl\u00eas em Dublin"},"content":{"rendered":"<div class=\"wpb-content-wrapper\"><div class=\"vc_row wpb_row vc_row-fluid\"><div class=\"wpb_column vc_column_container vc_col-sm-12\"><div class=\"vc_column-inner\"><div class=\"wpb_wrapper\">\n\t<div class=\"wpb_text_column wpb_content_element\" >\n\t\t<div class=\"wpb_wrapper\">\n\t\t\t<h1 style=\"text-align: justify;\">Estudiar ingles en Dublin<\/h1>\n<blockquote><p>\nDubl\u00edn combina historia, cultura y energ\u00eda joven en una capital vibrante, ideal para aprender ingl\u00e9s mientras viv\u00eds Irlanda al m\u00e1ximo.\n<\/p><\/blockquote>\n<p style=\"text-align: justify;\">Dubl\u00edn es la capital de Irlanda y una de las ciudades m\u00e1s pobladas del pa\u00eds. Esta incre\u00edble ciudad irlandesa ofrece a sus visitantes una enorme variedad de sitios hist\u00f3ricos, teatros y museos, ya que es el principal centro cultural y tur\u00edstico de Irlanda.<\/p>\n<p style=\"text-align: justify;\">Estudiar ingles en Dublin es una de las grandes ventajas de estudiar ingl\u00e9s en Irlanda. Es una ciudad segura, acogedora y con una excelente calidad de vida. Su ambiente es joven y vibrante, y es famosa por su cordialidad y su patrimonio cultural, literario y musical, lo que la convierte en una opci\u00f3n ideal para j\u00f3venes que desean aprender y descubrir.<\/p>\n<h2 style=\"text-align: justify;\">Cursos de ingles en Dublin<\/h2>\n<p style=\"text-align: justify;\">En Dubl\u00edn podr\u00e1s pasear por las orillas del r\u00edo Liffey, conocer el bohemio y concurrido\u00a0 barrio de Temple Bar, disfrutar de espect\u00e1culos callejeros en O\u2019Connell Street y Grafton Street, visitar parques verdes y descubrir la historia vikinga en el museo interactivo Dublinia.<\/p>\n<h3 style=\"text-align: justify;\">Viajar a Irlanda a aprender ingles en Dublin<\/h3>\n<p style=\"text-align: justify;\">Las calles de Dubl\u00edn mezclan pasado y presente de una forma \u00fanica. Desde sus ra\u00edces vikingas junto al r\u00edo Liffey hasta iglesias, castillos medievales y elegantes calles georgianas, pasear por la ciudad es sumergirse en siglos de historia que han inspirado a escritores, viajeros y movimientos culturales.<\/p>\n<p style=\"text-align: justify;\">Si realizas un curso de ingles en Dublin para adultos y quer\u00e9s aprovechar tu tiempo libre, pod\u00e9s visitar jardines urbanos como Fitzwilliam Square o relajarte en Iveagh Garden, un precioso espacio verde con cascada, bosque y estatuas de la mitolog\u00eda griega.<\/p>\n<p style=\"text-align: justify;\">Adem\u00e1s, aunque la ciudad es muy activa, est\u00e1 rodeada de monta\u00f1as y costa oce\u00e1nica que invitan a explorar m\u00e1s all\u00e1 del centro urbano.<\/p>\n<blockquote>\n<p style=\"text-align: justify;\">Dubl\u00edn es una ciudad que invita a quedarse: aprender ingl\u00e9s, vivir su historia y dejarse llevar por su energ\u00eda \u00fanica.<\/p>\n<\/blockquote>\n\n\t\t<\/div>\n\t<\/div>\n<section class=\"vc_cta3-container\"><div class=\"vc_general vc_do_cta3 vc_cta3 vc_cta3-style-custom vc_cta3-shape-rounded vc_cta3-align-left vc_cta3-icon-size-md vc_cta3-actions-right  wpb_animate_when_almost_visible wpb_bounceIn bounceIn\" style=\"background-color:#012169;\"><div class=\"vc_cta3_content-container\"><div class=\"vc_cta3-content\"><header class=\"vc_cta3-content-header\"><h2 style=\"color:#FFFFFF;\">Pronto para tomar a decis\u00e3o mais importante de sua vida?<\/h2><h4 style=\"color:#FFFFFF;\">Mergulhe de cabe\u00e7a e viva uma experi\u00eancia que mudar\u00e1 voc\u00ea.<\/h4><\/header><\/div><div class=\"vc_cta3-actions\"><div class=\"vc_btn3-container vc_btn3-center vc_do_btn\" ><a class=\"vc_general vc_btn3 vc_btn3-size-md vc_btn3-shape-rounded vc_btn3-style-modern vc_btn3-block vc_btn3-color-juicy-pink\" href=\"https:\/\/helloingles.agency\/pt\/#contact\" title=\"\">Comece agora<\/a><\/div><\/div><\/div><\/div><\/section><\/div><\/div><\/div><\/div>\n<\/div>","protected":false},"excerpt":{"rendered":"<p>Estudar ingl\u00eas em Dublin significa aprender ingl\u00eas em uma capital vibrante e cultural, cercada por hist\u00f3ria, natureza e uma atmosfera jovem e amig\u00e1vel.<\/p>","protected":false},"author":1,"featured_media":71109,"parent":0,"menu_order":0,"comment_status":"closed","ping_status":"closed","template":"","meta":{"_seopress_robots_primary_cat":"","_seopress_titles_title":"%%sitetitle%% %%sep%% %%post_title%%","_seopress_titles_desc":"Estudiar ingl\u00e9s en Dublin es vivir una experiencia \u00fanica en una capital vibrante, segura y cultural, con historia, naturaleza y vida joven.","_seopress_robots_index":"","footnotes":""},"categories":[73],"tags":[],"class_list":["post-70084","page","type-page","status-publish","has-post-thumbnail","hentry","category-blog-sobre-irlanda"],"_links":{"self":[{"href":"https:\/\/helloingles.agency\/pt\/wp-json\/wp\/v2\/pages\/70084","targetHints":{"allow":["GET"]}}],"collection":[{"href":"https:\/\/helloingles.agency\/pt\/wp-json\/wp\/v2\/pages"}],"about":[{"href":"https:\/\/helloingles.agency\/pt\/wp-json\/wp\/v2\/types\/page"}],"author":[{"embeddable":true,"href":"https:\/\/helloingles.agency\/pt\/wp-json\/wp\/v2\/users\/1"}],"replies":[{"embeddable":true,"href":"https:\/\/helloingles.agency\/pt\/wp-json\/wp\/v2\/comments?post=70084"}],"version-history":[{"count":34,"href":"https:\/\/helloingles.agency\/pt\/wp-json\/wp\/v2\/pages\/70084\/revisions"}],"predecessor-version":[{"id":71108,"href":"https:\/\/helloingles.agency\/pt\/wp-json\/wp\/v2\/pages\/70084\/revisions\/71108"}],"wp:featuredmedia":[{"embeddable":true,"href":"https:\/\/helloingles.agency\/pt\/wp-json\/wp\/v2\/media\/71109"}],"wp:attachment":[{"href":"https:\/\/helloingles.agency\/pt\/wp-json\/wp\/v2\/media?parent=70084"}],"wp:term":[{"taxonomy":"category","embeddable":true,"href":"https:\/\/helloingles.agency\/pt\/wp-json\/wp\/v2\/categories?post=70084"},{"taxonomy":"post_tag","embeddable":true,"href":"https:\/\/helloingles.agency\/pt\/wp-json\/wp\/v2\/tags?post=70084"}],"curies":[{"name":"wp","href":"https:\/\/api.w.org\/{rel}","templated":true}]}}