{"id":69331,"date":"2021-10-05T19:38:33","date_gmt":"2021-10-05T20:38:33","guid":{"rendered":"https:\/\/viajaryestudiaringles.com.ar\/?page_id=69331"},"modified":"2026-02-09T09:51:49","modified_gmt":"2026-02-09T09:51:49","slug":"programa-de-estudo-e-trabalho","status":"publish","type":"page","link":"https:\/\/helloingles.agency\/pt\/programa-estudia-y-trabaja\/","title":{"rendered":"Programa Estudar e Trabalhar na Irlanda"},"content":{"rendered":"<div class=\"wpb-content-wrapper\"><div class=\"vc_row wpb_row vc_row-fluid\"><div class=\"wpb_column vc_column_container vc_col-sm-12\"><div class=\"vc_column-inner\"><div class=\"wpb_wrapper\">\n\t<div class=\"wpb_text_column wpb_content_element\" >\n\t\t<div class=\"wpb_wrapper\">\n\t\t\t<h1 style=\"text-align: justify;\">Estudar e trabalhar na Irlanda<\/h1>\n<h2 style=\"text-align: justify;\">Programa do ano acad\u00eamico<\/h2>\n<blockquote>\n<p style=\"text-align: justify;\">A Irlanda \u00e9 o lugar ideal para aprimorar seu ingl\u00eas, ganhar experi\u00eancia de trabalho e vivenciar uma verdadeira aventura internacional. <span style=\"background-color: #ffffff; font-size: 0.9375rem;\">Aproveite a Irlanda combinando <\/span><strong style=\"background-color: #ffffff; font-size: 0.9375rem;\">estudar, trabalhar e se divertir<\/strong><span style=\"background-color: #ffffff; font-size: 0.9375rem;\"> em um pa\u00eds seguro, multicultural e com uma excelente qualidade de educa\u00e7\u00e3o.<\/span><\/p>\n<\/blockquote>\n<p style=\"text-align: justify;\">Esse programa de longo prazo (tamb\u00e9m conhecido como <strong>Programa do ano acad\u00eamico<\/strong>) \u00e9 destinado a pessoas com mais de 18 anos de idade que <strong>n\u00e3o possuir um passaporte da UE<\/strong>.<\/p>\n<p style=\"text-align: justify;\">O objetivo \u00e9 aprimorar seu ingl\u00eas <strong>entre 1 e 2 n\u00edveis<\/strong> durante toda a sua estadia e que voc\u00ea receber\u00e1 um <strong>certifica\u00e7\u00e3o reconhecida internacionalmente<\/strong>, enquanto voc\u00ea aproveita a oportunidade de trabalhar legalmente com a autoriza\u00e7\u00e3o correspondente.<\/p>\n<h2 style=\"text-align: justify;\">Programa de ano acad\u00eamico na Irlanda: requisitos e documenta\u00e7\u00e3o<\/h2>\n<p style=\"text-align: justify;\">Para participar, voc\u00ea normalmente precisar\u00e1:<\/p>\n<ul style=\"text-align: justify;\">\n<li><strong>Passaporte v\u00e1lido<\/strong><\/li>\n<li><strong>+18 anos de idade<\/strong> (sem idade m\u00e1xima)<\/li>\n<li><strong>Fundos suficientes<\/strong> para o pagamento do curso<\/li>\n<li><strong>Demonstra\u00e7\u00e3o de solv\u00eancia financeira<\/strong><\/li>\n<li><strong>Seguro de sa\u00fade<\/strong><\/li>\n<li><strong>Solicita\u00e7\u00e3o de um visto de estudante<\/strong> uma vez na Irlanda<\/li>\n<\/ul>\n<h3 style=\"text-align: justify;\">Visto de estudante para a Irlanda: trabalho legal e n\u00famero PPS<\/h3>\n<p style=\"text-align: justify;\">Sim, voc\u00ea poder\u00e1 trabalhar. Uma vez na Irlanda, voc\u00ea precisar\u00e1 concluir o processo de autoriza\u00e7\u00e3o relevante e processar seu <strong>N\u00famero do PPS<\/strong> (semelhante a um n\u00famero de identifica\u00e7\u00e3o fiscal). Com isso, voc\u00ea poder\u00e1 trabalhar legalmente <strong>20 horas por semana<\/strong> durante o curso e <strong>40 horas<\/strong> durante o per\u00edodo de licen\u00e7a, de acordo com as condi\u00e7\u00f5es de licen\u00e7a em vigor.<\/p>\n<h2 style=\"text-align: justify;\">Op\u00e7\u00f5es de curso: 15 ou 20 horas por semana<\/h2>\n<p style=\"text-align: justify;\">O <strong>Programa de 15 horas<\/strong> Oferece a voc\u00ea uma base s\u00f3lida em leitura, reda\u00e7\u00e3o, compreens\u00e3o auditiva e express\u00e3o oral, com um forte foco na <strong>comunica\u00e7\u00e3o<\/strong>. A maioria dos alunos faz o exame. <strong>Trinity ISE (Habilidades Integradas em Ingl\u00eas)<\/strong>,<br \/>\nPortanto, a prepara\u00e7\u00e3o \u00e9 frequentemente incorporada ao curr\u00edculo.<\/p>\n<p style=\"text-align: justify;\">H\u00e1 tamb\u00e9m a op\u00e7\u00e3o de fazer um <strong>Programa de prepara\u00e7\u00e3o para o IELTS com 12 semanas de dura\u00e7\u00e3o<\/strong> para fazer o teste IELTS. Os <strong>Programa de 20 horas<\/strong> inclui o conte\u00fado do curso de 15 horas e totaliza <strong>5 aulas opcionais<\/strong>, Isso pode incluir flu\u00eancia em conversa\u00e7\u00e3o, ingl\u00eas para neg\u00f3cios e prepara\u00e7\u00e3o para exames (dependendo da disponibilidade da escola).<\/p>\n<h2 style=\"text-align: justify;\">Dura\u00e7\u00e3o, cronograma e datas de in\u00edcio<\/h2>\n<p style=\"text-align: justify;\">Voc\u00ea estar\u00e1 na Irlanda aproximadamente <strong>8 meses<\/strong>, distribu\u00eddo em <strong>25 semanas de aulas<\/strong> y <strong>2 meses de f\u00e9rias<\/strong>. Voc\u00ea pode come\u00e7ar <strong>qualquer segunda-feira do ano<\/strong>, exceto feriados nacionais e o per\u00edodo de f\u00e9rias de fim de ano.<\/p>\n<h2 style=\"text-align: justify;\">N\u00edveis dispon\u00edveis e exame de conclus\u00e3o<\/h2>\n<p style=\"text-align: justify;\">H\u00e1 n\u00edveis a partir de <strong>A1 a C2<\/strong>. Se voc\u00ea estiver come\u00e7ando do zero, muitas escolas oferecem um curso de inicia\u00e7\u00e3o em <strong>A0 <\/strong>e, em alguns casos, aulas individuais para refor\u00e7o. Nos programas de ano acad\u00eamico, geralmente \u00e9 necess\u00e1rio um ano acad\u00eamico. <strong>exame oficial<\/strong> antes do final, como <strong>Trinity ISE<\/strong>. Outras op\u00e7\u00f5es poss\u00edveis incluem <strong>IELTS, FCE e CAE<\/strong>.<\/p>\n<blockquote>\n<p style=\"text-align: justify;\">Seu plano: estudar ingl\u00eas, ganhar experi\u00eancia e viver a Irlanda ao m\u00e1ximo com um programa criado para objetivos reais.<\/p>\n<\/blockquote>\n\n\t\t<\/div>\n\t<\/div>\n<section class=\"vc_cta3-container\"><div class=\"vc_general vc_do_cta3 vc_cta3 vc_cta3-style-custom vc_cta3-shape-rounded vc_cta3-align-left vc_cta3-icon-size-md vc_cta3-actions-right  wpb_animate_when_almost_visible wpb_bounceIn bounceIn\" style=\"background-color:#012169;\"><div class=\"vc_cta3_content-container\"><div class=\"vc_cta3-content\"><header class=\"vc_cta3-content-header\"><h2 style=\"color:#FFFFFF;\">Pronto para tomar a decis\u00e3o mais importante de sua vida?<\/h2><h4 style=\"color:#FFFFFF;\">Mergulhe de cabe\u00e7a e viva uma experi\u00eancia que mudar\u00e1 voc\u00ea.<\/h4><\/header><\/div><div class=\"vc_cta3-actions\"><div class=\"vc_btn3-container vc_btn3-center vc_do_btn\" ><a class=\"vc_general vc_btn3 vc_btn3-size-md vc_btn3-shape-rounded vc_btn3-style-modern vc_btn3-block vc_btn3-color-juicy-pink\" href=\"https:\/\/helloingles.agency\/pt\/#contact\" title=\"\">Comece agora<\/a><\/div><\/div><\/div><\/div><\/section><\/div><\/div><\/div><\/div>\n<\/div>","protected":false},"excerpt":{"rendered":"<p>Estude e trabalhe na Irlanda com um programa de um ano acad\u00eamico desenvolvido para maiores de 18 anos. Aprimore seu ingl\u00eas, obtenha certifica\u00e7\u00e3o internacional e trabalhe legalmente durante sua estada.<\/p>","protected":false},"author":1,"featured_media":71084,"parent":0,"menu_order":0,"comment_status":"closed","ping_status":"closed","template":"","meta":{"_seopress_robots_primary_cat":"","_seopress_titles_title":"%%sitetitle%% %%sep%% %%post_title%%","_seopress_titles_desc":"Estudia y trabaja en Irlanda con un programa de a\u00f1o acad\u00e9mico: cursos 15\/20h, requisitos, visa y opci\u00f3n de trabajo legal con PPS.","_seopress_robots_index":"","footnotes":""},"categories":[73],"tags":[],"class_list":["post-69331","page","type-page","status-publish","has-post-thumbnail","hentry","category-blog-sobre-irlanda"],"_links":{"self":[{"href":"https:\/\/helloingles.agency\/pt\/wp-json\/wp\/v2\/pages\/69331","targetHints":{"allow":["GET"]}}],"collection":[{"href":"https:\/\/helloingles.agency\/pt\/wp-json\/wp\/v2\/pages"}],"about":[{"href":"https:\/\/helloingles.agency\/pt\/wp-json\/wp\/v2\/types\/page"}],"author":[{"embeddable":true,"href":"https:\/\/helloingles.agency\/pt\/wp-json\/wp\/v2\/users\/1"}],"replies":[{"embeddable":true,"href":"https:\/\/helloingles.agency\/pt\/wp-json\/wp\/v2\/comments?post=69331"}],"version-history":[{"count":44,"href":"https:\/\/helloingles.agency\/pt\/wp-json\/wp\/v2\/pages\/69331\/revisions"}],"predecessor-version":[{"id":71089,"href":"https:\/\/helloingles.agency\/pt\/wp-json\/wp\/v2\/pages\/69331\/revisions\/71089"}],"wp:featuredmedia":[{"embeddable":true,"href":"https:\/\/helloingles.agency\/pt\/wp-json\/wp\/v2\/media\/71084"}],"wp:attachment":[{"href":"https:\/\/helloingles.agency\/pt\/wp-json\/wp\/v2\/media?parent=69331"}],"wp:term":[{"taxonomy":"category","embeddable":true,"href":"https:\/\/helloingles.agency\/pt\/wp-json\/wp\/v2\/categories?post=69331"},{"taxonomy":"post_tag","embeddable":true,"href":"https:\/\/helloingles.agency\/pt\/wp-json\/wp\/v2\/tags?post=69331"}],"curies":[{"name":"wp","href":"https:\/\/api.w.org\/{rel}","templated":true}]}}